{"id":6725,"date":"2019-06-23T17:27:22","date_gmt":"2019-06-23T23:27:22","guid":{"rendered":"https:\/\/www.comapanuevolaredo.gob.mx\/sitio\/?page_id=6725"},"modified":"2023-05-02T08:01:16","modified_gmt":"2023-05-02T14:01:16","slug":"bienes-disponibles-para-su-transformacion-inventarios","status":"publish","type":"page","link":"https:\/\/www.comapanuevolaredo.gob.mx\/sitio\/bienes-disponibles-para-su-transformacion-inventarios\/","title":{"rendered":"Bienes Disponibles para su Transformaci\u00f3n (Inventarios)"},"content":{"rendered":"<table class=\" aligncenter\" width=\"80%\">\n<tbody>\n<tr>\n<td><img loading=\"lazy\" decoding=\"async\" class=\"imgborder wp-image-2518 size-full alignleft\" src=\"https:\/\/www.comapanuevolaredo.gob.mx\/sitio\/wp-content\/uploads\/2018\/05\/d.png\" alt=\"\" width=\"80\" height=\"50\" \/>Bienes Disponibles para su Transformaci\u00f3n (Inventarios)<\/td>\n<\/tr>\n<tr>\n<td>\nA\u00f1o 2019<\/p>\n<li><a href=\"http:\/\/www.comapalocal.com\/nuevolaredo\/transparencia\/Archivos\/Finanzas\/2019\/1erTrim\/bienes_disp_para_transformacion.pdf\" target=\"_blank\" rel=\"noopener noreferrer\">1er Trim<\/a><\/li>\n<li><a href=\"http:\/\/www.comapalocal.com\/nuevolaredo\/transparencia\/Archivos\/Finanzas\/2019\/2doTrim\/F_7_I_4.pdf\" target=\"_blank\" rel=\"noopener noreferrer\">2do Trim<\/a><\/li>\n<li><a href=\"http:\/\/www.comapalocal.com\/nuevolaredo\/transparencia\/Archivos\/Finanzas\/2019\/3erTrim\/F_7_I_4.pdf\" target=\"_blank\" rel=\"noopener noreferrer\">3er Trim<\/a><\/li>\n<li><a href=\"http:\/\/www.comapalocal.com\/nuevolaredo\/transparencia\/Archivos\/Finanzas\/2019\/4toTrim\/F_7_I_4.pdf\" target=\"_blank\" rel=\"noopener noreferrer\">4to Trim<\/a><\/li>\n<\/tr>\n<tr>\n<td>\nA\u00f1o 2020<\/p>\n<li><a href=\"http:\/\/www.comapalocal.com\/nuevolaredo\/transparencia\/Archivos\/Finanzas\/2020\/1erTrim\/F_7_I_4.pdf\" target=\"_blank\" rel=\"noopener noreferrer\">1er Trim<\/a><\/li>\n<li><a href=\"http:\/\/www.comapalocal.com\/nuevolaredo\/transparencia\/Archivos\/Finanzas\/2020\/2doTrim\/F_7_I_4.pdf\" target=\"_blank\" rel=\"noopener noreferrer\">2do Trim<\/a><\/li>\n<li><a href=\"http:\/\/www.comapalocal.com\/nuevolaredo\/transparencia\/Archivos\/Finanzas\/2020\/3erTrim\/F_7_I_4.pdf\" target=\"_blank\" rel=\"noopener noreferrer\">3er Trim<\/a><\/li>\n<li><a href=\"http:\/\/www.comapalocal.com\/nuevolaredo\/transparencia\/Archivos\/Finanzas\/2020\/4toTrim\/F_7_I_4.pdf\" target=\"_blank\" rel=\"noopener noreferrer\">4to Trim<\/a><\/li>\n<\/tr>\n<tr>\n<td>\nA\u00f1o 2021<\/p>\n<li><a href=\"http:\/\/www.comapalocal.com\/nuevolaredo\/transparencia\/Archivos\/Finanzas\/2021\/1erTrim\/F_7_I_4.pdf\" target=\"_blank\" rel=\"noopener noreferrer\">1er Trim<\/a><\/li>\n<li><a href=\"http:\/\/www.comapalocal.com\/nuevolaredo\/transparencia\/Archivos\/Finanzas\/2021\/2doTrim\/F_7_I_4.pdf\" target=\"_blank\" rel=\"noopener noreferrer\">2do Trim<\/a><\/li>\n<li><a href=\"http:\/\/www.comapalocal.com\/nuevolaredo\/transparencia\/Archivos\/Finanzas\/2021\/3erTrim\/F_7_I_4.pdf\" target=\"_blank\" rel=\"noopener noreferrer\">3er Trim<\/a><\/li>\n<li><a href=\"http:\/\/www.comapalocal.com\/nuevolaredo\/transparencia\/Archivos\/Finanzas\/2021\/4toTrim\/F_7_I_4.pdf\" target=\"_blank\" rel=\"noopener noreferrer\">4to Trim<\/a><\/li>\n<\/td>\n<\/tr>\n<tr>\n<td>\nA\u00f1o 2022<\/p>\n<li><a href=\"http:\/\/www.comapalocal.com\/nuevolaredo\/transparencia\/Archivos\/Finanzas\/2022\/1erTrim\/F_7_I_4.pdf\" target=\"_blank\" rel=\"noopener noreferrer\">1er Trim<\/a><\/li>\n<li><a href=\"http:\/\/www.comapalocal.com\/nuevolaredo\/transparencia\/Archivos\/Finanzas\/2022\/2doTrim\/F_7_1_4.pdf\" target=\"_blank\" rel=\"noopener noreferrer\">2do Trim<\/a><\/li>\n<li><a href=\"http:\/\/www.comapalocal.com\/nuevolaredo\/transparencia\/Archivos\/Finanzas\/2022\/3erTrim\/F_7_I_4.pdf\" target=\"_blank\" rel=\"noopener noreferrer\">3er Trim<\/a><\/li>\n<li><a href=\"http:\/\/www.comapalocal.com\/nuevolaredo\/transparencia\/Archivos\/Finanzas\/2022\/4toTrim\/F_7_1_4.pdf\" target=\"_blank\" rel=\"noopener noreferrer\">4to Trim<\/a><\/li>\n<td>\n<\/tr>\n<tr>\n<td>\nA\u00f1o 2023<\/p>\n<li><a href=\"http:\/\/www.comapalocal.com\/nuevolaredo\/transparencia\/Archivos\/Finanzas\/2023\/1erTrim\/F_7_I_4.pdf\" target=\"_blank\" rel=\"noopener noreferrer\">1er Trim<\/a><\/li>\n<td>\n<\/tr>\n<tr>\n<td>\nA\u00f1o 2023<\/p>\n<li><a href=\"http:\/\/www.comapalocal.com\/nuevolaredo\/transparencia\/Archivos\/Finanzas\/2023\/1erTrim\/F_7_I_4.pdf\" target=\"_blank\" rel=\"noopener noreferrer\">1er Trim<\/a><\/li>\n<td>\n<\/tr>\n<\/tbody>\n<\/table>\n<p class='m-0'>Actualizaci\u00f3n 27\/10\/2022<\/p>\n<p>Nota: Si alg\u00fan link no es funcional, favor de reportarlo al correo transparencia@comapanuevolaredo.gob.mx<\/p>\n","protected":false},"excerpt":{"rendered":"<p>Bienes Disponibles para su Transformaci\u00f3n (Inventarios) A\u00f1o 2019 1er Trim 2do Trim 3er Trim 4to Trim A\u00f1o 2020 1er Trim 2do Trim 3er Trim 4to Trim A\u00f1o 2021 1er Trim 2do Trim 3er Trim 4to Trim A\u00f1o 2022 1er Trim 2do Trim 3er Trim 4to Trim A\u00f1o 2023 1er Trim A\u00f1o 2023 1er Trim Actualizaci\u00f3n [&hellip;]<\/p>\n","protected":false},"author":1,"featured_media":0,"parent":0,"menu_order":0,"comment_status":"closed","ping_status":"closed","template":"","meta":{"footnotes":""},"class_list":["post-6725","page","type-page","status-publish","hentry"],"yoast_head":"<!-- This site is optimized with the Yoast SEO plugin v27.3 - https:\/\/yoast.com\/product\/yoast-seo-wordpress\/ -->\r\n<title>Bienes Disponibles para su Transformaci\u00f3n (Inventarios) - Comapa Nuevo Laredo<\/title>\r\n<meta name=\"robots\" content=\"index, follow, max-snippet:-1, max-image-preview:large, max-video-preview:-1\" \/>\r\n<link rel=\"canonical\" href=\"https:\/\/www.comapanuevolaredo.gob.mx\/sitio\/bienes-disponibles-para-su-transformacion-inventarios\/\" \/>\r\n<meta property=\"og:locale\" content=\"es_ES\" \/>\r\n<meta property=\"og:type\" content=\"article\" \/>\r\n<meta property=\"og:title\" content=\"Bienes Disponibles para su Transformaci\u00f3n (Inventarios) - Comapa Nuevo Laredo\" \/>\r\n<meta property=\"og:description\" content=\"Bienes Disponibles para su Transformaci\u00f3n (Inventarios) A\u00f1o 2019 1er Trim 2do Trim 3er Trim 4to Trim A\u00f1o 2020 1er Trim 2do Trim 3er Trim 4to Trim A\u00f1o 2021 1er Trim 2do Trim 3er Trim 4to Trim A\u00f1o 2022 1er Trim 2do Trim 3er Trim 4to Trim A\u00f1o 2023 1er Trim A\u00f1o 2023 1er Trim Actualizaci\u00f3n [&hellip;]\" \/>\r\n<meta property=\"og:url\" content=\"https:\/\/www.comapanuevolaredo.gob.mx\/sitio\/bienes-disponibles-para-su-transformacion-inventarios\/\" \/>\r\n<meta property=\"og:site_name\" content=\"Comapa Nuevo Laredo\" \/>\r\n<meta property=\"article:publisher\" content=\"https:\/\/www.facebook.com\/comapa.nuevolaredo\/\" \/>\r\n<meta property=\"article:modified_time\" content=\"2023-05-02T14:01:16+00:00\" \/>\r\n<meta property=\"og:image\" content=\"https:\/\/www.comapanuevolaredo.gob.mx\/sitio\/wp-content\/uploads\/2018\/05\/d.png\" \/>\r\n<meta name=\"twitter:card\" content=\"summary_large_image\" \/>\r\n<meta name=\"twitter:site\" content=\"@ComapaNvoLaredo\" \/>\r\n<script type=\"application\/ld+json\" class=\"yoast-schema-graph\">{\"@context\":\"https:\\\/\\\/schema.org\",\"@graph\":[{\"@type\":\"WebPage\",\"@id\":\"https:\\\/\\\/www.comapanuevolaredo.gob.mx\\\/sitio\\\/bienes-disponibles-para-su-transformacion-inventarios\\\/\",\"url\":\"https:\\\/\\\/www.comapanuevolaredo.gob.mx\\\/sitio\\\/bienes-disponibles-para-su-transformacion-inventarios\\\/\",\"name\":\"Bienes Disponibles para su Transformaci\u00f3n (Inventarios) - Comapa Nuevo Laredo\",\"isPartOf\":{\"@id\":\"https:\\\/\\\/www.comapanuevolaredo.gob.mx\\\/sitio\\\/#website\"},\"primaryImageOfPage\":{\"@id\":\"https:\\\/\\\/www.comapanuevolaredo.gob.mx\\\/sitio\\\/bienes-disponibles-para-su-transformacion-inventarios\\\/#primaryimage\"},\"image\":{\"@id\":\"https:\\\/\\\/www.comapanuevolaredo.gob.mx\\\/sitio\\\/bienes-disponibles-para-su-transformacion-inventarios\\\/#primaryimage\"},\"thumbnailUrl\":\"https:\\\/\\\/www.comapanuevolaredo.gob.mx\\\/sitio\\\/wp-content\\\/uploads\\\/2018\\\/05\\\/d.png\",\"datePublished\":\"2019-06-23T23:27:22+00:00\",\"dateModified\":\"2023-05-02T14:01:16+00:00\",\"breadcrumb\":{\"@id\":\"https:\\\/\\\/www.comapanuevolaredo.gob.mx\\\/sitio\\\/bienes-disponibles-para-su-transformacion-inventarios\\\/#breadcrumb\"},\"inLanguage\":\"es\",\"potentialAction\":[{\"@type\":\"ReadAction\",\"target\":[\"https:\\\/\\\/www.comapanuevolaredo.gob.mx\\\/sitio\\\/bienes-disponibles-para-su-transformacion-inventarios\\\/\"]}]},{\"@type\":\"ImageObject\",\"inLanguage\":\"es\",\"@id\":\"https:\\\/\\\/www.comapanuevolaredo.gob.mx\\\/sitio\\\/bienes-disponibles-para-su-transformacion-inventarios\\\/#primaryimage\",\"url\":\"https:\\\/\\\/www.comapanuevolaredo.gob.mx\\\/sitio\\\/wp-content\\\/uploads\\\/2014\\\/10\\\/Organigrama2.png\",\"contentUrl\":\"https:\\\/\\\/www.comapanuevolaredo.gob.mx\\\/sitio\\\/wp-content\\\/uploads\\\/2014\\\/10\\\/Organigrama2.png\",\"width\":100,\"height\":100},{\"@type\":\"BreadcrumbList\",\"@id\":\"https:\\\/\\\/www.comapanuevolaredo.gob.mx\\\/sitio\\\/bienes-disponibles-para-su-transformacion-inventarios\\\/#breadcrumb\",\"itemListElement\":[{\"@type\":\"ListItem\",\"position\":1,\"name\":\"Home\",\"item\":\"https:\\\/\\\/www.comapanuevolaredo.gob.mx\\\/sitio\\\/\"},{\"@type\":\"ListItem\",\"position\":2,\"name\":\"Bienes Disponibles para su Transformaci\u00f3n (Inventarios)\"}]},{\"@type\":\"WebSite\",\"@id\":\"https:\\\/\\\/www.comapanuevolaredo.gob.mx\\\/sitio\\\/#website\",\"url\":\"https:\\\/\\\/www.comapanuevolaredo.gob.mx\\\/sitio\\\/\",\"name\":\"Comapa Nuevo Laredo\",\"description\":\"Servicio y distribuci\u00f3n de agua potable y drenaje, planta potabilizadora en NLD, a orillas del R\u00edo Bravo, en la Frontera Norte de Tamaulipas, M\u00e9xico\",\"publisher\":{\"@id\":\"https:\\\/\\\/www.comapanuevolaredo.gob.mx\\\/sitio\\\/#organization\"},\"potentialAction\":[{\"@type\":\"SearchAction\",\"target\":{\"@type\":\"EntryPoint\",\"urlTemplate\":\"https:\\\/\\\/www.comapanuevolaredo.gob.mx\\\/sitio\\\/?s={search_term_string}\"},\"query-input\":{\"@type\":\"PropertyValueSpecification\",\"valueRequired\":true,\"valueName\":\"search_term_string\"}}],\"inLanguage\":\"es\"},{\"@type\":\"Organization\",\"@id\":\"https:\\\/\\\/www.comapanuevolaredo.gob.mx\\\/sitio\\\/#organization\",\"name\":\"Comapa Nuevo Laredo\",\"url\":\"https:\\\/\\\/www.comapanuevolaredo.gob.mx\\\/sitio\\\/\",\"logo\":{\"@type\":\"ImageObject\",\"inLanguage\":\"es\",\"@id\":\"https:\\\/\\\/www.comapanuevolaredo.gob.mx\\\/sitio\\\/#\\\/schema\\\/logo\\\/image\\\/\",\"url\":\"https:\\\/\\\/www.comapanuevolaredo.gob.mx\\\/sitio\\\/wp-content\\\/uploads\\\/2025\\\/02\\\/cropped-512.jpg\",\"contentUrl\":\"https:\\\/\\\/www.comapanuevolaredo.gob.mx\\\/sitio\\\/wp-content\\\/uploads\\\/2025\\\/02\\\/cropped-512.jpg\",\"width\":512,\"height\":512,\"caption\":\"Comapa Nuevo Laredo\"},\"image\":{\"@id\":\"https:\\\/\\\/www.comapanuevolaredo.gob.mx\\\/sitio\\\/#\\\/schema\\\/logo\\\/image\\\/\"},\"sameAs\":[\"https:\\\/\\\/www.facebook.com\\\/comapa.nuevolaredo\\\/\",\"https:\\\/\\\/x.com\\\/ComapaNvoLaredo\",\"https:\\\/\\\/www.instagram.com\\\/comapanld\\\/\"]}]}<\/script>\r\n<!-- \/ Yoast SEO plugin. -->","yoast_head_json":{"title":"Bienes Disponibles para su Transformaci\u00f3n (Inventarios) - Comapa Nuevo Laredo","robots":{"index":"index","follow":"follow","max-snippet":"max-snippet:-1","max-image-preview":"max-image-preview:large","max-video-preview":"max-video-preview:-1"},"canonical":"https:\/\/www.comapanuevolaredo.gob.mx\/sitio\/bienes-disponibles-para-su-transformacion-inventarios\/","og_locale":"es_ES","og_type":"article","og_title":"Bienes Disponibles para su Transformaci\u00f3n (Inventarios) - Comapa Nuevo Laredo","og_description":"Bienes Disponibles para su Transformaci\u00f3n (Inventarios) A\u00f1o 2019 1er Trim 2do Trim 3er Trim 4to Trim A\u00f1o 2020 1er Trim 2do Trim 3er Trim 4to Trim A\u00f1o 2021 1er Trim 2do Trim 3er Trim 4to Trim A\u00f1o 2022 1er Trim 2do Trim 3er Trim 4to Trim A\u00f1o 2023 1er Trim A\u00f1o 2023 1er Trim Actualizaci\u00f3n [&hellip;]","og_url":"https:\/\/www.comapanuevolaredo.gob.mx\/sitio\/bienes-disponibles-para-su-transformacion-inventarios\/","og_site_name":"Comapa Nuevo Laredo","article_publisher":"https:\/\/www.facebook.com\/comapa.nuevolaredo\/","article_modified_time":"2023-05-02T14:01:16+00:00","og_image":[{"url":"https:\/\/www.comapanuevolaredo.gob.mx\/sitio\/wp-content\/uploads\/2018\/05\/d.png","type":"","width":"","height":""}],"twitter_card":"summary_large_image","twitter_site":"@ComapaNvoLaredo","schema":{"@context":"https:\/\/schema.org","@graph":[{"@type":"WebPage","@id":"https:\/\/www.comapanuevolaredo.gob.mx\/sitio\/bienes-disponibles-para-su-transformacion-inventarios\/","url":"https:\/\/www.comapanuevolaredo.gob.mx\/sitio\/bienes-disponibles-para-su-transformacion-inventarios\/","name":"Bienes Disponibles para su Transformaci\u00f3n (Inventarios) - Comapa Nuevo Laredo","isPartOf":{"@id":"https:\/\/www.comapanuevolaredo.gob.mx\/sitio\/#website"},"primaryImageOfPage":{"@id":"https:\/\/www.comapanuevolaredo.gob.mx\/sitio\/bienes-disponibles-para-su-transformacion-inventarios\/#primaryimage"},"image":{"@id":"https:\/\/www.comapanuevolaredo.gob.mx\/sitio\/bienes-disponibles-para-su-transformacion-inventarios\/#primaryimage"},"thumbnailUrl":"https:\/\/www.comapanuevolaredo.gob.mx\/sitio\/wp-content\/uploads\/2018\/05\/d.png","datePublished":"2019-06-23T23:27:22+00:00","dateModified":"2023-05-02T14:01:16+00:00","breadcrumb":{"@id":"https:\/\/www.comapanuevolaredo.gob.mx\/sitio\/bienes-disponibles-para-su-transformacion-inventarios\/#breadcrumb"},"inLanguage":"es","potentialAction":[{"@type":"ReadAction","target":["https:\/\/www.comapanuevolaredo.gob.mx\/sitio\/bienes-disponibles-para-su-transformacion-inventarios\/"]}]},{"@type":"ImageObject","inLanguage":"es","@id":"https:\/\/www.comapanuevolaredo.gob.mx\/sitio\/bienes-disponibles-para-su-transformacion-inventarios\/#primaryimage","url":"https:\/\/www.comapanuevolaredo.gob.mx\/sitio\/wp-content\/uploads\/2014\/10\/Organigrama2.png","contentUrl":"https:\/\/www.comapanuevolaredo.gob.mx\/sitio\/wp-content\/uploads\/2014\/10\/Organigrama2.png","width":100,"height":100},{"@type":"BreadcrumbList","@id":"https:\/\/www.comapanuevolaredo.gob.mx\/sitio\/bienes-disponibles-para-su-transformacion-inventarios\/#breadcrumb","itemListElement":[{"@type":"ListItem","position":1,"name":"Home","item":"https:\/\/www.comapanuevolaredo.gob.mx\/sitio\/"},{"@type":"ListItem","position":2,"name":"Bienes Disponibles para su Transformaci\u00f3n (Inventarios)"}]},{"@type":"WebSite","@id":"https:\/\/www.comapanuevolaredo.gob.mx\/sitio\/#website","url":"https:\/\/www.comapanuevolaredo.gob.mx\/sitio\/","name":"Comapa Nuevo Laredo","description":"Servicio y distribuci\u00f3n de agua potable y drenaje, planta potabilizadora en NLD, a orillas del R\u00edo Bravo, en la Frontera Norte de Tamaulipas, M\u00e9xico","publisher":{"@id":"https:\/\/www.comapanuevolaredo.gob.mx\/sitio\/#organization"},"potentialAction":[{"@type":"SearchAction","target":{"@type":"EntryPoint","urlTemplate":"https:\/\/www.comapanuevolaredo.gob.mx\/sitio\/?s={search_term_string}"},"query-input":{"@type":"PropertyValueSpecification","valueRequired":true,"valueName":"search_term_string"}}],"inLanguage":"es"},{"@type":"Organization","@id":"https:\/\/www.comapanuevolaredo.gob.mx\/sitio\/#organization","name":"Comapa Nuevo Laredo","url":"https:\/\/www.comapanuevolaredo.gob.mx\/sitio\/","logo":{"@type":"ImageObject","inLanguage":"es","@id":"https:\/\/www.comapanuevolaredo.gob.mx\/sitio\/#\/schema\/logo\/image\/","url":"https:\/\/www.comapanuevolaredo.gob.mx\/sitio\/wp-content\/uploads\/2025\/02\/cropped-512.jpg","contentUrl":"https:\/\/www.comapanuevolaredo.gob.mx\/sitio\/wp-content\/uploads\/2025\/02\/cropped-512.jpg","width":512,"height":512,"caption":"Comapa Nuevo Laredo"},"image":{"@id":"https:\/\/www.comapanuevolaredo.gob.mx\/sitio\/#\/schema\/logo\/image\/"},"sameAs":["https:\/\/www.facebook.com\/comapa.nuevolaredo\/","https:\/\/x.com\/ComapaNvoLaredo","https:\/\/www.instagram.com\/comapanld\/"]}]}},"_links":{"self":[{"href":"https:\/\/www.comapanuevolaredo.gob.mx\/sitio\/wp-json\/wp\/v2\/pages\/6725","targetHints":{"allow":["GET"]}}],"collection":[{"href":"https:\/\/www.comapanuevolaredo.gob.mx\/sitio\/wp-json\/wp\/v2\/pages"}],"about":[{"href":"https:\/\/www.comapanuevolaredo.gob.mx\/sitio\/wp-json\/wp\/v2\/types\/page"}],"author":[{"embeddable":true,"href":"https:\/\/www.comapanuevolaredo.gob.mx\/sitio\/wp-json\/wp\/v2\/users\/1"}],"replies":[{"embeddable":true,"href":"https:\/\/www.comapanuevolaredo.gob.mx\/sitio\/wp-json\/wp\/v2\/comments?post=6725"}],"version-history":[{"count":22,"href":"https:\/\/www.comapanuevolaredo.gob.mx\/sitio\/wp-json\/wp\/v2\/pages\/6725\/revisions"}],"predecessor-version":[{"id":12684,"href":"https:\/\/www.comapanuevolaredo.gob.mx\/sitio\/wp-json\/wp\/v2\/pages\/6725\/revisions\/12684"}],"wp:attachment":[{"href":"https:\/\/www.comapanuevolaredo.gob.mx\/sitio\/wp-json\/wp\/v2\/media?parent=6725"}],"curies":[{"name":"wp","href":"https:\/\/api.w.org\/{rel}","templated":true}]}}