{"id":64,"date":"2012-03-27T13:25:03","date_gmt":"2012-03-27T13:25:03","guid":{"rendered":"https:\/\/www.comapanuevolaredo.gob.mx\/sitio\/?page_id=64"},"modified":"2025-02-27T12:23:24","modified_gmt":"2025-02-27T18:23:24","slug":"que-es-cultura-del-agua","status":"publish","type":"page","link":"https:\/\/www.comapanuevolaredo.gob.mx\/sitio\/que-es-cultura-del-agua\/","title":{"rendered":"Que es cultura del agua?"},"content":{"rendered":"<p><img loading=\"lazy\" decoding=\"async\" class=\"alignnone wp-image-13204\" src=\"https:\/\/www.comapanuevolaredo.gob.mx\/sitio\/wp-content\/uploads\/2025\/02\/YOUTMesa-de-trabajo-20-250x300.png\" alt=\"\" width=\"893\" height=\"1072\" srcset=\"https:\/\/www.comapanuevolaredo.gob.mx\/sitio\/wp-content\/uploads\/2025\/02\/YOUTMesa-de-trabajo-20-250x300.png 250w, https:\/\/www.comapanuevolaredo.gob.mx\/sitio\/wp-content\/uploads\/2025\/02\/YOUTMesa-de-trabajo-20-853x1024.png 853w, https:\/\/www.comapanuevolaredo.gob.mx\/sitio\/wp-content\/uploads\/2025\/02\/YOUTMesa-de-trabajo-20-768x921.png 768w, https:\/\/www.comapanuevolaredo.gob.mx\/sitio\/wp-content\/uploads\/2025\/02\/YOUTMesa-de-trabajo-20-1280x1536.png 1280w, https:\/\/www.comapanuevolaredo.gob.mx\/sitio\/wp-content\/uploads\/2025\/02\/YOUTMesa-de-trabajo-20-1707x2048.png 1707w\" sizes=\"auto, (max-width: 893px) 100vw, 893px\" \/><\/p>\n","protected":false},"excerpt":{"rendered":"","protected":false},"author":1,"featured_media":13230,"parent":0,"menu_order":0,"comment_status":"closed","ping_status":"closed","template":"","meta":{"footnotes":""},"class_list":["post-64","page","type-page","status-publish","has-post-thumbnail","hentry"],"yoast_head":"<!-- This site is optimized with the Yoast SEO plugin v27.3 - https:\/\/yoast.com\/product\/yoast-seo-wordpress\/ -->\r\n<title>Que es cultura del agua? - Comapa Nuevo Laredo<\/title>\r\n<meta name=\"robots\" content=\"index, follow, max-snippet:-1, max-image-preview:large, max-video-preview:-1\" \/>\r\n<link rel=\"canonical\" href=\"https:\/\/www.comapanuevolaredo.gob.mx\/sitio\/que-es-cultura-del-agua\/\" \/>\r\n<meta property=\"og:locale\" content=\"es_ES\" \/>\r\n<meta property=\"og:type\" content=\"article\" \/>\r\n<meta property=\"og:title\" content=\"Que es cultura del agua? - Comapa Nuevo Laredo\" \/>\r\n<meta property=\"og:url\" content=\"https:\/\/www.comapanuevolaredo.gob.mx\/sitio\/que-es-cultura-del-agua\/\" \/>\r\n<meta property=\"og:site_name\" content=\"Comapa Nuevo Laredo\" \/>\r\n<meta property=\"article:publisher\" content=\"https:\/\/www.facebook.com\/comapa.nuevolaredo\/\" \/>\r\n<meta property=\"article:modified_time\" content=\"2025-02-27T18:23:24+00:00\" \/>\r\n<meta property=\"og:image\" content=\"https:\/\/www.comapanuevolaredo.gob.mx\/sitio\/wp-content\/uploads\/2025\/02\/Port-C-Agua-scaled.jpg\" \/>\r\n\t<meta property=\"og:image:width\" content=\"2560\" \/>\r\n\t<meta property=\"og:image:height\" content=\"1280\" \/>\r\n\t<meta property=\"og:image:type\" content=\"image\/jpeg\" \/>\r\n<meta name=\"twitter:card\" content=\"summary_large_image\" \/>\r\n<meta name=\"twitter:site\" content=\"@ComapaNvoLaredo\" \/>\r\n<script type=\"application\/ld+json\" class=\"yoast-schema-graph\">{\"@context\":\"https:\\\/\\\/schema.org\",\"@graph\":[{\"@type\":\"WebPage\",\"@id\":\"https:\\\/\\\/www.comapanuevolaredo.gob.mx\\\/sitio\\\/que-es-cultura-del-agua\\\/\",\"url\":\"https:\\\/\\\/www.comapanuevolaredo.gob.mx\\\/sitio\\\/que-es-cultura-del-agua\\\/\",\"name\":\"Que es cultura del agua? - Comapa Nuevo Laredo\",\"isPartOf\":{\"@id\":\"https:\\\/\\\/www.comapanuevolaredo.gob.mx\\\/sitio\\\/#website\"},\"primaryImageOfPage\":{\"@id\":\"https:\\\/\\\/www.comapanuevolaredo.gob.mx\\\/sitio\\\/que-es-cultura-del-agua\\\/#primaryimage\"},\"image\":{\"@id\":\"https:\\\/\\\/www.comapanuevolaredo.gob.mx\\\/sitio\\\/que-es-cultura-del-agua\\\/#primaryimage\"},\"thumbnailUrl\":\"https:\\\/\\\/www.comapanuevolaredo.gob.mx\\\/sitio\\\/wp-content\\\/uploads\\\/2025\\\/02\\\/Port-C-Agua-scaled.jpg\",\"datePublished\":\"2012-03-27T13:25:03+00:00\",\"dateModified\":\"2025-02-27T18:23:24+00:00\",\"breadcrumb\":{\"@id\":\"https:\\\/\\\/www.comapanuevolaredo.gob.mx\\\/sitio\\\/que-es-cultura-del-agua\\\/#breadcrumb\"},\"inLanguage\":\"es\",\"potentialAction\":[{\"@type\":\"ReadAction\",\"target\":[\"https:\\\/\\\/www.comapanuevolaredo.gob.mx\\\/sitio\\\/que-es-cultura-del-agua\\\/\"]}]},{\"@type\":\"ImageObject\",\"inLanguage\":\"es\",\"@id\":\"https:\\\/\\\/www.comapanuevolaredo.gob.mx\\\/sitio\\\/que-es-cultura-del-agua\\\/#primaryimage\",\"url\":\"https:\\\/\\\/www.comapanuevolaredo.gob.mx\\\/sitio\\\/wp-content\\\/uploads\\\/2025\\\/02\\\/Port-C-Agua-scaled.jpg\",\"contentUrl\":\"https:\\\/\\\/www.comapanuevolaredo.gob.mx\\\/sitio\\\/wp-content\\\/uploads\\\/2025\\\/02\\\/Port-C-Agua-scaled.jpg\",\"width\":2560,\"height\":1280},{\"@type\":\"BreadcrumbList\",\"@id\":\"https:\\\/\\\/www.comapanuevolaredo.gob.mx\\\/sitio\\\/que-es-cultura-del-agua\\\/#breadcrumb\",\"itemListElement\":[{\"@type\":\"ListItem\",\"position\":1,\"name\":\"Home\",\"item\":\"https:\\\/\\\/www.comapanuevolaredo.gob.mx\\\/sitio\\\/\"},{\"@type\":\"ListItem\",\"position\":2,\"name\":\"Que es cultura del agua?\"}]},{\"@type\":\"WebSite\",\"@id\":\"https:\\\/\\\/www.comapanuevolaredo.gob.mx\\\/sitio\\\/#website\",\"url\":\"https:\\\/\\\/www.comapanuevolaredo.gob.mx\\\/sitio\\\/\",\"name\":\"Comapa Nuevo Laredo\",\"description\":\"Servicio y distribuci\u00f3n de agua potable y drenaje, planta potabilizadora en NLD, a orillas del R\u00edo Bravo, en la Frontera Norte de Tamaulipas, M\u00e9xico\",\"publisher\":{\"@id\":\"https:\\\/\\\/www.comapanuevolaredo.gob.mx\\\/sitio\\\/#organization\"},\"potentialAction\":[{\"@type\":\"SearchAction\",\"target\":{\"@type\":\"EntryPoint\",\"urlTemplate\":\"https:\\\/\\\/www.comapanuevolaredo.gob.mx\\\/sitio\\\/?s={search_term_string}\"},\"query-input\":{\"@type\":\"PropertyValueSpecification\",\"valueRequired\":true,\"valueName\":\"search_term_string\"}}],\"inLanguage\":\"es\"},{\"@type\":\"Organization\",\"@id\":\"https:\\\/\\\/www.comapanuevolaredo.gob.mx\\\/sitio\\\/#organization\",\"name\":\"Comapa Nuevo Laredo\",\"url\":\"https:\\\/\\\/www.comapanuevolaredo.gob.mx\\\/sitio\\\/\",\"logo\":{\"@type\":\"ImageObject\",\"inLanguage\":\"es\",\"@id\":\"https:\\\/\\\/www.comapanuevolaredo.gob.mx\\\/sitio\\\/#\\\/schema\\\/logo\\\/image\\\/\",\"url\":\"https:\\\/\\\/www.comapanuevolaredo.gob.mx\\\/sitio\\\/wp-content\\\/uploads\\\/2025\\\/02\\\/cropped-512.jpg\",\"contentUrl\":\"https:\\\/\\\/www.comapanuevolaredo.gob.mx\\\/sitio\\\/wp-content\\\/uploads\\\/2025\\\/02\\\/cropped-512.jpg\",\"width\":512,\"height\":512,\"caption\":\"Comapa Nuevo Laredo\"},\"image\":{\"@id\":\"https:\\\/\\\/www.comapanuevolaredo.gob.mx\\\/sitio\\\/#\\\/schema\\\/logo\\\/image\\\/\"},\"sameAs\":[\"https:\\\/\\\/www.facebook.com\\\/comapa.nuevolaredo\\\/\",\"https:\\\/\\\/x.com\\\/ComapaNvoLaredo\",\"https:\\\/\\\/www.instagram.com\\\/comapanld\\\/\"]}]}<\/script>\r\n<!-- \/ Yoast SEO plugin. -->","yoast_head_json":{"title":"Que es cultura del agua? - Comapa Nuevo Laredo","robots":{"index":"index","follow":"follow","max-snippet":"max-snippet:-1","max-image-preview":"max-image-preview:large","max-video-preview":"max-video-preview:-1"},"canonical":"https:\/\/www.comapanuevolaredo.gob.mx\/sitio\/que-es-cultura-del-agua\/","og_locale":"es_ES","og_type":"article","og_title":"Que es cultura del agua? - Comapa Nuevo Laredo","og_url":"https:\/\/www.comapanuevolaredo.gob.mx\/sitio\/que-es-cultura-del-agua\/","og_site_name":"Comapa Nuevo Laredo","article_publisher":"https:\/\/www.facebook.com\/comapa.nuevolaredo\/","article_modified_time":"2025-02-27T18:23:24+00:00","og_image":[{"width":2560,"height":1280,"url":"https:\/\/www.comapanuevolaredo.gob.mx\/sitio\/wp-content\/uploads\/2025\/02\/Port-C-Agua-scaled.jpg","type":"image\/jpeg"}],"twitter_card":"summary_large_image","twitter_site":"@ComapaNvoLaredo","schema":{"@context":"https:\/\/schema.org","@graph":[{"@type":"WebPage","@id":"https:\/\/www.comapanuevolaredo.gob.mx\/sitio\/que-es-cultura-del-agua\/","url":"https:\/\/www.comapanuevolaredo.gob.mx\/sitio\/que-es-cultura-del-agua\/","name":"Que es cultura del agua? - Comapa Nuevo Laredo","isPartOf":{"@id":"https:\/\/www.comapanuevolaredo.gob.mx\/sitio\/#website"},"primaryImageOfPage":{"@id":"https:\/\/www.comapanuevolaredo.gob.mx\/sitio\/que-es-cultura-del-agua\/#primaryimage"},"image":{"@id":"https:\/\/www.comapanuevolaredo.gob.mx\/sitio\/que-es-cultura-del-agua\/#primaryimage"},"thumbnailUrl":"https:\/\/www.comapanuevolaredo.gob.mx\/sitio\/wp-content\/uploads\/2025\/02\/Port-C-Agua-scaled.jpg","datePublished":"2012-03-27T13:25:03+00:00","dateModified":"2025-02-27T18:23:24+00:00","breadcrumb":{"@id":"https:\/\/www.comapanuevolaredo.gob.mx\/sitio\/que-es-cultura-del-agua\/#breadcrumb"},"inLanguage":"es","potentialAction":[{"@type":"ReadAction","target":["https:\/\/www.comapanuevolaredo.gob.mx\/sitio\/que-es-cultura-del-agua\/"]}]},{"@type":"ImageObject","inLanguage":"es","@id":"https:\/\/www.comapanuevolaredo.gob.mx\/sitio\/que-es-cultura-del-agua\/#primaryimage","url":"https:\/\/www.comapanuevolaredo.gob.mx\/sitio\/wp-content\/uploads\/2025\/02\/Port-C-Agua-scaled.jpg","contentUrl":"https:\/\/www.comapanuevolaredo.gob.mx\/sitio\/wp-content\/uploads\/2025\/02\/Port-C-Agua-scaled.jpg","width":2560,"height":1280},{"@type":"BreadcrumbList","@id":"https:\/\/www.comapanuevolaredo.gob.mx\/sitio\/que-es-cultura-del-agua\/#breadcrumb","itemListElement":[{"@type":"ListItem","position":1,"name":"Home","item":"https:\/\/www.comapanuevolaredo.gob.mx\/sitio\/"},{"@type":"ListItem","position":2,"name":"Que es cultura del agua?"}]},{"@type":"WebSite","@id":"https:\/\/www.comapanuevolaredo.gob.mx\/sitio\/#website","url":"https:\/\/www.comapanuevolaredo.gob.mx\/sitio\/","name":"Comapa Nuevo Laredo","description":"Servicio y distribuci\u00f3n de agua potable y drenaje, planta potabilizadora en NLD, a orillas del R\u00edo Bravo, en la Frontera Norte de Tamaulipas, M\u00e9xico","publisher":{"@id":"https:\/\/www.comapanuevolaredo.gob.mx\/sitio\/#organization"},"potentialAction":[{"@type":"SearchAction","target":{"@type":"EntryPoint","urlTemplate":"https:\/\/www.comapanuevolaredo.gob.mx\/sitio\/?s={search_term_string}"},"query-input":{"@type":"PropertyValueSpecification","valueRequired":true,"valueName":"search_term_string"}}],"inLanguage":"es"},{"@type":"Organization","@id":"https:\/\/www.comapanuevolaredo.gob.mx\/sitio\/#organization","name":"Comapa Nuevo Laredo","url":"https:\/\/www.comapanuevolaredo.gob.mx\/sitio\/","logo":{"@type":"ImageObject","inLanguage":"es","@id":"https:\/\/www.comapanuevolaredo.gob.mx\/sitio\/#\/schema\/logo\/image\/","url":"https:\/\/www.comapanuevolaredo.gob.mx\/sitio\/wp-content\/uploads\/2025\/02\/cropped-512.jpg","contentUrl":"https:\/\/www.comapanuevolaredo.gob.mx\/sitio\/wp-content\/uploads\/2025\/02\/cropped-512.jpg","width":512,"height":512,"caption":"Comapa Nuevo Laredo"},"image":{"@id":"https:\/\/www.comapanuevolaredo.gob.mx\/sitio\/#\/schema\/logo\/image\/"},"sameAs":["https:\/\/www.facebook.com\/comapa.nuevolaredo\/","https:\/\/x.com\/ComapaNvoLaredo","https:\/\/www.instagram.com\/comapanld\/"]}]}},"_links":{"self":[{"href":"https:\/\/www.comapanuevolaredo.gob.mx\/sitio\/wp-json\/wp\/v2\/pages\/64","targetHints":{"allow":["GET"]}}],"collection":[{"href":"https:\/\/www.comapanuevolaredo.gob.mx\/sitio\/wp-json\/wp\/v2\/pages"}],"about":[{"href":"https:\/\/www.comapanuevolaredo.gob.mx\/sitio\/wp-json\/wp\/v2\/types\/page"}],"author":[{"embeddable":true,"href":"https:\/\/www.comapanuevolaredo.gob.mx\/sitio\/wp-json\/wp\/v2\/users\/1"}],"replies":[{"embeddable":true,"href":"https:\/\/www.comapanuevolaredo.gob.mx\/sitio\/wp-json\/wp\/v2\/comments?post=64"}],"version-history":[{"count":12,"href":"https:\/\/www.comapanuevolaredo.gob.mx\/sitio\/wp-json\/wp\/v2\/pages\/64\/revisions"}],"predecessor-version":[{"id":13396,"href":"https:\/\/www.comapanuevolaredo.gob.mx\/sitio\/wp-json\/wp\/v2\/pages\/64\/revisions\/13396"}],"wp:featuredmedia":[{"embeddable":true,"href":"https:\/\/www.comapanuevolaredo.gob.mx\/sitio\/wp-json\/wp\/v2\/media\/13230"}],"wp:attachment":[{"href":"https:\/\/www.comapanuevolaredo.gob.mx\/sitio\/wp-json\/wp\/v2\/media?parent=64"}],"curies":[{"name":"wp","href":"https:\/\/api.w.org\/{rel}","templated":true}]}}