{"id":6287,"date":"2019-03-29T12:38:44","date_gmt":"2019-03-29T18:38:44","guid":{"rendered":"https:\/\/www.comapanuevolaredo.gob.mx\/sitio\/?page_id=6287"},"modified":"2026-01-27T10:41:02","modified_gmt":"2026-01-27T16:41:02","slug":"estado-analitico-de-ingresos-detallado","status":"publish","type":"page","link":"https:\/\/www.comapanuevolaredo.gob.mx\/sitio\/estado-analitico-de-ingresos-detallado\/","title":{"rendered":"Estado Anal\u00edtico de Ingresos Detallado"},"content":{"rendered":"<table>\n<tbody>\n<tr>\n<td><img loading=\"lazy\" decoding=\"async\" class=\"imgborder wp-image-2518 size-full alignleft\" src=\"https:\/\/www.comapanuevolaredo.gob.mx\/sitio\/wp-content\/uploads\/2018\/05\/e.png\" alt=\"\" width=\"80\" height=\"50\" \/>Estado Anal\u00edtico de Ingresos Detallado<\/td>\n<\/tr>\n<tr>\n<td>A\u00f1o 2018<\/p>\n<ul>\n<li><a href=\"http:\/\/www.comapalocal.com\/nuevolaredo\/transparencia\/Archivos\/Finanzas\/2018\/4toTrim\/Edo_analitico_ing_detallado.pdf\" target=\"_blank\" rel=\"noopener noreferrer\">4to Trim<\/a><\/li>\n<\/ul>\n<\/td>\n<\/tr>\n<tr>\n<td>A\u00f1o 2019<\/p>\n<ul>\n<li><a href=\"http:\/\/www.comapalocal.com\/nuevolaredo\/transparencia\/Archivos\/Finanzas\/2019\/1erTrim\/LDF_Edo_Ana_Ing_Detallado.pdf\" target=\"_blank\" rel=\"noopener noreferrer\">1er Trim<\/a><\/li>\n<li><a href=\"http:\/\/www.comapalocal.com\/nuevolaredo\/transparencia\/Archivos\/Finanzas\/2019\/2doTrim\/LDF_5.pdf\" target=\"_blank\" rel=\"noopener noreferrer\">2do Trim<\/a><\/li>\n<li><a href=\"http:\/\/www.comapalocal.com\/nuevolaredo\/transparencia\/Archivos\/Finanzas\/2019\/4toTrim\/LDF_5.pdf\" target=\"_blank\" rel=\"noopener noreferrer\">3er Trim<\/a><\/li>\n<li><a href=\"http:\/\/www.comapalocal.com\/nuevolaredo\/transparencia\/Archivos\/Finanzas\/2019\/4toTrim\/LDF_5.pdf\" target=\"_blank\" rel=\"noopener noreferrer\">4to Trim<\/a><\/li>\n<\/ul>\n<\/td>\n<\/tr>\n<tr>\n<td>A\u00f1o 2020<\/p>\n<ul>\n<li><a href=\"http:\/\/www.comapalocal.com\/nuevolaredo\/transparencia\/Archivos\/Finanzas\/2020\/1erTrim\/LDF_5.pdf\" target=\"_blank\" rel=\"noopener noreferrer\">1er Trim<\/a><\/li>\n<li><a href=\"http:\/\/www.comapalocal.com\/nuevolaredo\/transparencia\/Archivos\/Finanzas\/2020\/2doTrim\/LDF_5.pdf\" target=\"_blank\" rel=\"noopener noreferrer\">2do Trim<\/a><\/li>\n<li><a href=\"http:\/\/www.comapalocal.com\/nuevolaredo\/transparencia\/Archivos\/Finanzas\/2020\/3erTrim\/LDF_5.pdf\" target=\"_blank\" rel=\"noopener noreferrer\">3er Trim<\/a><\/li>\n<li><a href=\"http:\/\/www.comapalocal.com\/nuevolaredo\/transparencia\/Archivos\/Finanzas\/2020\/4toTrim\/LDF_5.pdf\" target=\"_blank\" rel=\"noopener noreferrer\">4to Trim<\/a><\/li>\n<\/ul>\n<\/td>\n<\/tr>\n<tr>\n<td>A\u00f1o 2021<\/p>\n<ul>\n<li><a href=\"http:\/\/www.comapalocal.com\/nuevolaredo\/transparencia\/Archivos\/Finanzas\/2021\/1erTrim\/LDF_5.pdf\" target=\"_blank\" rel=\"noopener noreferrer\">1er Trim<\/a><\/li>\n<li><a href=\"http:\/\/www.comapalocal.com\/nuevolaredo\/transparencia\/Archivos\/Finanzas\/2021\/2doTrim\/LDF_5.pdf\" target=\"_blank\" rel=\"noopener noreferrer\">2do Trim<\/a><\/li>\n<li><a href=\"http:\/\/www.comapalocal.com\/nuevolaredo\/transparencia\/Archivos\/Finanzas\/2021\/3erTrim\/LDF_5.pdf\" target=\"_blank\" rel=\"noopener noreferrer\">3er Trim<\/a><\/li>\n<li><a href=\"http:\/\/www.comapalocal.com\/nuevolaredo\/transparencia\/Archivos\/Finanzas\/2021\/4toTrim\/LDF_5.pdf\" target=\"_blank\" rel=\"noopener noreferrer\">4to Trim<\/a><\/li>\n<\/ul>\n<\/td>\n<\/tr>\n<tr>\n<td>A\u00f1o 2022<\/p>\n<ul>\n<li><a href=\"http:\/\/www.comapalocal.com\/nuevolaredo\/transparencia\/Archivos\/Finanzas\/2022\/1erTrim\/LDF_5.pdf\" target=\"_blank\" rel=\"noopener noreferrer\">1er Trim<\/a><\/li>\n<li><a href=\"http:\/\/www.comapalocal.com\/nuevolaredo\/transparencia\/Archivos\/Finanzas\/2022\/2doTrim\/LDF_5.pdf\" target=\"_blank\" rel=\"noopener noreferrer\">2do Trim<\/a><\/li>\n<li><a href=\"http:\/\/www.comapalocal.com\/nuevolaredo\/transparencia\/Archivos\/Finanzas\/2022\/3erTrim\/LDF_5.pdf\" target=\"_blank\" rel=\"noopener noreferrer\">3er Trim<\/a><\/li>\n<li><a href=\"http:\/\/www.comapalocal.com\/nuevolaredo\/transparencia\/Archivos\/Finanzas\/2022\/4toTrim\/LDF_5.pdf\" target=\"_blank\" rel=\"noopener noreferrer\">4to Trim<\/a><\/li>\n<\/ul>\n<\/td>\n<\/tr>\n<tr>\n<td>A\u00f1o 2023<\/p>\n<ul>\n<li><a href=\"http:\/\/www.comapalocal.com\/nuevolaredo\/transparencia\/Archivos\/Finanzas\/2023\/2doTrim\/LDF_5.pdf\" target=\"_blank\" rel=\"noopener noreferrer\">1er Trim<\/a><\/li>\n<li><a href=\"http:\/\/www.comapalocal.com\/nuevolaredo\/transparencia\/Archivos\/Finanzas\/2023\/1erTrim\/LDF_5.pdf\" target=\"_blank\" rel=\"noopener noreferrer\">2do Trim<\/a><\/li>\n<li><a href=\"http:\/\/www.comapalocal.com\/nuevolaredo\/transparencia\/Archivos\/Finanzas\/2023\/3erTrim\/LDF_5.pdf\" target=\"_blank\" rel=\"noopener noreferrer\">3er Trim<\/a><\/li>\n<li><a href=\"http:\/\/www.comapalocal.com\/nuevolaredo\/transparencia\/Archivos\/Finanzas\/2023\/4toTrim\/LDF_5.pdf\" target=\"_blank\" rel=\"noopener noreferrer\">4to Trim<\/a><\/li>\n<\/ul>\n<\/td>\n<\/tr>\n<tr>\n<td>A\u00f1o 2024<\/p>\n<ul>\n<li><a href=\"http:\/\/www.comapalocal.com\/nuevolaredo\/transparencia\/Archivos\/Finanzas\/2024\/1erTrim\/LDF_5.pdf\" target=\"_blank\" rel=\"noopener noreferrer\">1er Trim<\/a><\/li>\n<li><a href=\"http:\/\/www.comapalocal.com\/nuevolaredo\/transparencia\/Archivos\/Finanzas\/2024\/2doTrim\/LDF_5.pdf\" target=\"_blank\" rel=\"noopener noreferrer\">2do Trim<\/a><\/li>\n<li><a href=\"http:\/\/www.comapalocal.com\/nuevolaredo\/transparencia\/Archivos\/Finanzas\/2024\/3erTrim\/LDF_5.pdf\" target=\"_blank\" rel=\"noopener noreferrer\">3er Trim<\/a><\/li>\n<li><a href=\"http:\/\/www.comapalocal.com\/nuevolaredo\/transparencia\/Archivos\/Finanzas\/2024\/4toTrim\/LDF_5_Edo_Ana_Ing_Detallado.pdf\" target=\"_blank\" rel=\"noopener noreferrer\">4to Trim<\/a><\/li>\n<\/ul>\n<\/td>\n<\/tr>\n<tr>\n<td>A\u00f1o 2025<\/p>\n<ul>\n<li><a style=\"color: dodgerblue;\" href=\"http:\/\/www.comapalocal.com\/nuevolaredo\/transparencia\/Archivos\/Finanzas\/2025\/1erTrim\/LDF_5.pdf\" target=\"_blank\" rel=\"noopener noreferrer\">1er Trim<\/a><\/li>\n<li><a style=\"color: dodgerblue;\" href=\"http:\/\/www.comapalocal.com\/nuevolaredo\/transparencia\/Archivos\/Finanzas\/2025\/2doTrim\/LDF_5.pdf\">2do Trim<\/a><\/li>\n<li><a style=\"color: dodgerblue;\" href=\"http:\/\/www.comapalocal.com\/nuevolaredo\/transparencia\/Archivos\/Finanzas\/2025\/3erTrim\/F_LDF_5.pdf\">3er Trim<\/a><\/li>\n<li><a style=\"color: dodgerblue;\" href=\"http:\/\/www.comapalocal.com\/nuevolaredo\/transparencia\/Archivos\/Finanzas\/2025\/4toTrim\/LDF_5.pdf\">4to Trim<\/a><\/li>\n<\/ul>\n<\/td>\n<\/tr>\n<\/tbody>\n<\/table>\n<p>Actualizaci\u00f3n: &#x2705;27\/Ene\/2026<br \/>\nNota: Si alg\u00fan link no es funcional, favor de reportarlo al correo transparencia@comapanuevolaredo.gob.mx<\/p>\n","protected":false},"excerpt":{"rendered":"<p>Estado Anal\u00edtico de Ingresos Detallado A\u00f1o 2018 4to Trim A\u00f1o 2019 1er Trim 2do Trim 3er Trim 4to Trim A\u00f1o 2020 1er Trim 2do Trim 3er Trim 4to Trim A\u00f1o 2021 1er Trim 2do Trim 3er Trim 4to Trim A\u00f1o 2022 1er Trim 2do Trim 3er Trim 4to Trim A\u00f1o 2023 1er Trim 2do Trim [&hellip;]<\/p>\n","protected":false},"author":1,"featured_media":0,"parent":0,"menu_order":0,"comment_status":"closed","ping_status":"closed","template":"","meta":{"footnotes":""},"class_list":["post-6287","page","type-page","status-publish","hentry"],"yoast_head":"<!-- This site is optimized with the Yoast SEO plugin v27.3 - https:\/\/yoast.com\/product\/yoast-seo-wordpress\/ -->\r\n<title>Estado Anal\u00edtico de Ingresos Detallado - Comapa Nuevo Laredo<\/title>\r\n<meta name=\"robots\" content=\"index, follow, max-snippet:-1, max-image-preview:large, max-video-preview:-1\" \/>\r\n<link rel=\"canonical\" href=\"https:\/\/www.comapanuevolaredo.gob.mx\/sitio\/estado-analitico-de-ingresos-detallado\/\" \/>\r\n<meta property=\"og:locale\" content=\"es_ES\" \/>\r\n<meta property=\"og:type\" content=\"article\" \/>\r\n<meta property=\"og:title\" content=\"Estado Anal\u00edtico de Ingresos Detallado - Comapa Nuevo Laredo\" \/>\r\n<meta property=\"og:description\" content=\"Estado Anal\u00edtico de Ingresos Detallado A\u00f1o 2018 4to Trim A\u00f1o 2019 1er Trim 2do Trim 3er Trim 4to Trim A\u00f1o 2020 1er Trim 2do Trim 3er Trim 4to Trim A\u00f1o 2021 1er Trim 2do Trim 3er Trim 4to Trim A\u00f1o 2022 1er Trim 2do Trim 3er Trim 4to Trim A\u00f1o 2023 1er Trim 2do Trim [&hellip;]\" \/>\r\n<meta property=\"og:url\" content=\"https:\/\/www.comapanuevolaredo.gob.mx\/sitio\/estado-analitico-de-ingresos-detallado\/\" \/>\r\n<meta property=\"og:site_name\" content=\"Comapa Nuevo Laredo\" \/>\r\n<meta property=\"article:publisher\" content=\"https:\/\/www.facebook.com\/comapa.nuevolaredo\/\" \/>\r\n<meta property=\"article:modified_time\" content=\"2026-01-27T16:41:02+00:00\" \/>\r\n<meta property=\"og:image\" content=\"https:\/\/www.comapanuevolaredo.gob.mx\/sitio\/wp-content\/uploads\/2016\/12\/2romanos.png\" \/>\r\n\t<meta property=\"og:image:width\" content=\"80\" \/>\r\n\t<meta property=\"og:image:height\" content=\"50\" \/>\r\n\t<meta property=\"og:image:type\" content=\"image\/png\" \/>\r\n<meta name=\"twitter:card\" content=\"summary_large_image\" \/>\r\n<meta name=\"twitter:site\" content=\"@ComapaNvoLaredo\" \/>\r\n<meta name=\"twitter:label1\" content=\"Tiempo de lectura\" \/>\n\t<meta name=\"twitter:data1\" content=\"1 minuto\" \/>\r\n<script type=\"application\/ld+json\" class=\"yoast-schema-graph\">{\"@context\":\"https:\\\/\\\/schema.org\",\"@graph\":[{\"@type\":\"WebPage\",\"@id\":\"https:\\\/\\\/www.comapanuevolaredo.gob.mx\\\/sitio\\\/estado-analitico-de-ingresos-detallado\\\/\",\"url\":\"https:\\\/\\\/www.comapanuevolaredo.gob.mx\\\/sitio\\\/estado-analitico-de-ingresos-detallado\\\/\",\"name\":\"Estado Anal\u00edtico de Ingresos Detallado - Comapa Nuevo Laredo\",\"isPartOf\":{\"@id\":\"https:\\\/\\\/www.comapanuevolaredo.gob.mx\\\/sitio\\\/#website\"},\"primaryImageOfPage\":{\"@id\":\"https:\\\/\\\/www.comapanuevolaredo.gob.mx\\\/sitio\\\/estado-analitico-de-ingresos-detallado\\\/#primaryimage\"},\"image\":{\"@id\":\"https:\\\/\\\/www.comapanuevolaredo.gob.mx\\\/sitio\\\/estado-analitico-de-ingresos-detallado\\\/#primaryimage\"},\"thumbnailUrl\":\"https:\\\/\\\/www.comapanuevolaredo.gob.mx\\\/sitio\\\/wp-content\\\/uploads\\\/2018\\\/05\\\/e.png\",\"datePublished\":\"2019-03-29T18:38:44+00:00\",\"dateModified\":\"2026-01-27T16:41:02+00:00\",\"breadcrumb\":{\"@id\":\"https:\\\/\\\/www.comapanuevolaredo.gob.mx\\\/sitio\\\/estado-analitico-de-ingresos-detallado\\\/#breadcrumb\"},\"inLanguage\":\"es\",\"potentialAction\":[{\"@type\":\"ReadAction\",\"target\":[\"https:\\\/\\\/www.comapanuevolaredo.gob.mx\\\/sitio\\\/estado-analitico-de-ingresos-detallado\\\/\"]}]},{\"@type\":\"ImageObject\",\"inLanguage\":\"es\",\"@id\":\"https:\\\/\\\/www.comapanuevolaredo.gob.mx\\\/sitio\\\/estado-analitico-de-ingresos-detallado\\\/#primaryimage\",\"url\":\"https:\\\/\\\/www.comapanuevolaredo.gob.mx\\\/sitio\\\/wp-content\\\/uploads\\\/2014\\\/10\\\/Organigrama2.png\",\"contentUrl\":\"https:\\\/\\\/www.comapanuevolaredo.gob.mx\\\/sitio\\\/wp-content\\\/uploads\\\/2014\\\/10\\\/Organigrama2.png\",\"width\":100,\"height\":100},{\"@type\":\"BreadcrumbList\",\"@id\":\"https:\\\/\\\/www.comapanuevolaredo.gob.mx\\\/sitio\\\/estado-analitico-de-ingresos-detallado\\\/#breadcrumb\",\"itemListElement\":[{\"@type\":\"ListItem\",\"position\":1,\"name\":\"Home\",\"item\":\"https:\\\/\\\/www.comapanuevolaredo.gob.mx\\\/sitio\\\/\"},{\"@type\":\"ListItem\",\"position\":2,\"name\":\"Estado Anal\u00edtico de Ingresos Detallado\"}]},{\"@type\":\"WebSite\",\"@id\":\"https:\\\/\\\/www.comapanuevolaredo.gob.mx\\\/sitio\\\/#website\",\"url\":\"https:\\\/\\\/www.comapanuevolaredo.gob.mx\\\/sitio\\\/\",\"name\":\"Comapa Nuevo Laredo\",\"description\":\"Servicio y distribuci\u00f3n de agua potable y drenaje, planta potabilizadora en NLD, a orillas del R\u00edo Bravo, en la Frontera Norte de Tamaulipas, M\u00e9xico\",\"publisher\":{\"@id\":\"https:\\\/\\\/www.comapanuevolaredo.gob.mx\\\/sitio\\\/#organization\"},\"potentialAction\":[{\"@type\":\"SearchAction\",\"target\":{\"@type\":\"EntryPoint\",\"urlTemplate\":\"https:\\\/\\\/www.comapanuevolaredo.gob.mx\\\/sitio\\\/?s={search_term_string}\"},\"query-input\":{\"@type\":\"PropertyValueSpecification\",\"valueRequired\":true,\"valueName\":\"search_term_string\"}}],\"inLanguage\":\"es\"},{\"@type\":\"Organization\",\"@id\":\"https:\\\/\\\/www.comapanuevolaredo.gob.mx\\\/sitio\\\/#organization\",\"name\":\"Comapa Nuevo Laredo\",\"url\":\"https:\\\/\\\/www.comapanuevolaredo.gob.mx\\\/sitio\\\/\",\"logo\":{\"@type\":\"ImageObject\",\"inLanguage\":\"es\",\"@id\":\"https:\\\/\\\/www.comapanuevolaredo.gob.mx\\\/sitio\\\/#\\\/schema\\\/logo\\\/image\\\/\",\"url\":\"https:\\\/\\\/www.comapanuevolaredo.gob.mx\\\/sitio\\\/wp-content\\\/uploads\\\/2025\\\/02\\\/cropped-512.jpg\",\"contentUrl\":\"https:\\\/\\\/www.comapanuevolaredo.gob.mx\\\/sitio\\\/wp-content\\\/uploads\\\/2025\\\/02\\\/cropped-512.jpg\",\"width\":512,\"height\":512,\"caption\":\"Comapa Nuevo Laredo\"},\"image\":{\"@id\":\"https:\\\/\\\/www.comapanuevolaredo.gob.mx\\\/sitio\\\/#\\\/schema\\\/logo\\\/image\\\/\"},\"sameAs\":[\"https:\\\/\\\/www.facebook.com\\\/comapa.nuevolaredo\\\/\",\"https:\\\/\\\/x.com\\\/ComapaNvoLaredo\",\"https:\\\/\\\/www.instagram.com\\\/comapanld\\\/\"]}]}<\/script>\r\n<!-- \/ Yoast SEO plugin. -->","yoast_head_json":{"title":"Estado Anal\u00edtico de Ingresos Detallado - Comapa Nuevo Laredo","robots":{"index":"index","follow":"follow","max-snippet":"max-snippet:-1","max-image-preview":"max-image-preview:large","max-video-preview":"max-video-preview:-1"},"canonical":"https:\/\/www.comapanuevolaredo.gob.mx\/sitio\/estado-analitico-de-ingresos-detallado\/","og_locale":"es_ES","og_type":"article","og_title":"Estado Anal\u00edtico de Ingresos Detallado - Comapa Nuevo Laredo","og_description":"Estado Anal\u00edtico de Ingresos Detallado A\u00f1o 2018 4to Trim A\u00f1o 2019 1er Trim 2do Trim 3er Trim 4to Trim A\u00f1o 2020 1er Trim 2do Trim 3er Trim 4to Trim A\u00f1o 2021 1er Trim 2do Trim 3er Trim 4to Trim A\u00f1o 2022 1er Trim 2do Trim 3er Trim 4to Trim A\u00f1o 2023 1er Trim 2do Trim [&hellip;]","og_url":"https:\/\/www.comapanuevolaredo.gob.mx\/sitio\/estado-analitico-de-ingresos-detallado\/","og_site_name":"Comapa Nuevo Laredo","article_publisher":"https:\/\/www.facebook.com\/comapa.nuevolaredo\/","article_modified_time":"2026-01-27T16:41:02+00:00","og_image":[{"width":80,"height":50,"url":"https:\/\/www.comapanuevolaredo.gob.mx\/sitio\/wp-content\/uploads\/2016\/12\/2romanos.png","type":"image\/png"}],"twitter_card":"summary_large_image","twitter_site":"@ComapaNvoLaredo","twitter_misc":{"Tiempo de lectura":"1 minuto"},"schema":{"@context":"https:\/\/schema.org","@graph":[{"@type":"WebPage","@id":"https:\/\/www.comapanuevolaredo.gob.mx\/sitio\/estado-analitico-de-ingresos-detallado\/","url":"https:\/\/www.comapanuevolaredo.gob.mx\/sitio\/estado-analitico-de-ingresos-detallado\/","name":"Estado Anal\u00edtico de Ingresos Detallado - Comapa Nuevo Laredo","isPartOf":{"@id":"https:\/\/www.comapanuevolaredo.gob.mx\/sitio\/#website"},"primaryImageOfPage":{"@id":"https:\/\/www.comapanuevolaredo.gob.mx\/sitio\/estado-analitico-de-ingresos-detallado\/#primaryimage"},"image":{"@id":"https:\/\/www.comapanuevolaredo.gob.mx\/sitio\/estado-analitico-de-ingresos-detallado\/#primaryimage"},"thumbnailUrl":"https:\/\/www.comapanuevolaredo.gob.mx\/sitio\/wp-content\/uploads\/2018\/05\/e.png","datePublished":"2019-03-29T18:38:44+00:00","dateModified":"2026-01-27T16:41:02+00:00","breadcrumb":{"@id":"https:\/\/www.comapanuevolaredo.gob.mx\/sitio\/estado-analitico-de-ingresos-detallado\/#breadcrumb"},"inLanguage":"es","potentialAction":[{"@type":"ReadAction","target":["https:\/\/www.comapanuevolaredo.gob.mx\/sitio\/estado-analitico-de-ingresos-detallado\/"]}]},{"@type":"ImageObject","inLanguage":"es","@id":"https:\/\/www.comapanuevolaredo.gob.mx\/sitio\/estado-analitico-de-ingresos-detallado\/#primaryimage","url":"https:\/\/www.comapanuevolaredo.gob.mx\/sitio\/wp-content\/uploads\/2014\/10\/Organigrama2.png","contentUrl":"https:\/\/www.comapanuevolaredo.gob.mx\/sitio\/wp-content\/uploads\/2014\/10\/Organigrama2.png","width":100,"height":100},{"@type":"BreadcrumbList","@id":"https:\/\/www.comapanuevolaredo.gob.mx\/sitio\/estado-analitico-de-ingresos-detallado\/#breadcrumb","itemListElement":[{"@type":"ListItem","position":1,"name":"Home","item":"https:\/\/www.comapanuevolaredo.gob.mx\/sitio\/"},{"@type":"ListItem","position":2,"name":"Estado Anal\u00edtico de Ingresos Detallado"}]},{"@type":"WebSite","@id":"https:\/\/www.comapanuevolaredo.gob.mx\/sitio\/#website","url":"https:\/\/www.comapanuevolaredo.gob.mx\/sitio\/","name":"Comapa Nuevo Laredo","description":"Servicio y distribuci\u00f3n de agua potable y drenaje, planta potabilizadora en NLD, a orillas del R\u00edo Bravo, en la Frontera Norte de Tamaulipas, M\u00e9xico","publisher":{"@id":"https:\/\/www.comapanuevolaredo.gob.mx\/sitio\/#organization"},"potentialAction":[{"@type":"SearchAction","target":{"@type":"EntryPoint","urlTemplate":"https:\/\/www.comapanuevolaredo.gob.mx\/sitio\/?s={search_term_string}"},"query-input":{"@type":"PropertyValueSpecification","valueRequired":true,"valueName":"search_term_string"}}],"inLanguage":"es"},{"@type":"Organization","@id":"https:\/\/www.comapanuevolaredo.gob.mx\/sitio\/#organization","name":"Comapa Nuevo Laredo","url":"https:\/\/www.comapanuevolaredo.gob.mx\/sitio\/","logo":{"@type":"ImageObject","inLanguage":"es","@id":"https:\/\/www.comapanuevolaredo.gob.mx\/sitio\/#\/schema\/logo\/image\/","url":"https:\/\/www.comapanuevolaredo.gob.mx\/sitio\/wp-content\/uploads\/2025\/02\/cropped-512.jpg","contentUrl":"https:\/\/www.comapanuevolaredo.gob.mx\/sitio\/wp-content\/uploads\/2025\/02\/cropped-512.jpg","width":512,"height":512,"caption":"Comapa Nuevo Laredo"},"image":{"@id":"https:\/\/www.comapanuevolaredo.gob.mx\/sitio\/#\/schema\/logo\/image\/"},"sameAs":["https:\/\/www.facebook.com\/comapa.nuevolaredo\/","https:\/\/x.com\/ComapaNvoLaredo","https:\/\/www.instagram.com\/comapanld\/"]}]}},"_links":{"self":[{"href":"https:\/\/www.comapanuevolaredo.gob.mx\/sitio\/wp-json\/wp\/v2\/pages\/6287","targetHints":{"allow":["GET"]}}],"collection":[{"href":"https:\/\/www.comapanuevolaredo.gob.mx\/sitio\/wp-json\/wp\/v2\/pages"}],"about":[{"href":"https:\/\/www.comapanuevolaredo.gob.mx\/sitio\/wp-json\/wp\/v2\/types\/page"}],"author":[{"embeddable":true,"href":"https:\/\/www.comapanuevolaredo.gob.mx\/sitio\/wp-json\/wp\/v2\/users\/1"}],"replies":[{"embeddable":true,"href":"https:\/\/www.comapanuevolaredo.gob.mx\/sitio\/wp-json\/wp\/v2\/comments?post=6287"}],"version-history":[{"count":34,"href":"https:\/\/www.comapanuevolaredo.gob.mx\/sitio\/wp-json\/wp\/v2\/pages\/6287\/revisions"}],"predecessor-version":[{"id":13848,"href":"https:\/\/www.comapanuevolaredo.gob.mx\/sitio\/wp-json\/wp\/v2\/pages\/6287\/revisions\/13848"}],"wp:attachment":[{"href":"https:\/\/www.comapanuevolaredo.gob.mx\/sitio\/wp-json\/wp\/v2\/media?parent=6287"}],"curies":[{"name":"wp","href":"https:\/\/api.w.org\/{rel}","templated":true}]}}