{"id":51,"date":"2012-03-26T19:49:14","date_gmt":"2012-03-26T19:49:14","guid":{"rendered":"https:\/\/www.comapanuevolaredo.gob.mx\/sitio\/?page_id=51"},"modified":"2015-09-07T14:19:45","modified_gmt":"2015-09-07T14:19:45","slug":"contratos","status":"publish","type":"page","link":"https:\/\/www.comapanuevolaredo.gob.mx\/sitio\/contratos\/","title":{"rendered":"Requisitos para tr\u00e1mites"},"content":{"rendered":"<table id=\"Table1\" width=\"100%\" border=\"3\" cellspacing=\"3\" cellpadding=\"4\">\n<tbody>\n<tr>\n<td align=\"center\" valign=\"top\" width=\"738\" height=\"38\"><span style=\"font-size: 19px; font-family: 'Times New Roman';\"><b>REQUISITOS\u00a0 PARA CONTRATO EN COLONIA REGULAR<\/b><\/span><\/td>\n<\/tr>\n<tr>\n<td align=\"left\" valign=\"top\" width=\"738\" height=\"244\">\n<div align=\"justify\"><span style=\"font-size: 15px; font-family: 'Times New Roman';\"><\/p>\n<p>* PREDIAL, ESCRITURAS Y\/O CONTRATO COMPRA VENTA DE LA PROPIEDAD.<\/p>\n<p>* NO. OFICIAL DE LA PROPIEDAD QUE OTORGA OBRAS PUBLICAS (ARTEAGA Y MENDOZA)<\/p>\n<p>* CARTA DE DESARROLLO SOCIAL POR CONCEPTO DE AGUA POTABLE Y\/O DRENAJE SANITARIO (Ver lista de colonias <a href=\"https:\/\/www.comapanuevolaredo.gob.mx\/sitio\/wp-content\/uploads\/2012\/03\/DESARROLLO-SOCIAL.pdf\" target=\"_blank\">Aqui<\/a>)<\/p>\n<p>* IDENTIFICACION OFICIAL CON FOTOGRAFIA (CREDENCIAL DE ELECTOR, LICENCIA DE MANEJO, PASAPORTE Y\/O CARTILLA MILITAR) DEL (A) PROPIETARIO (A).<\/span><span style=\"font-size: 11px; font-family: 'Times New Roman';\"><\/p>\n<p><\/span><span style=\"font-size: 13px; font-family: 'Times New Roman';\"><b>\u00a0\u00a0 \u00a0\u00a0 \u00a0\u00a0 \u00a0\u00a0 \u00a0\u00a0 \u00a0\u00a0 \u00a0\u00a0 \u00a0\u00a0 \u00a0\u00a0 \u00a0\u00a0\u00a0\u00a0 Nota: Presentarse propietario, en caso de no ser as\u00ed autorizar a un tercero mediante carta poder<\/p>\n<p><\/b><\/span><\/div>\n<\/td>\n<\/tr>\n<tr>\n<td align=\"center\" valign=\"top\" width=\"738\" height=\"38\"><span style=\"font-size: 19px; font-family: 'Times New Roman';\"><b>REQUISITOS\u00a0 PARA CONTRATO EN FRACCIONAMIENTO<\/b><\/span><\/td>\n<\/tr>\n<tr>\n<td align=\"left\" valign=\"top\" width=\"738\" height=\"210\"><span style=\"font-size: 15px; font-family: 'Times New Roman';\"><\/p>\n<p>* CARTA DE ASIGNACION (LA QUE DA LA CONSTRUCTORA AL MOMENTO DE LA ENTREGA DE LA VIVIENDA).<\/p>\n<p>* IDENTIFICACION OFICIAL CON FOTOGRAFIA (CREDENCIAL DE ELECTOR, LICENCIA DE MANEJO, PASAPORTE Y\/O CARTILLA MILITAR) DEL (A) PROPIETARIO (A).<\/p>\n<p>* HISTORIAL DE CONSUMO DE C.F.E.<\/span><span style=\"font-size: 11px; font-family: 'Times New Roman';\"><\/p>\n<p><\/span><span style=\"font-size: 13px; font-family: 'Times New Roman';\"><b>\u00a0\u00a0 \u00a0\u00a0 \u00a0\u00a0 \u00a0\u00a0 \u00a0\u00a0 \u00a0\u00a0 \u00a0\u00a0 \u00a0\u00a0 \u00a0\u00a0 \u00a0\u00a0\u00a0 Nota: Presentarse propietario, en caso de no ser as\u00ed autorizar a un tercero mediante carta poder<\/p>\n<p><\/b><\/span><\/td>\n<\/tr>\n<tr>\n<td align=\"center\" valign=\"top\" width=\"738\" height=\"38\"><span style=\"font-size: 19px; font-family: 'Times New Roman';\"><b>REQUISITOS\u00a0 PARA CONTRATO COMERCIAL Y\/O INDUSTRIAL<\/b><\/span><\/td>\n<\/tr>\n<tr>\n<td align=\"left\" valign=\"top\" width=\"738\" height=\"284\"><span style=\"font-size: 15px; font-family: 'Times New Roman';\"><\/p>\n<p>*NUMERO OFICIAL DE LA PROPIEDAD, QUE OTORGA OBRAS PUBLICAS (ARTEAGA Y MENDOZA).<\/p>\n<p>*ACTA CONSTITUTIVA (EN CASO DE SER PERSONA MORAL)<\/p>\n<p>* R.F.C.<\/p>\n<p>*PREDIAL Y\/O CONTRATO DE ARRENDAMIENTO.<\/p>\n<p>*IDENTIFICACION CON FOTOGRAFIA DEL REPRESENTANTE LEGAL DE LA EMPRESA<\/p>\n<p>*CARTA DE AUTORIZACION DEL PROPIETARIO PARA CONTRATAR LOS SERVICIOS.<\/p>\n<p>*APROBACION DE LAS DESCARGAS SANITARIAS DEL DEPARTAMENTO DE NORMATIVIDAD.<\/p>\n<p><\/span><\/td>\n<\/tr>\n<tr>\n<td align=\"center\" valign=\"top\" width=\"738\" height=\"38\"><span style=\"font-size: 19px; font-family: 'Times New Roman';\"><b>REQUISITOS\u00a0 PARA CAMBIO DE LINEA (CONTRATO DOMESTICO)<\/b><\/span><\/td>\n<\/tr>\n<tr>\n<td align=\"left\" valign=\"top\" width=\"738\" height=\"182\"><span style=\"font-size: 15px; font-family: 'Times New Roman';\"><\/p>\n<p>*RECIBO DE AGUA AL CORRIENTE<\/p>\n<p>*PREDIAL DE LA PROPIEDAD.<\/p>\n<p>*IDENTIFICACION CON FOTOGRAFIA OFICIAL DE LA PERSONA QUE APARECE COMO PROPIETARIA (CRED. DE ELECTOR, LICENCIA DE MANEJO, PASAPORTE Y\/O CARTILLA MILITAR).<\/p>\n<p><\/span><\/td>\n<\/tr>\n<tr>\n<td align=\"center\" valign=\"top\" width=\"738\" height=\"38\"><span style=\"font-size: 19px; font-family: 'Times New Roman';\"><b>REQUISITOS\u00a0 PARA TRAMITE DE PENSIONADO<\/b><\/span><\/td>\n<\/tr>\n<tr>\n<td align=\"left\" valign=\"top\" width=\"738\" height=\"152\"><span style=\"font-size: 15px; font-family: 'Times New Roman';\"><\/p>\n<p>*CREDENCIAL DE PENSIONADO, DE LA PERSONA QUE APARECE COMO TITULAR EN EL RECIBO DE CONSUMO, YA SEA DEL IMSS O ISSSTE VIGENTE O CREDENCIAL DE INSEN, INAPAM O DIF.<\/p>\n<p>*EN CASO DE QUE LA CREDENCIAL ESTE VENCIDA ANEXAR LA RESOLUCION DE PENSIONADO (DE CUALESQUIERA DE LAS DEPENDENCIAS YA MENCIONADAS).<\/p>\n<p>*RECIBO DE AGUA AL CORRIENTE Y A NOMBRE DEL(A) PENSIONADO(A).<\/span><\/td>\n<\/tr>\n<tr>\n<td align=\"center\" valign=\"top\" width=\"738\" height=\"38\"><span style=\"font-size: 19px; font-family: 'Times New Roman';\"><b>REQUISITOS\u00a0 PARA CAMBIO DE NOMBRE (CONTRATO DOMESTICO)<\/b><\/span><\/td>\n<\/tr>\n<tr>\n<td align=\"left\" valign=\"top\" width=\"738\" height=\"182\"><span style=\"font-size: 15px; font-family: 'Times New Roman';\"><\/p>\n<p>*PREDIAL O ESCRITURAS O CONTRATO DE COMPRA VENTA A NOMBRE DE LA PERSONA QUE SE SOLICITA QUE APAREZCA EN EL RECIBO.<\/p>\n<p>*IDENTIFICACION CON FOTOGRAFIA OFICIAL DE LA PERSONA QUE APARECE COMO PROPIETARIA (CRED. DE ELECTOR, LICENCIA DE MANEJO, PASAPORTE Y\/O CARTILLA MILITAR).<\/p>\n<p>*RECIBO DE AGUA AL CORRIENTE.<\/p>\n<p><\/span><\/td>\n<\/tr>\n<tr>\n<td align=\"center\" valign=\"top\" width=\"738\" height=\"60\"><span style=\"font-size: 19px; font-family: 'Times New Roman';\"><b>REQUISITOS\u00a0 PARA CAMBIO DE NOMBRE (CONTRATO COMERCIAL Y\/O INDUSTRIAL)<\/b><\/span><\/td>\n<\/tr>\n<tr>\n<td align=\"left\" valign=\"top\" width=\"738\" height=\"248\"><span style=\"font-size: 15px; font-family: 'Times New Roman';\">*NUMERO OFICIAL DE LA PROPIEDAD, QUE OTORGA OBRAS PUBLICAS (ARTEAGA Y MENDOZA).<\/p>\n<p><\/span><span style=\"font-size: 15px; font-family: 'Times New Roman';\">*ACTA CONSTITUTIVA (EN CASO DE SER PERSONA MORAL)<\/p>\n<p>* R.F.C.<\/p>\n<p>*PREDIAL Y\/O CONTRATO DE ARRENDAMIENTO.<\/p>\n<p>*IDENTIFICACION CON FOTOGRAFIA DEL REPRESENTANTE LEGAL DE LA EMPRESA<\/p>\n<p>*CARTA DE AUTORIZACION DEL PROPIETARIO PARA EL TRAMITE.<\/p>\n<p><\/span><span style=\"font-size: 11px; font-family: 'Times New Roman';\"><\/p>\n<p><\/span><\/td>\n<\/tr>\n<\/tbody>\n<\/table>\n","protected":false},"excerpt":{"rendered":"<p>REQUISITOS\u00a0 PARA CONTRATO EN COLONIA REGULAR * PREDIAL, ESCRITURAS Y\/O CONTRATO COMPRA VENTA DE LA PROPIEDAD. * NO. OFICIAL DE LA PROPIEDAD QUE OTORGA OBRAS PUBLICAS (ARTEAGA Y MENDOZA) * CARTA DE DESARROLLO SOCIAL POR CONCEPTO DE AGUA POTABLE Y\/O DRENAJE SANITARIO (Ver lista de colonias Aqui) * IDENTIFICACION OFICIAL CON FOTOGRAFIA (CREDENCIAL DE ELECTOR, [&hellip;]<\/p>\n","protected":false},"author":1,"featured_media":0,"parent":0,"menu_order":0,"comment_status":"closed","ping_status":"closed","template":"template-leftsidebar.php","meta":{"footnotes":""},"class_list":["post-51","page","type-page","status-publish","hentry"],"yoast_head":"<!-- This site is optimized with the Yoast SEO plugin v27.3 - https:\/\/yoast.com\/product\/yoast-seo-wordpress\/ -->\r\n<title>Requisitos para tr\u00e1mites - Comapa Nuevo Laredo<\/title>\r\n<meta name=\"robots\" content=\"index, follow, max-snippet:-1, max-image-preview:large, max-video-preview:-1\" \/>\r\n<link rel=\"canonical\" href=\"https:\/\/www.comapanuevolaredo.gob.mx\/sitio\/contratos\/\" \/>\r\n<meta property=\"og:locale\" content=\"es_ES\" \/>\r\n<meta property=\"og:type\" content=\"article\" \/>\r\n<meta property=\"og:title\" content=\"Requisitos para tr\u00e1mites - Comapa Nuevo Laredo\" \/>\r\n<meta property=\"og:description\" content=\"REQUISITOS\u00a0 PARA CONTRATO EN COLONIA REGULAR * PREDIAL, ESCRITURAS Y\/O CONTRATO COMPRA VENTA DE LA PROPIEDAD. * NO. OFICIAL DE LA PROPIEDAD QUE OTORGA OBRAS PUBLICAS (ARTEAGA Y MENDOZA) * CARTA DE DESARROLLO SOCIAL POR CONCEPTO DE AGUA POTABLE Y\/O DRENAJE SANITARIO (Ver lista de colonias Aqui) * IDENTIFICACION OFICIAL CON FOTOGRAFIA (CREDENCIAL DE ELECTOR, [&hellip;]\" \/>\r\n<meta property=\"og:url\" content=\"https:\/\/www.comapanuevolaredo.gob.mx\/sitio\/contratos\/\" \/>\r\n<meta property=\"og:site_name\" content=\"Comapa Nuevo Laredo\" \/>\r\n<meta property=\"article:publisher\" content=\"https:\/\/www.facebook.com\/comapa.nuevolaredo\/\" \/>\r\n<meta property=\"article:modified_time\" content=\"2015-09-07T14:19:45+00:00\" \/>\r\n<meta name=\"twitter:card\" content=\"summary_large_image\" \/>\r\n<meta name=\"twitter:site\" content=\"@ComapaNvoLaredo\" \/>\r\n<meta name=\"twitter:label1\" content=\"Tiempo de lectura\" \/>\n\t<meta name=\"twitter:data1\" content=\"2 minutos\" \/>\r\n<script type=\"application\/ld+json\" class=\"yoast-schema-graph\">{\"@context\":\"https:\\\/\\\/schema.org\",\"@graph\":[{\"@type\":\"WebPage\",\"@id\":\"https:\\\/\\\/www.comapanuevolaredo.gob.mx\\\/sitio\\\/contratos\\\/\",\"url\":\"https:\\\/\\\/www.comapanuevolaredo.gob.mx\\\/sitio\\\/contratos\\\/\",\"name\":\"Requisitos para tr\u00e1mites - Comapa Nuevo Laredo\",\"isPartOf\":{\"@id\":\"https:\\\/\\\/www.comapanuevolaredo.gob.mx\\\/sitio\\\/#website\"},\"datePublished\":\"2012-03-26T19:49:14+00:00\",\"dateModified\":\"2015-09-07T14:19:45+00:00\",\"breadcrumb\":{\"@id\":\"https:\\\/\\\/www.comapanuevolaredo.gob.mx\\\/sitio\\\/contratos\\\/#breadcrumb\"},\"inLanguage\":\"es\",\"potentialAction\":[{\"@type\":\"ReadAction\",\"target\":[\"https:\\\/\\\/www.comapanuevolaredo.gob.mx\\\/sitio\\\/contratos\\\/\"]}]},{\"@type\":\"BreadcrumbList\",\"@id\":\"https:\\\/\\\/www.comapanuevolaredo.gob.mx\\\/sitio\\\/contratos\\\/#breadcrumb\",\"itemListElement\":[{\"@type\":\"ListItem\",\"position\":1,\"name\":\"Home\",\"item\":\"https:\\\/\\\/www.comapanuevolaredo.gob.mx\\\/sitio\\\/\"},{\"@type\":\"ListItem\",\"position\":2,\"name\":\"Requisitos para tr\u00e1mites\"}]},{\"@type\":\"WebSite\",\"@id\":\"https:\\\/\\\/www.comapanuevolaredo.gob.mx\\\/sitio\\\/#website\",\"url\":\"https:\\\/\\\/www.comapanuevolaredo.gob.mx\\\/sitio\\\/\",\"name\":\"Comapa Nuevo Laredo\",\"description\":\"Servicio y distribuci\u00f3n de agua potable y drenaje, planta potabilizadora en NLD, a orillas del R\u00edo Bravo, en la Frontera Norte de Tamaulipas, M\u00e9xico\",\"publisher\":{\"@id\":\"https:\\\/\\\/www.comapanuevolaredo.gob.mx\\\/sitio\\\/#organization\"},\"potentialAction\":[{\"@type\":\"SearchAction\",\"target\":{\"@type\":\"EntryPoint\",\"urlTemplate\":\"https:\\\/\\\/www.comapanuevolaredo.gob.mx\\\/sitio\\\/?s={search_term_string}\"},\"query-input\":{\"@type\":\"PropertyValueSpecification\",\"valueRequired\":true,\"valueName\":\"search_term_string\"}}],\"inLanguage\":\"es\"},{\"@type\":\"Organization\",\"@id\":\"https:\\\/\\\/www.comapanuevolaredo.gob.mx\\\/sitio\\\/#organization\",\"name\":\"Comapa Nuevo Laredo\",\"url\":\"https:\\\/\\\/www.comapanuevolaredo.gob.mx\\\/sitio\\\/\",\"logo\":{\"@type\":\"ImageObject\",\"inLanguage\":\"es\",\"@id\":\"https:\\\/\\\/www.comapanuevolaredo.gob.mx\\\/sitio\\\/#\\\/schema\\\/logo\\\/image\\\/\",\"url\":\"https:\\\/\\\/www.comapanuevolaredo.gob.mx\\\/sitio\\\/wp-content\\\/uploads\\\/2025\\\/02\\\/cropped-512.jpg\",\"contentUrl\":\"https:\\\/\\\/www.comapanuevolaredo.gob.mx\\\/sitio\\\/wp-content\\\/uploads\\\/2025\\\/02\\\/cropped-512.jpg\",\"width\":512,\"height\":512,\"caption\":\"Comapa Nuevo Laredo\"},\"image\":{\"@id\":\"https:\\\/\\\/www.comapanuevolaredo.gob.mx\\\/sitio\\\/#\\\/schema\\\/logo\\\/image\\\/\"},\"sameAs\":[\"https:\\\/\\\/www.facebook.com\\\/comapa.nuevolaredo\\\/\",\"https:\\\/\\\/x.com\\\/ComapaNvoLaredo\",\"https:\\\/\\\/www.instagram.com\\\/comapanld\\\/\"]}]}<\/script>\r\n<!-- \/ Yoast SEO plugin. -->","yoast_head_json":{"title":"Requisitos para tr\u00e1mites - Comapa Nuevo Laredo","robots":{"index":"index","follow":"follow","max-snippet":"max-snippet:-1","max-image-preview":"max-image-preview:large","max-video-preview":"max-video-preview:-1"},"canonical":"https:\/\/www.comapanuevolaredo.gob.mx\/sitio\/contratos\/","og_locale":"es_ES","og_type":"article","og_title":"Requisitos para tr\u00e1mites - Comapa Nuevo Laredo","og_description":"REQUISITOS\u00a0 PARA CONTRATO EN COLONIA REGULAR * PREDIAL, ESCRITURAS Y\/O CONTRATO COMPRA VENTA DE LA PROPIEDAD. * NO. OFICIAL DE LA PROPIEDAD QUE OTORGA OBRAS PUBLICAS (ARTEAGA Y MENDOZA) * CARTA DE DESARROLLO SOCIAL POR CONCEPTO DE AGUA POTABLE Y\/O DRENAJE SANITARIO (Ver lista de colonias Aqui) * IDENTIFICACION OFICIAL CON FOTOGRAFIA (CREDENCIAL DE ELECTOR, [&hellip;]","og_url":"https:\/\/www.comapanuevolaredo.gob.mx\/sitio\/contratos\/","og_site_name":"Comapa Nuevo Laredo","article_publisher":"https:\/\/www.facebook.com\/comapa.nuevolaredo\/","article_modified_time":"2015-09-07T14:19:45+00:00","twitter_card":"summary_large_image","twitter_site":"@ComapaNvoLaredo","twitter_misc":{"Tiempo de lectura":"2 minutos"},"schema":{"@context":"https:\/\/schema.org","@graph":[{"@type":"WebPage","@id":"https:\/\/www.comapanuevolaredo.gob.mx\/sitio\/contratos\/","url":"https:\/\/www.comapanuevolaredo.gob.mx\/sitio\/contratos\/","name":"Requisitos para tr\u00e1mites - Comapa Nuevo Laredo","isPartOf":{"@id":"https:\/\/www.comapanuevolaredo.gob.mx\/sitio\/#website"},"datePublished":"2012-03-26T19:49:14+00:00","dateModified":"2015-09-07T14:19:45+00:00","breadcrumb":{"@id":"https:\/\/www.comapanuevolaredo.gob.mx\/sitio\/contratos\/#breadcrumb"},"inLanguage":"es","potentialAction":[{"@type":"ReadAction","target":["https:\/\/www.comapanuevolaredo.gob.mx\/sitio\/contratos\/"]}]},{"@type":"BreadcrumbList","@id":"https:\/\/www.comapanuevolaredo.gob.mx\/sitio\/contratos\/#breadcrumb","itemListElement":[{"@type":"ListItem","position":1,"name":"Home","item":"https:\/\/www.comapanuevolaredo.gob.mx\/sitio\/"},{"@type":"ListItem","position":2,"name":"Requisitos para tr\u00e1mites"}]},{"@type":"WebSite","@id":"https:\/\/www.comapanuevolaredo.gob.mx\/sitio\/#website","url":"https:\/\/www.comapanuevolaredo.gob.mx\/sitio\/","name":"Comapa Nuevo Laredo","description":"Servicio y distribuci\u00f3n de agua potable y drenaje, planta potabilizadora en NLD, a orillas del R\u00edo Bravo, en la Frontera Norte de Tamaulipas, M\u00e9xico","publisher":{"@id":"https:\/\/www.comapanuevolaredo.gob.mx\/sitio\/#organization"},"potentialAction":[{"@type":"SearchAction","target":{"@type":"EntryPoint","urlTemplate":"https:\/\/www.comapanuevolaredo.gob.mx\/sitio\/?s={search_term_string}"},"query-input":{"@type":"PropertyValueSpecification","valueRequired":true,"valueName":"search_term_string"}}],"inLanguage":"es"},{"@type":"Organization","@id":"https:\/\/www.comapanuevolaredo.gob.mx\/sitio\/#organization","name":"Comapa Nuevo Laredo","url":"https:\/\/www.comapanuevolaredo.gob.mx\/sitio\/","logo":{"@type":"ImageObject","inLanguage":"es","@id":"https:\/\/www.comapanuevolaredo.gob.mx\/sitio\/#\/schema\/logo\/image\/","url":"https:\/\/www.comapanuevolaredo.gob.mx\/sitio\/wp-content\/uploads\/2025\/02\/cropped-512.jpg","contentUrl":"https:\/\/www.comapanuevolaredo.gob.mx\/sitio\/wp-content\/uploads\/2025\/02\/cropped-512.jpg","width":512,"height":512,"caption":"Comapa Nuevo Laredo"},"image":{"@id":"https:\/\/www.comapanuevolaredo.gob.mx\/sitio\/#\/schema\/logo\/image\/"},"sameAs":["https:\/\/www.facebook.com\/comapa.nuevolaredo\/","https:\/\/x.com\/ComapaNvoLaredo","https:\/\/www.instagram.com\/comapanld\/"]}]}},"_links":{"self":[{"href":"https:\/\/www.comapanuevolaredo.gob.mx\/sitio\/wp-json\/wp\/v2\/pages\/51","targetHints":{"allow":["GET"]}}],"collection":[{"href":"https:\/\/www.comapanuevolaredo.gob.mx\/sitio\/wp-json\/wp\/v2\/pages"}],"about":[{"href":"https:\/\/www.comapanuevolaredo.gob.mx\/sitio\/wp-json\/wp\/v2\/types\/page"}],"author":[{"embeddable":true,"href":"https:\/\/www.comapanuevolaredo.gob.mx\/sitio\/wp-json\/wp\/v2\/users\/1"}],"replies":[{"embeddable":true,"href":"https:\/\/www.comapanuevolaredo.gob.mx\/sitio\/wp-json\/wp\/v2\/comments?post=51"}],"version-history":[{"count":12,"href":"https:\/\/www.comapanuevolaredo.gob.mx\/sitio\/wp-json\/wp\/v2\/pages\/51\/revisions"}],"predecessor-version":[{"id":1988,"href":"https:\/\/www.comapanuevolaredo.gob.mx\/sitio\/wp-json\/wp\/v2\/pages\/51\/revisions\/1988"}],"wp:attachment":[{"href":"https:\/\/www.comapanuevolaredo.gob.mx\/sitio\/wp-json\/wp\/v2\/media?parent=51"}],"curies":[{"name":"wp","href":"https:\/\/api.w.org\/{rel}","templated":true}]}}