{"id":4893,"date":"2026-01-26T02:15:54","date_gmt":"2026-01-26T08:15:54","guid":{"rendered":"https:\/\/www.comapanuevolaredo.gob.mx\/sitio\/?page_id=4893"},"modified":"2026-01-26T12:43:03","modified_gmt":"2026-01-26T18:43:03","slug":"estado-de-variacion-en-la-hacienda-publica","status":"publish","type":"page","link":"https:\/\/www.comapanuevolaredo.gob.mx\/sitio\/estado-de-variacion-en-la-hacienda-publica\/","title":{"rendered":"Estado de variaci\u00f3n en la hacienda p\u00fablica"},"content":{"rendered":"<table class=\" aligncenter\" width=\"80%\">\n<tbody>\n<tr>\n<td><img loading=\"lazy\" decoding=\"async\" class=\"imgborder wp-image-2518 size-full alignleft\" src=\"https:\/\/www.comapanuevolaredo.gob.mx\/sitio\/wp-content\/uploads\/2018\/05\/c.png\" alt=\"\" width=\"80\" height=\"50\" \/>Estado de variaci\u00f3n en la hacienda p\u00fablica<\/td>\n<\/tr>\n<tr>\n<td>A\u00f1o 2015<\/p>\n<ul>\n<li><a href=\"http:\/\/www.comapalocal.com\/nuevolaredo\/transparencia\/Archivos\/Finanzas\/2015\/1erTrim\/edo_var_hp_1_15.pdf\" target=\"_blank\" rel=\"noopener noreferrer\">1er Trim<\/a><\/li>\n<li><a href=\"http:\/\/www.comapalocal.com\/nuevolaredo\/transparencia\/Archivos\/Finanzas\/2015\/2doTrim\/edo_var_hp_2_15.pdf\" target=\"_blank\" rel=\"noopener noreferrer\">2do Trim<\/a><\/li>\n<li><a href=\"http:\/\/www.comapalocal.com\/nuevolaredo\/transparencia\/Archivos\/Finanzas\/2015\/3erTrim\/edo_var_hp_3_15.pdf\" target=\"_blank\" rel=\"noopener noreferrer\">3er Trim<\/a><\/li>\n<li><a href=\"http:\/\/www.comapalocal.com\/nuevolaredo\/transparencia\/Archivos\/Finanzas\/2015\/4toTrim\/edo_var_hp_4_15.pdf\" target=\"_blank\" rel=\"noopener noreferrer\">4to Trim<\/a><\/li>\n<\/ul>\n<\/td>\n<\/tr>\n<tr>\n<td>A\u00f1o 2016<\/p>\n<ul>\n<li><a href=\"http:\/\/www.comapalocal.com\/nuevolaredo\/transparencia\/Archivos\/Finanzas\/2016\/1erTrim\/edo_var_hp_1_16.pdf\" target=\"_blank\" rel=\"noopener noreferrer\">1er Trim<\/a><\/li>\n<li><a href=\"http:\/\/www.comapalocal.com\/nuevolaredo\/transparencia\/Archivos\/Finanzas\/2016\/2doTrim\/edo_var_hp_2_16.pdf\" target=\"_blank\" rel=\"noopener noreferrer\">2do Trim<\/a><\/li>\n<li><a href=\"http:\/\/www.comapalocal.com\/nuevolaredo\/transparencia\/Archivos\/Finanzas\/2016\/3erTrim\/edo_var_hp_3_16.pdf\" target=\"_blank\" rel=\"noopener noreferrer\">3er Trim<\/a><\/li>\n<li><a href=\"http:\/\/www.comapalocal.com\/nuevolaredo\/transparencia\/Archivos\/Finanzas\/2016\/4toTrim\/edo_var_hp_4_16.pdf\" target=\"_blank\" rel=\"noopener noreferrer\">4to Trim<\/a><\/li>\n<\/ul>\n<\/td>\n<\/tr>\n<tr>\n<td>A\u00f1o 2017<\/p>\n<ul>\n<li><a href=\"http:\/\/www.comapalocal.com\/nuevolaredo\/transparencia\/Archivos\/Finanzas\/2017\/1erTrim\/edo_var_hp_1_17.pdf\" target=\"_blank\" rel=\"noopener noreferrer\">1er Trim<\/a><\/li>\n<li><a href=\"http:\/\/www.comapalocal.com\/nuevolaredo\/transparencia\/Archivos\/Finanzas\/2017\/2doTrim\/edo_var_hp_2_17.pdf\" target=\"_blank\" rel=\"noopener noreferrer\">2do Trim<\/a><\/li>\n<li><a href=\"http:\/\/www.comapalocal.com\/nuevolaredo\/transparencia\/Archivos\/Finanzas\/2017\/3erTrim\/edo_var_hp_3_17.pdf\" target=\"_blank\" rel=\"noopener noreferrer\">3er Trim<\/a><\/li>\n<li><a href=\"http:\/\/www.comapalocal.com\/nuevolaredo\/transparencia\/Archivos\/Finanzas\/2017\/4toTrim\/edo_var_hp_4_17.pdf\" target=\"_blank\" rel=\"noopener noreferrer\">4to Trim<\/a><\/li>\n<\/ul>\n<\/td>\n<\/tr>\n<tr>\n<td>A\u00f1o 2018<\/p>\n<ul>\n<li><a href=\"http:\/\/www.comapalocal.com\/nuevolaredo\/transparencia\/Archivos\/Finanzas\/2018\/1erTrim\/edo_var_hp_1_18.pdf\" target=\"_blank\" rel=\"noopener noreferrer\">1er Trim<\/a><\/li>\n<li><a href=\"http:\/\/www.comapalocal.com\/nuevolaredo\/transparencia\/Archivos\/Finanzas\/2018\/2doTrim\/Edo_Var_hacienda_pub.pdf\" target=\"_blank\" rel=\"noopener noreferrer\">2do Trim<\/a><\/li>\n<li><a href=\"http:\/\/www.comapalocal.com\/nuevolaredo\/transparencia\/Archivos\/Finanzas\/2018\/3erTrim\/Edo_var_hacienda_pub.pdf\" target=\"_blank\" rel=\"noopener noreferrer\">3er Trim<\/a><\/li>\n<li><a href=\"http:\/\/www.comapalocal.com\/nuevolaredo\/transparencia\/Archivos\/Finanzas\/2018\/4toTrim\/Edo_var_hacienda_Pub.pdf\" target=\"_blank\" rel=\"noopener noreferrer\">4to Trim<\/a><\/li>\n<\/ul>\n<\/td>\n<\/tr>\n<tr>\n<td>A\u00f1o 2019<\/p>\n<ul>\n<li><a href=\"http:\/\/www.comapalocal.com\/nuevolaredo\/transparencia\/Archivos\/Finanzas\/2019\/1erTrim\/Edo_var_hacienda_pub.pdf\" target=\"_blank\" rel=\"noopener noreferrer\">1er Trim<\/a><\/li>\n<li><a href=\"http:\/\/www.comapalocal.com\/nuevolaredo\/transparencia\/Archivos\/Finanzas\/2019\/2doTrim\/F_3.pdf\" target=\"_blank\" rel=\"noopener noreferrer\">2do Trim<\/a><\/li>\n<li><a href=\"http:\/\/www.comapalocal.com\/nuevolaredo\/transparencia\/Archivos\/Finanzas\/2019\/3erTrim\/F_3.pdf\" target=\"_blank\" rel=\"noopener noreferrer\">3er Trim<\/a><\/li>\n<li><a href=\"http:\/\/www.comapalocal.com\/nuevolaredo\/transparencia\/Archivos\/Finanzas\/2019\/4toTrim\/F_3.pdf\" target=\"_blank\" rel=\"noopener noreferrer\">4to Trim<\/a><\/li>\n<\/ul>\n<\/td>\n<\/tr>\n<tr>\n<td>A\u00f1o 2020<\/p>\n<ul>\n<li><a href=\"http:\/\/www.comapalocal.com\/nuevolaredo\/transparencia\/Archivos\/Finanzas\/2020\/1erTrim\/F_3.pdf\" target=\"_blank\" rel=\"noopener noreferrer\">1er Trim<\/a><\/li>\n<li><a href=\"http:\/\/www.comapalocal.com\/nuevolaredo\/transparencia\/Archivos\/Finanzas\/2020\/2doTrim\/F_3.pdf\" target=\"_blank\" rel=\"noopener noreferrer\">2do Trim<\/a><\/li>\n<li><a href=\"http:\/\/www.comapalocal.com\/nuevolaredo\/transparencia\/Archivos\/Finanzas\/2020\/3erTrim\/F_3.pdf\" target=\"_blank\" rel=\"noopener noreferrer\">3er Trim<\/a><\/li>\n<li><a href=\"http:\/\/www.comapalocal.com\/nuevolaredo\/transparencia\/Archivos\/Finanzas\/2020\/4toTrim\/F_3.pdf\" target=\"_blank\" rel=\"noopener noreferrer\">4to Trim<\/a><\/li>\n<\/ul>\n<\/td>\n<\/tr>\n<tr>\n<td>A\u00f1o 2021<\/p>\n<ul>\n<li><a href=\"http:\/\/www.comapalocal.com\/nuevolaredo\/transparencia\/Archivos\/Finanzas\/2021\/1erTrim\/F_3.pdf\" target=\"_blank\" rel=\"noopener noreferrer\">1er Trim<\/a><\/li>\n<li><a href=\"http:\/\/www.comapalocal.com\/nuevolaredo\/transparencia\/Archivos\/Finanzas\/2021\/2doTrim\/F_3.pdf\" target=\"_blank\" rel=\"noopener noreferrer\">2do Trim<\/a><\/li>\n<li><a href=\"http:\/\/www.comapalocal.com\/nuevolaredo\/transparencia\/Archivos\/Finanzas\/2021\/3erTrim\/F_3.pdf\" target=\"_blank\" rel=\"noopener noreferrer\">3er Trim<\/a><\/li>\n<li><a href=\"http:\/\/www.comapalocal.com\/nuevolaredo\/transparencia\/Archivos\/Finanzas\/2021\/4toTrim\/F_3.pdf\" target=\"_blank\" rel=\"noopener noreferrer\">4to Trim<\/a><\/li>\n<\/ul>\n<\/td>\n<\/tr>\n<tr>\n<td>A\u00f1o 2022<\/p>\n<ul>\n<li><a href=\"http:\/\/www.comapalocal.com\/nuevolaredo\/transparencia\/Archivos\/Finanzas\/2022\/1erTrim\/F_3.pdf\" target=\"_blank\" rel=\"noopener noreferrer\">1er Trim<\/a><\/li>\n<li><a href=\"http:\/\/www.comapalocal.com\/nuevolaredo\/transparencia\/Archivos\/Finanzas\/2022\/2doTrim\/F_3.pdf\" target=\"_blank\" rel=\"noopener noreferrer\">2do Trim<\/a><\/li>\n<li><a href=\"http:\/\/www.comapalocal.com\/nuevolaredo\/transparencia\/Archivos\/Finanzas\/2022\/3erTrim\/F_3.pdf\" target=\"_blank\" rel=\"noopener noreferrer\">3er Trim<\/a><\/li>\n<li><a href=\"http:\/\/www.comapalocal.com\/nuevolaredo\/transparencia\/Archivos\/Finanzas\/2022\/4toTrim\/F_3.pdf\" target=\"_blank\" rel=\"noopener noreferrer\">4to Trim<\/a><\/li>\n<\/ul>\n<\/td>\n<\/tr>\n<tr>\n<td>A\u00f1o 2023<\/p>\n<ul>\n<li><a href=\"http:\/\/www.comapalocal.com\/nuevolaredo\/transparencia\/Archivos\/Finanzas\/2023\/1erTrim\/F_3.pdf\" target=\"_blank\" rel=\"noopener noreferrer\">1er Trim<\/a><\/li>\n<li><a href=\"http:\/\/www.comapalocal.com\/nuevolaredo\/transparencia\/Archivos\/Finanzas\/2023\/2doTrim\/F_3.pdf\" target=\"_blank\" rel=\"noopener noreferrer\">2do Trim<\/a><\/li>\n<li><a href=\"http:\/\/www.comapalocal.com\/nuevolaredo\/transparencia\/Archivos\/Finanzas\/2023\/3erTrim\/F_3.pdf\" target=\"_blank\" rel=\"noopener noreferrer\">3er Trim<\/a><\/li>\n<li><a href=\"http:\/\/www.comapalocal.com\/nuevolaredo\/transparencia\/Archivos\/Finanzas\/2023\/4toTrim\/F_3.pdf\" target=\"_blank\" rel=\"noopener noreferrer\">4to Trim<\/a><\/li>\n<\/ul>\n<\/td>\n<\/tr>\n<tr>\n<td>A\u00f1o 2024<\/p>\n<ul>\n<li><a href=\"http:\/\/www.comapalocal.com\/nuevolaredo\/transparencia\/Archivos\/Finanzas\/2024\/1erTrim\/F_3.pdf\" target=\"_blank\" rel=\"noopener noreferrer\">1er Trim<\/a><\/li>\n<li><a href=\"http:\/\/www.comapalocal.com\/nuevolaredo\/transparencia\/Archivos\/Finanzas\/2024\/2doTrim\/F_3.pdf\" target=\"_blank\" rel=\"noopener noreferrer\">2do Trim<\/a><\/li>\n<li><a href=\"http:\/\/www.comapalocal.com\/nuevolaredo\/transparencia\/Archivos\/Finanzas\/2024\/3erTrim\/F_3.pdf\" target=\"_blank\" rel=\"noopener noreferrer\">3er Trim<\/a><\/li>\n<li><a href=\"http:\/\/www.comapalocal.com\/nuevolaredo\/transparencia\/Archivos\/Finanzas\/2024\/4toTrim\/F_3.pdf\" target=\"_blank\" rel=\"noopener noreferrer\">4to Trim<\/a><\/li>\n<\/ul>\n<\/td>\n<\/tr>\n<tr>\n<td>A\u00f1o 2025<\/p>\n<ul>\n<li><a style=\"color: dodgerblue;\" href=\"http:\/\/www.comapalocal.com\/nuevolaredo\/transparencia\/Archivos\/Finanzas\/2025\/1erTrim\/F_3.pdf\" target=\"_blank\" rel=\"noopener noreferrer\">1er Trim<\/a><\/li>\n<li><a style=\"color: dodgerblue;\" href=\"http:\/\/www.comapalocal.com\/nuevolaredo\/transparencia\/Archivos\/Finanzas\/2025\/2doTrim\/F_3.pdf\">2do Trim<\/a><\/li>\n<li><a style=\"color: dodgerblue;\" href=\"http:\/\/www.comapalocal.com\/nuevolaredo\/transparencia\/Archivos\/Finanzas\/2025\/3erTrim\/F_3.pdf\">3er Trim<\/a><\/li>\n<li><a style=\"color: dodgerblue;\" href=\"http:\/\/www.comapalocal.com\/nuevolaredo\/transparencia\/Archivos\/Finanzas\/2025\/4toTrim\/F_3.pdf\">4to Trim<\/a><\/li>\n<\/ul>\n<\/td>\n<\/tr>\n<\/tbody>\n<\/table>\n<p>&#x2705;Actualizaci\u00f3n 26\/Ene\/2026<\/p>\n","protected":false},"excerpt":{"rendered":"<p>Estado de variaci\u00f3n en la hacienda p\u00fablica A\u00f1o 2015 1er Trim 2do Trim 3er Trim 4to Trim A\u00f1o 2016 1er Trim 2do Trim 3er Trim 4to Trim A\u00f1o 2017 1er Trim 2do Trim 3er Trim 4to Trim A\u00f1o 2018 1er Trim 2do Trim 3er Trim 4to Trim A\u00f1o 2019 1er Trim 2do Trim 3er Trim [&hellip;]<\/p>\n","protected":false},"author":1,"featured_media":0,"parent":0,"menu_order":0,"comment_status":"closed","ping_status":"closed","template":"","meta":{"footnotes":""},"class_list":["post-4893","page","type-page","status-publish","hentry"],"yoast_head":"<!-- This site is optimized with the Yoast SEO plugin v27.3 - https:\/\/yoast.com\/product\/yoast-seo-wordpress\/ -->\r\n<title>Estado de variaci\u00f3n en la hacienda p\u00fablica - Comapa Nuevo Laredo<\/title>\r\n<meta name=\"robots\" content=\"index, follow, max-snippet:-1, max-image-preview:large, max-video-preview:-1\" \/>\r\n<link rel=\"canonical\" href=\"https:\/\/www.comapanuevolaredo.gob.mx\/sitio\/estado-de-variacion-en-la-hacienda-publica\/\" \/>\r\n<meta property=\"og:locale\" content=\"es_ES\" \/>\r\n<meta property=\"og:type\" content=\"article\" \/>\r\n<meta property=\"og:title\" content=\"Estado de variaci\u00f3n en la hacienda p\u00fablica - Comapa Nuevo Laredo\" \/>\r\n<meta property=\"og:description\" content=\"Estado de variaci\u00f3n en la hacienda p\u00fablica A\u00f1o 2015 1er Trim 2do Trim 3er Trim 4to Trim A\u00f1o 2016 1er Trim 2do Trim 3er Trim 4to Trim A\u00f1o 2017 1er Trim 2do Trim 3er Trim 4to Trim A\u00f1o 2018 1er Trim 2do Trim 3er Trim 4to Trim A\u00f1o 2019 1er Trim 2do Trim 3er Trim [&hellip;]\" \/>\r\n<meta property=\"og:url\" content=\"https:\/\/www.comapanuevolaredo.gob.mx\/sitio\/estado-de-variacion-en-la-hacienda-publica\/\" \/>\r\n<meta property=\"og:site_name\" content=\"Comapa Nuevo Laredo\" \/>\r\n<meta property=\"article:publisher\" content=\"https:\/\/www.facebook.com\/comapa.nuevolaredo\/\" \/>\r\n<meta property=\"article:modified_time\" content=\"2026-01-26T18:43:03+00:00\" \/>\r\n<meta property=\"og:image\" content=\"https:\/\/www.comapanuevolaredo.gob.mx\/sitio\/wp-content\/uploads\/2016\/12\/2romanos.png\" \/>\r\n\t<meta property=\"og:image:width\" content=\"80\" \/>\r\n\t<meta property=\"og:image:height\" content=\"50\" \/>\r\n\t<meta property=\"og:image:type\" content=\"image\/png\" \/>\r\n<meta name=\"twitter:card\" content=\"summary_large_image\" \/>\r\n<meta name=\"twitter:site\" content=\"@ComapaNvoLaredo\" \/>\r\n<meta name=\"twitter:label1\" content=\"Tiempo de lectura\" \/>\n\t<meta name=\"twitter:data1\" content=\"1 minuto\" \/>\r\n<script type=\"application\/ld+json\" class=\"yoast-schema-graph\">{\"@context\":\"https:\\\/\\\/schema.org\",\"@graph\":[{\"@type\":\"WebPage\",\"@id\":\"https:\\\/\\\/www.comapanuevolaredo.gob.mx\\\/sitio\\\/estado-de-variacion-en-la-hacienda-publica\\\/\",\"url\":\"https:\\\/\\\/www.comapanuevolaredo.gob.mx\\\/sitio\\\/estado-de-variacion-en-la-hacienda-publica\\\/\",\"name\":\"Estado de variaci\u00f3n en la hacienda p\u00fablica - Comapa Nuevo Laredo\",\"isPartOf\":{\"@id\":\"https:\\\/\\\/www.comapanuevolaredo.gob.mx\\\/sitio\\\/#website\"},\"primaryImageOfPage\":{\"@id\":\"https:\\\/\\\/www.comapanuevolaredo.gob.mx\\\/sitio\\\/estado-de-variacion-en-la-hacienda-publica\\\/#primaryimage\"},\"image\":{\"@id\":\"https:\\\/\\\/www.comapanuevolaredo.gob.mx\\\/sitio\\\/estado-de-variacion-en-la-hacienda-publica\\\/#primaryimage\"},\"thumbnailUrl\":\"https:\\\/\\\/www.comapanuevolaredo.gob.mx\\\/sitio\\\/wp-content\\\/uploads\\\/2018\\\/05\\\/c.png\",\"datePublished\":\"2026-01-26T08:15:54+00:00\",\"dateModified\":\"2026-01-26T18:43:03+00:00\",\"breadcrumb\":{\"@id\":\"https:\\\/\\\/www.comapanuevolaredo.gob.mx\\\/sitio\\\/estado-de-variacion-en-la-hacienda-publica\\\/#breadcrumb\"},\"inLanguage\":\"es\",\"potentialAction\":[{\"@type\":\"ReadAction\",\"target\":[\"https:\\\/\\\/www.comapanuevolaredo.gob.mx\\\/sitio\\\/estado-de-variacion-en-la-hacienda-publica\\\/\"]}]},{\"@type\":\"ImageObject\",\"inLanguage\":\"es\",\"@id\":\"https:\\\/\\\/www.comapanuevolaredo.gob.mx\\\/sitio\\\/estado-de-variacion-en-la-hacienda-publica\\\/#primaryimage\",\"url\":\"https:\\\/\\\/www.comapanuevolaredo.gob.mx\\\/sitio\\\/wp-content\\\/uploads\\\/2014\\\/10\\\/Organigrama2.png\",\"contentUrl\":\"https:\\\/\\\/www.comapanuevolaredo.gob.mx\\\/sitio\\\/wp-content\\\/uploads\\\/2014\\\/10\\\/Organigrama2.png\",\"width\":100,\"height\":100},{\"@type\":\"BreadcrumbList\",\"@id\":\"https:\\\/\\\/www.comapanuevolaredo.gob.mx\\\/sitio\\\/estado-de-variacion-en-la-hacienda-publica\\\/#breadcrumb\",\"itemListElement\":[{\"@type\":\"ListItem\",\"position\":1,\"name\":\"Home\",\"item\":\"https:\\\/\\\/www.comapanuevolaredo.gob.mx\\\/sitio\\\/\"},{\"@type\":\"ListItem\",\"position\":2,\"name\":\"Estado de variaci\u00f3n en la hacienda p\u00fablica\"}]},{\"@type\":\"WebSite\",\"@id\":\"https:\\\/\\\/www.comapanuevolaredo.gob.mx\\\/sitio\\\/#website\",\"url\":\"https:\\\/\\\/www.comapanuevolaredo.gob.mx\\\/sitio\\\/\",\"name\":\"Comapa Nuevo Laredo\",\"description\":\"Servicio y distribuci\u00f3n de agua potable y drenaje, planta potabilizadora en NLD, a orillas del R\u00edo Bravo, en la Frontera Norte de Tamaulipas, M\u00e9xico\",\"publisher\":{\"@id\":\"https:\\\/\\\/www.comapanuevolaredo.gob.mx\\\/sitio\\\/#organization\"},\"potentialAction\":[{\"@type\":\"SearchAction\",\"target\":{\"@type\":\"EntryPoint\",\"urlTemplate\":\"https:\\\/\\\/www.comapanuevolaredo.gob.mx\\\/sitio\\\/?s={search_term_string}\"},\"query-input\":{\"@type\":\"PropertyValueSpecification\",\"valueRequired\":true,\"valueName\":\"search_term_string\"}}],\"inLanguage\":\"es\"},{\"@type\":\"Organization\",\"@id\":\"https:\\\/\\\/www.comapanuevolaredo.gob.mx\\\/sitio\\\/#organization\",\"name\":\"Comapa Nuevo Laredo\",\"url\":\"https:\\\/\\\/www.comapanuevolaredo.gob.mx\\\/sitio\\\/\",\"logo\":{\"@type\":\"ImageObject\",\"inLanguage\":\"es\",\"@id\":\"https:\\\/\\\/www.comapanuevolaredo.gob.mx\\\/sitio\\\/#\\\/schema\\\/logo\\\/image\\\/\",\"url\":\"https:\\\/\\\/www.comapanuevolaredo.gob.mx\\\/sitio\\\/wp-content\\\/uploads\\\/2025\\\/02\\\/cropped-512.jpg\",\"contentUrl\":\"https:\\\/\\\/www.comapanuevolaredo.gob.mx\\\/sitio\\\/wp-content\\\/uploads\\\/2025\\\/02\\\/cropped-512.jpg\",\"width\":512,\"height\":512,\"caption\":\"Comapa Nuevo Laredo\"},\"image\":{\"@id\":\"https:\\\/\\\/www.comapanuevolaredo.gob.mx\\\/sitio\\\/#\\\/schema\\\/logo\\\/image\\\/\"},\"sameAs\":[\"https:\\\/\\\/www.facebook.com\\\/comapa.nuevolaredo\\\/\",\"https:\\\/\\\/x.com\\\/ComapaNvoLaredo\",\"https:\\\/\\\/www.instagram.com\\\/comapanld\\\/\"]}]}<\/script>\r\n<!-- \/ Yoast SEO plugin. -->","yoast_head_json":{"title":"Estado de variaci\u00f3n en la hacienda p\u00fablica - Comapa Nuevo Laredo","robots":{"index":"index","follow":"follow","max-snippet":"max-snippet:-1","max-image-preview":"max-image-preview:large","max-video-preview":"max-video-preview:-1"},"canonical":"https:\/\/www.comapanuevolaredo.gob.mx\/sitio\/estado-de-variacion-en-la-hacienda-publica\/","og_locale":"es_ES","og_type":"article","og_title":"Estado de variaci\u00f3n en la hacienda p\u00fablica - Comapa Nuevo Laredo","og_description":"Estado de variaci\u00f3n en la hacienda p\u00fablica A\u00f1o 2015 1er Trim 2do Trim 3er Trim 4to Trim A\u00f1o 2016 1er Trim 2do Trim 3er Trim 4to Trim A\u00f1o 2017 1er Trim 2do Trim 3er Trim 4to Trim A\u00f1o 2018 1er Trim 2do Trim 3er Trim 4to Trim A\u00f1o 2019 1er Trim 2do Trim 3er Trim [&hellip;]","og_url":"https:\/\/www.comapanuevolaredo.gob.mx\/sitio\/estado-de-variacion-en-la-hacienda-publica\/","og_site_name":"Comapa Nuevo Laredo","article_publisher":"https:\/\/www.facebook.com\/comapa.nuevolaredo\/","article_modified_time":"2026-01-26T18:43:03+00:00","og_image":[{"width":80,"height":50,"url":"https:\/\/www.comapanuevolaredo.gob.mx\/sitio\/wp-content\/uploads\/2016\/12\/2romanos.png","type":"image\/png"}],"twitter_card":"summary_large_image","twitter_site":"@ComapaNvoLaredo","twitter_misc":{"Tiempo de lectura":"1 minuto"},"schema":{"@context":"https:\/\/schema.org","@graph":[{"@type":"WebPage","@id":"https:\/\/www.comapanuevolaredo.gob.mx\/sitio\/estado-de-variacion-en-la-hacienda-publica\/","url":"https:\/\/www.comapanuevolaredo.gob.mx\/sitio\/estado-de-variacion-en-la-hacienda-publica\/","name":"Estado de variaci\u00f3n en la hacienda p\u00fablica - Comapa Nuevo Laredo","isPartOf":{"@id":"https:\/\/www.comapanuevolaredo.gob.mx\/sitio\/#website"},"primaryImageOfPage":{"@id":"https:\/\/www.comapanuevolaredo.gob.mx\/sitio\/estado-de-variacion-en-la-hacienda-publica\/#primaryimage"},"image":{"@id":"https:\/\/www.comapanuevolaredo.gob.mx\/sitio\/estado-de-variacion-en-la-hacienda-publica\/#primaryimage"},"thumbnailUrl":"https:\/\/www.comapanuevolaredo.gob.mx\/sitio\/wp-content\/uploads\/2018\/05\/c.png","datePublished":"2026-01-26T08:15:54+00:00","dateModified":"2026-01-26T18:43:03+00:00","breadcrumb":{"@id":"https:\/\/www.comapanuevolaredo.gob.mx\/sitio\/estado-de-variacion-en-la-hacienda-publica\/#breadcrumb"},"inLanguage":"es","potentialAction":[{"@type":"ReadAction","target":["https:\/\/www.comapanuevolaredo.gob.mx\/sitio\/estado-de-variacion-en-la-hacienda-publica\/"]}]},{"@type":"ImageObject","inLanguage":"es","@id":"https:\/\/www.comapanuevolaredo.gob.mx\/sitio\/estado-de-variacion-en-la-hacienda-publica\/#primaryimage","url":"https:\/\/www.comapanuevolaredo.gob.mx\/sitio\/wp-content\/uploads\/2014\/10\/Organigrama2.png","contentUrl":"https:\/\/www.comapanuevolaredo.gob.mx\/sitio\/wp-content\/uploads\/2014\/10\/Organigrama2.png","width":100,"height":100},{"@type":"BreadcrumbList","@id":"https:\/\/www.comapanuevolaredo.gob.mx\/sitio\/estado-de-variacion-en-la-hacienda-publica\/#breadcrumb","itemListElement":[{"@type":"ListItem","position":1,"name":"Home","item":"https:\/\/www.comapanuevolaredo.gob.mx\/sitio\/"},{"@type":"ListItem","position":2,"name":"Estado de variaci\u00f3n en la hacienda p\u00fablica"}]},{"@type":"WebSite","@id":"https:\/\/www.comapanuevolaredo.gob.mx\/sitio\/#website","url":"https:\/\/www.comapanuevolaredo.gob.mx\/sitio\/","name":"Comapa Nuevo Laredo","description":"Servicio y distribuci\u00f3n de agua potable y drenaje, planta potabilizadora en NLD, a orillas del R\u00edo Bravo, en la Frontera Norte de Tamaulipas, M\u00e9xico","publisher":{"@id":"https:\/\/www.comapanuevolaredo.gob.mx\/sitio\/#organization"},"potentialAction":[{"@type":"SearchAction","target":{"@type":"EntryPoint","urlTemplate":"https:\/\/www.comapanuevolaredo.gob.mx\/sitio\/?s={search_term_string}"},"query-input":{"@type":"PropertyValueSpecification","valueRequired":true,"valueName":"search_term_string"}}],"inLanguage":"es"},{"@type":"Organization","@id":"https:\/\/www.comapanuevolaredo.gob.mx\/sitio\/#organization","name":"Comapa Nuevo Laredo","url":"https:\/\/www.comapanuevolaredo.gob.mx\/sitio\/","logo":{"@type":"ImageObject","inLanguage":"es","@id":"https:\/\/www.comapanuevolaredo.gob.mx\/sitio\/#\/schema\/logo\/image\/","url":"https:\/\/www.comapanuevolaredo.gob.mx\/sitio\/wp-content\/uploads\/2025\/02\/cropped-512.jpg","contentUrl":"https:\/\/www.comapanuevolaredo.gob.mx\/sitio\/wp-content\/uploads\/2025\/02\/cropped-512.jpg","width":512,"height":512,"caption":"Comapa Nuevo Laredo"},"image":{"@id":"https:\/\/www.comapanuevolaredo.gob.mx\/sitio\/#\/schema\/logo\/image\/"},"sameAs":["https:\/\/www.facebook.com\/comapa.nuevolaredo\/","https:\/\/x.com\/ComapaNvoLaredo","https:\/\/www.instagram.com\/comapanld\/"]}]}},"_links":{"self":[{"href":"https:\/\/www.comapanuevolaredo.gob.mx\/sitio\/wp-json\/wp\/v2\/pages\/4893","targetHints":{"allow":["GET"]}}],"collection":[{"href":"https:\/\/www.comapanuevolaredo.gob.mx\/sitio\/wp-json\/wp\/v2\/pages"}],"about":[{"href":"https:\/\/www.comapanuevolaredo.gob.mx\/sitio\/wp-json\/wp\/v2\/types\/page"}],"author":[{"embeddable":true,"href":"https:\/\/www.comapanuevolaredo.gob.mx\/sitio\/wp-json\/wp\/v2\/users\/1"}],"replies":[{"embeddable":true,"href":"https:\/\/www.comapanuevolaredo.gob.mx\/sitio\/wp-json\/wp\/v2\/comments?post=4893"}],"version-history":[{"count":42,"href":"https:\/\/www.comapanuevolaredo.gob.mx\/sitio\/wp-json\/wp\/v2\/pages\/4893\/revisions"}],"predecessor-version":[{"id":13610,"href":"https:\/\/www.comapanuevolaredo.gob.mx\/sitio\/wp-json\/wp\/v2\/pages\/4893\/revisions\/13610"}],"wp:attachment":[{"href":"https:\/\/www.comapanuevolaredo.gob.mx\/sitio\/wp-json\/wp\/v2\/media?parent=4893"}],"curies":[{"name":"wp","href":"https:\/\/api.w.org\/{rel}","templated":true}]}}