{"id":470,"date":"2012-04-20T14:44:49","date_gmt":"2012-04-20T14:44:49","guid":{"rendered":"https:\/\/www.comapanuevolaredo.gob.mx\/sitio\/?page_id=470"},"modified":"2012-04-20T17:03:41","modified_gmt":"2012-04-20T17:03:41","slug":"sobreexplotacion-y-contaminacion","status":"publish","type":"page","link":"https:\/\/www.comapanuevolaredo.gob.mx\/sitio\/sobreexplotacion-y-contaminacion\/","title":{"rendered":"Sobreexplotaci\u00f3n y contaminaci\u00f3n"},"content":{"rendered":"<p>La sobreexplotaci&oacute;n de los acu&iacute;feros es un grave problema que ha ido en aumento, pues en 1975 hab&iacute;a 32 acu&iacute;feros en esta condici&oacute;n; 10 a&ntilde;os despu&eacute;s eran 80 y para el 2007 la cifra ascendi&oacute; a 101.<\/p>\n<table width=\"50%\" border=\"1\" align=\"center\" cellpadding=\"4\" cellspacing=\"4\" bordercolor=\"#66CC33\">\n<tr bgcolor=\"#66CC33\">\n<td width=\"15%\">\n<div align=\"center\"><strong><font color=\"#FFFFFF\">A&ntilde;o<\/font><\/strong><\/div>\n<\/td>\n<td width=\"22%\">\n<div align=\"center\"><strong><font color=\"#FFFFFF\">N&uacute;mero de acu&iacute;feros sobreexplotados<\/font><\/strong><\/div>\n<\/td>\n<\/tr>\n<tr>\n<td>\n<div align=\"center\">1975<\/div>\n<\/td>\n<td>\n<div align=\"center\">32<\/div>\n<\/td>\n<\/tr>\n<tr>\n<td>\n<div align=\"center\">1981<\/div>\n<\/td>\n<td>\n<div align=\"center\">36<\/div>\n<\/td>\n<\/tr>\n<tr>\n<td>\n<div align=\"center\">1985<\/div>\n<\/td>\n<td>\n<div align=\"center\">80<\/div>\n<\/td>\n<\/tr>\n<tr>\n<td>\n<div align=\"center\">2004<\/div>\n<\/td>\n<td>\n<div align=\"center\">104<\/div>\n<\/td>\n<\/tr>\n<tr>\n<td>\n<p align=\"center\">2007<\/p>\n<\/td>\n<td>\n<div align=\"center\">101<\/div>\n<\/td>\n<\/tr>\n<tr>\n<td colspan=\"2\"><span class=\"fuente\">FUENTE: INEGI. Estad&iacute;sticas a prop&oacute;sito del D&iacute;a Mundial del Agua.<\/span><\/td>\n<\/tr>\n<\/table>\n<p>&nbsp;<\/p>\n<p>El agua se contamina por desechos industriales, peligrosos, s&oacute;lidos y\/o dom&eacute;sticos.<\/p>\n<p><img loading=\"lazy\" decoding=\"async\" src=\"https:\/\/www.comapanuevolaredo.gob.mx\/sitio\/wp-content\/uploads\/2012\/04\/contamina.gif\" width=\"300\" height=\"217\" hspace=\"5\" vspace=\"5\" align=\"right\">Los mayores problemas de contaminaci&oacute;n en el agua se presentan en el Valle de M&eacute;xico y el Sistema Cutzamala, seguidos por la pen&iacute;nsula de Baja California.<\/p>\n<p><strong>La contaminaci&oacute;n del agua puede provocar enfermedades infecciosas intestinales<\/strong>; en el 2007, en nuestro pa&iacute;s, <strong>estos padecimientos fueron la tercera causa de muerte en ni&ntilde;os<\/strong> menores de 4 a&ntilde;os, registrando 1 465 fallecimientos. <\/p>\n<p>La contaminaci&oacute;n que se genera en los r&iacute;os de M&eacute;xico  llega por este medio al mar, afectando la calidad del agua en las zonas costeras. De acuerdo con la SEMARNAT, del 2003 al 2006 se monitorearon poco m&aacute;s de 200 playas, de las cuales 95% resultaron con niveles de contaminaci&oacute;n aceptables y el resto tuvo niveles no recomendables para su uso recreativo.\n                                      <\/p>\n<p>&nbsp; <\/p>\n<table border=\"1\" align=\"center\" cellspacing=\"0\" bordercolor=\"#66CC33\">\n<tr>\n<td>\n<table width=\"100%\">\n<tr>\n<td>\n<div align=\"center\"><\/div>\n<p>                                                  <strong><\/p>\n<blockquote class=\"PostContent\"><p>&iexcl;Cuida el agua! &iexcl;No esperes a que los dem&aacute;s lo hagan, comienza t&uacute;!<\/p><\/blockquote>\n<p><\/strong><\/td>\n<\/tr>\n<\/table>\n<\/td>\n<\/tr>\n<\/table>\n","protected":false},"excerpt":{"rendered":"<p>La sobreexplotaci&oacute;n de los acu&iacute;feros es un grave problema que ha ido en aumento, pues en 1975 hab&iacute;a 32 acu&iacute;feros en esta condici&oacute;n; 10 a&ntilde;os despu&eacute;s eran 80 y para el 2007 la cifra ascendi&oacute; a 101. A&ntilde;o N&uacute;mero de acu&iacute;feros sobreexplotados 1975 32 1981 36 1985 80 2004 104 2007 101 FUENTE: INEGI. Estad&iacute;sticas [&hellip;]<\/p>\n","protected":false},"author":1,"featured_media":0,"parent":0,"menu_order":0,"comment_status":"closed","ping_status":"closed","template":"template-leftsidebar.php","meta":{"footnotes":""},"class_list":["post-470","page","type-page","status-publish","hentry"],"yoast_head":"<!-- This site is optimized with the Yoast SEO plugin v27.3 - https:\/\/yoast.com\/product\/yoast-seo-wordpress\/ -->\r\n<title>Sobreexplotaci\u00f3n y contaminaci\u00f3n - Comapa Nuevo Laredo<\/title>\r\n<meta name=\"robots\" content=\"index, follow, max-snippet:-1, max-image-preview:large, max-video-preview:-1\" \/>\r\n<link rel=\"canonical\" href=\"https:\/\/www.comapanuevolaredo.gob.mx\/sitio\/sobreexplotacion-y-contaminacion\/\" \/>\r\n<meta property=\"og:locale\" content=\"es_ES\" \/>\r\n<meta property=\"og:type\" content=\"article\" \/>\r\n<meta property=\"og:title\" content=\"Sobreexplotaci\u00f3n y contaminaci\u00f3n - Comapa Nuevo Laredo\" \/>\r\n<meta property=\"og:description\" content=\"La sobreexplotaci&oacute;n de los acu&iacute;feros es un grave problema que ha ido en aumento, pues en 1975 hab&iacute;a 32 acu&iacute;feros en esta condici&oacute;n; 10 a&ntilde;os despu&eacute;s eran 80 y para el 2007 la cifra ascendi&oacute; a 101. A&ntilde;o N&uacute;mero de acu&iacute;feros sobreexplotados 1975 32 1981 36 1985 80 2004 104 2007 101 FUENTE: INEGI. Estad&iacute;sticas [&hellip;]\" \/>\r\n<meta property=\"og:url\" content=\"https:\/\/www.comapanuevolaredo.gob.mx\/sitio\/sobreexplotacion-y-contaminacion\/\" \/>\r\n<meta property=\"og:site_name\" content=\"Comapa Nuevo Laredo\" \/>\r\n<meta property=\"article:publisher\" content=\"https:\/\/www.facebook.com\/comapa.nuevolaredo\/\" \/>\r\n<meta property=\"article:modified_time\" content=\"2012-04-20T17:03:41+00:00\" \/>\r\n<meta property=\"og:image\" content=\"https:\/\/www.comapanuevolaredo.gob.mx\/sitio\/wp-content\/uploads\/2012\/04\/contamina.gif\" \/>\r\n<meta name=\"twitter:card\" content=\"summary_large_image\" \/>\r\n<meta name=\"twitter:site\" content=\"@ComapaNvoLaredo\" \/>\r\n<meta name=\"twitter:label1\" content=\"Tiempo de lectura\" \/>\n\t<meta name=\"twitter:data1\" content=\"1 minuto\" \/>\r\n<script type=\"application\/ld+json\" class=\"yoast-schema-graph\">{\"@context\":\"https:\\\/\\\/schema.org\",\"@graph\":[{\"@type\":\"WebPage\",\"@id\":\"https:\\\/\\\/www.comapanuevolaredo.gob.mx\\\/sitio\\\/sobreexplotacion-y-contaminacion\\\/\",\"url\":\"https:\\\/\\\/www.comapanuevolaredo.gob.mx\\\/sitio\\\/sobreexplotacion-y-contaminacion\\\/\",\"name\":\"Sobreexplotaci\u00f3n y contaminaci\u00f3n - Comapa Nuevo Laredo\",\"isPartOf\":{\"@id\":\"https:\\\/\\\/www.comapanuevolaredo.gob.mx\\\/sitio\\\/#website\"},\"primaryImageOfPage\":{\"@id\":\"https:\\\/\\\/www.comapanuevolaredo.gob.mx\\\/sitio\\\/sobreexplotacion-y-contaminacion\\\/#primaryimage\"},\"image\":{\"@id\":\"https:\\\/\\\/www.comapanuevolaredo.gob.mx\\\/sitio\\\/sobreexplotacion-y-contaminacion\\\/#primaryimage\"},\"thumbnailUrl\":\"https:\\\/\\\/www.comapanuevolaredo.gob.mx\\\/sitio\\\/wp-content\\\/uploads\\\/2012\\\/04\\\/contamina.gif\",\"datePublished\":\"2012-04-20T14:44:49+00:00\",\"dateModified\":\"2012-04-20T17:03:41+00:00\",\"breadcrumb\":{\"@id\":\"https:\\\/\\\/www.comapanuevolaredo.gob.mx\\\/sitio\\\/sobreexplotacion-y-contaminacion\\\/#breadcrumb\"},\"inLanguage\":\"es\",\"potentialAction\":[{\"@type\":\"ReadAction\",\"target\":[\"https:\\\/\\\/www.comapanuevolaredo.gob.mx\\\/sitio\\\/sobreexplotacion-y-contaminacion\\\/\"]}]},{\"@type\":\"ImageObject\",\"inLanguage\":\"es\",\"@id\":\"https:\\\/\\\/www.comapanuevolaredo.gob.mx\\\/sitio\\\/sobreexplotacion-y-contaminacion\\\/#primaryimage\",\"url\":\"https:\\\/\\\/www.comapanuevolaredo.gob.mx\\\/sitio\\\/wp-content\\\/uploads\\\/2012\\\/04\\\/contamina.gif\",\"contentUrl\":\"https:\\\/\\\/www.comapanuevolaredo.gob.mx\\\/sitio\\\/wp-content\\\/uploads\\\/2012\\\/04\\\/contamina.gif\",\"width\":\"300\",\"height\":\"217\"},{\"@type\":\"BreadcrumbList\",\"@id\":\"https:\\\/\\\/www.comapanuevolaredo.gob.mx\\\/sitio\\\/sobreexplotacion-y-contaminacion\\\/#breadcrumb\",\"itemListElement\":[{\"@type\":\"ListItem\",\"position\":1,\"name\":\"Home\",\"item\":\"https:\\\/\\\/www.comapanuevolaredo.gob.mx\\\/sitio\\\/\"},{\"@type\":\"ListItem\",\"position\":2,\"name\":\"Sobreexplotaci\u00f3n y contaminaci\u00f3n\"}]},{\"@type\":\"WebSite\",\"@id\":\"https:\\\/\\\/www.comapanuevolaredo.gob.mx\\\/sitio\\\/#website\",\"url\":\"https:\\\/\\\/www.comapanuevolaredo.gob.mx\\\/sitio\\\/\",\"name\":\"Comapa Nuevo Laredo\",\"description\":\"Servicio y distribuci\u00f3n de agua potable y drenaje, planta potabilizadora en NLD, a orillas del R\u00edo Bravo, en la Frontera Norte de Tamaulipas, M\u00e9xico\",\"publisher\":{\"@id\":\"https:\\\/\\\/www.comapanuevolaredo.gob.mx\\\/sitio\\\/#organization\"},\"potentialAction\":[{\"@type\":\"SearchAction\",\"target\":{\"@type\":\"EntryPoint\",\"urlTemplate\":\"https:\\\/\\\/www.comapanuevolaredo.gob.mx\\\/sitio\\\/?s={search_term_string}\"},\"query-input\":{\"@type\":\"PropertyValueSpecification\",\"valueRequired\":true,\"valueName\":\"search_term_string\"}}],\"inLanguage\":\"es\"},{\"@type\":\"Organization\",\"@id\":\"https:\\\/\\\/www.comapanuevolaredo.gob.mx\\\/sitio\\\/#organization\",\"name\":\"Comapa Nuevo Laredo\",\"url\":\"https:\\\/\\\/www.comapanuevolaredo.gob.mx\\\/sitio\\\/\",\"logo\":{\"@type\":\"ImageObject\",\"inLanguage\":\"es\",\"@id\":\"https:\\\/\\\/www.comapanuevolaredo.gob.mx\\\/sitio\\\/#\\\/schema\\\/logo\\\/image\\\/\",\"url\":\"https:\\\/\\\/www.comapanuevolaredo.gob.mx\\\/sitio\\\/wp-content\\\/uploads\\\/2025\\\/02\\\/cropped-512.jpg\",\"contentUrl\":\"https:\\\/\\\/www.comapanuevolaredo.gob.mx\\\/sitio\\\/wp-content\\\/uploads\\\/2025\\\/02\\\/cropped-512.jpg\",\"width\":512,\"height\":512,\"caption\":\"Comapa Nuevo Laredo\"},\"image\":{\"@id\":\"https:\\\/\\\/www.comapanuevolaredo.gob.mx\\\/sitio\\\/#\\\/schema\\\/logo\\\/image\\\/\"},\"sameAs\":[\"https:\\\/\\\/www.facebook.com\\\/comapa.nuevolaredo\\\/\",\"https:\\\/\\\/x.com\\\/ComapaNvoLaredo\",\"https:\\\/\\\/www.instagram.com\\\/comapanld\\\/\"]}]}<\/script>\r\n<!-- \/ Yoast SEO plugin. -->","yoast_head_json":{"title":"Sobreexplotaci\u00f3n y contaminaci\u00f3n - Comapa Nuevo Laredo","robots":{"index":"index","follow":"follow","max-snippet":"max-snippet:-1","max-image-preview":"max-image-preview:large","max-video-preview":"max-video-preview:-1"},"canonical":"https:\/\/www.comapanuevolaredo.gob.mx\/sitio\/sobreexplotacion-y-contaminacion\/","og_locale":"es_ES","og_type":"article","og_title":"Sobreexplotaci\u00f3n y contaminaci\u00f3n - Comapa Nuevo Laredo","og_description":"La sobreexplotaci&oacute;n de los acu&iacute;feros es un grave problema que ha ido en aumento, pues en 1975 hab&iacute;a 32 acu&iacute;feros en esta condici&oacute;n; 10 a&ntilde;os despu&eacute;s eran 80 y para el 2007 la cifra ascendi&oacute; a 101. A&ntilde;o N&uacute;mero de acu&iacute;feros sobreexplotados 1975 32 1981 36 1985 80 2004 104 2007 101 FUENTE: INEGI. Estad&iacute;sticas [&hellip;]","og_url":"https:\/\/www.comapanuevolaredo.gob.mx\/sitio\/sobreexplotacion-y-contaminacion\/","og_site_name":"Comapa Nuevo Laredo","article_publisher":"https:\/\/www.facebook.com\/comapa.nuevolaredo\/","article_modified_time":"2012-04-20T17:03:41+00:00","og_image":[{"url":"https:\/\/www.comapanuevolaredo.gob.mx\/sitio\/wp-content\/uploads\/2012\/04\/contamina.gif","type":"","width":"","height":""}],"twitter_card":"summary_large_image","twitter_site":"@ComapaNvoLaredo","twitter_misc":{"Tiempo de lectura":"1 minuto"},"schema":{"@context":"https:\/\/schema.org","@graph":[{"@type":"WebPage","@id":"https:\/\/www.comapanuevolaredo.gob.mx\/sitio\/sobreexplotacion-y-contaminacion\/","url":"https:\/\/www.comapanuevolaredo.gob.mx\/sitio\/sobreexplotacion-y-contaminacion\/","name":"Sobreexplotaci\u00f3n y contaminaci\u00f3n - Comapa Nuevo Laredo","isPartOf":{"@id":"https:\/\/www.comapanuevolaredo.gob.mx\/sitio\/#website"},"primaryImageOfPage":{"@id":"https:\/\/www.comapanuevolaredo.gob.mx\/sitio\/sobreexplotacion-y-contaminacion\/#primaryimage"},"image":{"@id":"https:\/\/www.comapanuevolaredo.gob.mx\/sitio\/sobreexplotacion-y-contaminacion\/#primaryimage"},"thumbnailUrl":"https:\/\/www.comapanuevolaredo.gob.mx\/sitio\/wp-content\/uploads\/2012\/04\/contamina.gif","datePublished":"2012-04-20T14:44:49+00:00","dateModified":"2012-04-20T17:03:41+00:00","breadcrumb":{"@id":"https:\/\/www.comapanuevolaredo.gob.mx\/sitio\/sobreexplotacion-y-contaminacion\/#breadcrumb"},"inLanguage":"es","potentialAction":[{"@type":"ReadAction","target":["https:\/\/www.comapanuevolaredo.gob.mx\/sitio\/sobreexplotacion-y-contaminacion\/"]}]},{"@type":"ImageObject","inLanguage":"es","@id":"https:\/\/www.comapanuevolaredo.gob.mx\/sitio\/sobreexplotacion-y-contaminacion\/#primaryimage","url":"https:\/\/www.comapanuevolaredo.gob.mx\/sitio\/wp-content\/uploads\/2012\/04\/contamina.gif","contentUrl":"https:\/\/www.comapanuevolaredo.gob.mx\/sitio\/wp-content\/uploads\/2012\/04\/contamina.gif","width":"300","height":"217"},{"@type":"BreadcrumbList","@id":"https:\/\/www.comapanuevolaredo.gob.mx\/sitio\/sobreexplotacion-y-contaminacion\/#breadcrumb","itemListElement":[{"@type":"ListItem","position":1,"name":"Home","item":"https:\/\/www.comapanuevolaredo.gob.mx\/sitio\/"},{"@type":"ListItem","position":2,"name":"Sobreexplotaci\u00f3n y contaminaci\u00f3n"}]},{"@type":"WebSite","@id":"https:\/\/www.comapanuevolaredo.gob.mx\/sitio\/#website","url":"https:\/\/www.comapanuevolaredo.gob.mx\/sitio\/","name":"Comapa Nuevo Laredo","description":"Servicio y distribuci\u00f3n de agua potable y drenaje, planta potabilizadora en NLD, a orillas del R\u00edo Bravo, en la Frontera Norte de Tamaulipas, M\u00e9xico","publisher":{"@id":"https:\/\/www.comapanuevolaredo.gob.mx\/sitio\/#organization"},"potentialAction":[{"@type":"SearchAction","target":{"@type":"EntryPoint","urlTemplate":"https:\/\/www.comapanuevolaredo.gob.mx\/sitio\/?s={search_term_string}"},"query-input":{"@type":"PropertyValueSpecification","valueRequired":true,"valueName":"search_term_string"}}],"inLanguage":"es"},{"@type":"Organization","@id":"https:\/\/www.comapanuevolaredo.gob.mx\/sitio\/#organization","name":"Comapa Nuevo Laredo","url":"https:\/\/www.comapanuevolaredo.gob.mx\/sitio\/","logo":{"@type":"ImageObject","inLanguage":"es","@id":"https:\/\/www.comapanuevolaredo.gob.mx\/sitio\/#\/schema\/logo\/image\/","url":"https:\/\/www.comapanuevolaredo.gob.mx\/sitio\/wp-content\/uploads\/2025\/02\/cropped-512.jpg","contentUrl":"https:\/\/www.comapanuevolaredo.gob.mx\/sitio\/wp-content\/uploads\/2025\/02\/cropped-512.jpg","width":512,"height":512,"caption":"Comapa Nuevo Laredo"},"image":{"@id":"https:\/\/www.comapanuevolaredo.gob.mx\/sitio\/#\/schema\/logo\/image\/"},"sameAs":["https:\/\/www.facebook.com\/comapa.nuevolaredo\/","https:\/\/x.com\/ComapaNvoLaredo","https:\/\/www.instagram.com\/comapanld\/"]}]}},"_links":{"self":[{"href":"https:\/\/www.comapanuevolaredo.gob.mx\/sitio\/wp-json\/wp\/v2\/pages\/470","targetHints":{"allow":["GET"]}}],"collection":[{"href":"https:\/\/www.comapanuevolaredo.gob.mx\/sitio\/wp-json\/wp\/v2\/pages"}],"about":[{"href":"https:\/\/www.comapanuevolaredo.gob.mx\/sitio\/wp-json\/wp\/v2\/types\/page"}],"author":[{"embeddable":true,"href":"https:\/\/www.comapanuevolaredo.gob.mx\/sitio\/wp-json\/wp\/v2\/users\/1"}],"replies":[{"embeddable":true,"href":"https:\/\/www.comapanuevolaredo.gob.mx\/sitio\/wp-json\/wp\/v2\/comments?post=470"}],"version-history":[{"count":6,"href":"https:\/\/www.comapanuevolaredo.gob.mx\/sitio\/wp-json\/wp\/v2\/pages\/470\/revisions"}],"predecessor-version":[{"id":559,"href":"https:\/\/www.comapanuevolaredo.gob.mx\/sitio\/wp-json\/wp\/v2\/pages\/470\/revisions\/559"}],"wp:attachment":[{"href":"https:\/\/www.comapanuevolaredo.gob.mx\/sitio\/wp-json\/wp\/v2\/media?parent=470"}],"curies":[{"name":"wp","href":"https:\/\/api.w.org\/{rel}","templated":true}]}}