{"id":464,"date":"2012-04-20T14:41:42","date_gmt":"2012-04-20T14:41:42","guid":{"rendered":"https:\/\/www.comapanuevolaredo.gob.mx\/sitio\/?page_id=464"},"modified":"2012-04-20T16:33:59","modified_gmt":"2012-04-20T16:33:59","slug":"usos","status":"publish","type":"page","link":"https:\/\/www.comapanuevolaredo.gob.mx\/sitio\/usos\/","title":{"rendered":"Usos"},"content":{"rendered":"\n<p>En M&eacute;xico, 77% del agua se utiliza en la agricultura; 14%, en el abastecimiento p&uacute;blico; 5%, en las termoel&eacute;ctricas y 4%, en la industria.<\/p>\n<p align=\"center\"><img loading=\"lazy\" decoding=\"async\" src=\"https:\/\/www.comapanuevolaredo.gob.mx\/sitio\/wp-content\/uploads\/2012\/04\/usos-mexico.gif\" width=\"354\" height=\"139\"><\/p>\n<p align=\"center\" class=\"fuente\">FUENTE: SEMARNAT. Estad&iacute;sticas del<br \/>\n                                        agua en M&eacute;xico, 2008.<\/p>\n<p>&nbsp;<\/p>\n<table width=\"90%\" border=\"1\" align=\"center\" cellpadding=\"0\" cellspacing=\"0\" bordercolor=\"#66CC33\">\n<tr>\n<td>\n<table border=\"0\" cellpadding=\"2\" cellspacing=\"4\">\n<tr>\n<td width=\"597\">\n<p><strong>Agr&iacute;cola<\/strong>. El agua se utiliza para el riego de cultivos.<\/p>\n<p><strong>Abastecimiento p&uacute;blico<\/strong>. Se distribuye a trav&eacute;s de las redes de agua potable (domicilios, industrias y a quienes est&eacute;n conectados a dichas redes).<\/p>\n<p><strong>Industria autoabastecida<\/strong>. Son aquellas empresas que toman el agua directamente de los r&iacute;os, arroyos, lagos y acu&iacute;feros del pa&iacute;s.<\/p>\n<p><strong>Termoel&eacute;ctricas<\/strong>. El agua se utiliza para producir electricidad.<\/p>\n<\/td>\n<\/tr>\n<\/table>\n<\/td>\n<\/tr>\n<\/table>\n<p>&nbsp;<\/p>\n<p class=\"tit2\"><strong>Cantidad de agua utilizada durante el proceso de producci&oacute;n de un bien<\/strong><\/p>\n<p>&nbsp;<\/p>\n<p>El agua es necesaria para el desarrollo de <strong>productos naturales<\/strong>:<\/p>\n<table width=\"70%\" border=\"1\" align=\"center\" cellpadding=\"4\" cellspacing=\"4\" bordercolor=\"#66CC33\">\n<tr>\n<td width=\"39%\" rowspan=\"6\"><img loading=\"lazy\" decoding=\"async\" src=\"https:\/\/www.comapanuevolaredo.gob.mx\/sitio\/wp-content\/uploads\/2012\/04\/productos-naturales.gif\" width=\"142\" height=\"142\" hspace=\"15\" vspace=\"10\" align=\"left\"><\/td>\n<td width=\"33%\">\n<div align=\"center\"><strong>Productos primarios<\/strong><\/div>\n<\/td>\n<td width=\"28%\">\n<div align=\"center\"><strong>Litros<\/strong><\/div>\n<\/td>\n<\/tr>\n<tr>\n<td>\n<div align=\"left\">1 papa (100 g)<\/div>\n<\/td>\n<td>\n<div align=\"right\">25<\/div>\n<\/td>\n<\/tr>\n<tr>\n<td>\n<div align=\"left\">1 manzana (100 g)<\/div>\n<\/td>\n<td>\n<div align=\"right\">70<\/div>\n<\/td>\n<\/tr>\n<tr>\n<td>\n<div align=\"left\">1 jitomate (70 g)<\/div>\n<\/td>\n<td>\n<div align=\"right\">13<\/div>\n<\/td>\n<\/tr>\n<tr>\n<td>\n<div align=\"left\">1 huevo (40 g)<\/div>\n<\/td>\n<td>\n<div align=\"right\">135<\/div>\n<\/td>\n<\/tr>\n<tr>\n<td height=\"23\">\n<div align=\"left\">1 plato de papaya (200 g)<\/div>\n<\/td>\n<td>\n<div align=\"right\">62<\/div>\n<\/td>\n<\/tr>\n<\/table>\n<p>&nbsp;<\/p>\n<p>Tambi&eacute;n es indispensable en la elaboraci&oacute;n de <strong>productos en f&aacute;bricas<\/strong>:<\/p>\n<table width=\"90%\" border=\"0\" align=\"center\">\n<tr>\n<td colspan=\"4\" class=\"creditos\"><em>Selecciona y observa el porcentaje de agua utilizada en el proceso de producci&oacute;n de&#8230;<\/em><\/td>\n<\/tr>\n<tr>\n<td colspan=\"4\" class=\"creditos\">\n<p>&nbsp;<\/p>\n<\/td>\n<\/tr>\n<tr>\n<td>\n<div align=\"center\"><img loading=\"lazy\" decoding=\"async\" onmouseover=\"this.src='https:\/\/www.comapanuevolaredo.gob.mx\/sitio\/wp-content\/uploads\/2012\/04\/hamburguesa-2.gif';\" onmouseout=\"this.src='https:\/\/www.comapanuevolaredo.gob.mx\/sitio\/wp-content\/uploads\/2012\/04\/hamburguesa-1.gif';\" src=\"https:\/\/www.comapanuevolaredo.gob.mx\/sitio\/wp-content\/uploads\/2012\/04\/hamburguesa-1.gif\" alt=\"\" width=\"106\" height=\"101\" \/><\/div>\n<\/td>\n<td>\n<div align=\"center\"><img loading=\"lazy\" decoding=\"async\" onmouseover=\"this.src='https:\/\/www.comapanuevolaredo.gob.mx\/sitio\/wp-content\/uploads\/2012\/04\/cerveza-2.gif';\" onmouseout=\"this.src='https:\/\/www.comapanuevolaredo.gob.mx\/sitio\/wp-content\/uploads\/2012\/04\/cerveza-1.gif';\" src=\"https:\/\/www.comapanuevolaredo.gob.mx\/sitio\/wp-content\/uploads\/2012\/04\/cerveza-1.gif\" alt=\"\" width=\"106\" height=\"101\" \/><\/div>\n<\/td>\n<td>\n<div align=\"center\"><img loading=\"lazy\" decoding=\"async\" onmouseover=\"this.src='https:\/\/www.comapanuevolaredo.gob.mx\/sitio\/wp-content\/uploads\/2012\/04\/leche-2.gif';\" onmouseout=\"this.src='https:\/\/www.comapanuevolaredo.gob.mx\/sitio\/wp-content\/uploads\/2012\/04\/leche-1.gif';\" src=\"https:\/\/www.comapanuevolaredo.gob.mx\/sitio\/wp-content\/uploads\/2012\/04\/leche-1.gif\" alt=\"\" width=\"106\" height=\"101\" \/><\/div>\n<\/td>\n<td>\n<div align=\"center\"><img loading=\"lazy\" decoding=\"async\" onmouseover=\"this.src='https:\/\/www.comapanuevolaredo.gob.mx\/sitio\/wp-content\/uploads\/2012\/04\/cafe-2.gif';\" onmouseout=\"this.src='https:\/\/www.comapanuevolaredo.gob.mx\/sitio\/wp-content\/uploads\/2012\/04\/cafe-1.gif';\" src=\"https:\/\/www.comapanuevolaredo.gob.mx\/sitio\/wp-content\/uploads\/2012\/04\/cafe-1.gif\" alt=\"\" width=\"106\" height=\"101\" \/><\/div>\n<\/td>\n<\/tr>\n<tr>\n<td>\n<div align=\"center\"><img loading=\"lazy\" decoding=\"async\" onmouseover=\"this.src='https:\/\/www.comapanuevolaredo.gob.mx\/sitio\/wp-content\/uploads\/2012\/04\/pan-2.gif';\" onmouseout=\"this.src='https:\/\/www.comapanuevolaredo.gob.mx\/sitio\/wp-content\/uploads\/2012\/04\/pan-1.gif';\" src=\"https:\/\/www.comapanuevolaredo.gob.mx\/sitio\/wp-content\/uploads\/2012\/04\/pan-1.gif\" alt=\"\" width=\"106\" height=\"101\" \/><\/div>\n<\/td>\n<td>\n<div align=\"center\"><img loading=\"lazy\" decoding=\"async\" onmouseover=\"this.src='https:\/\/www.comapanuevolaredo.gob.mx\/sitio\/wp-content\/uploads\/2012\/04\/vino-2.gif';\" onmouseout=\"this.src='https:\/\/www.comapanuevolaredo.gob.mx\/sitio\/wp-content\/uploads\/2012\/04\/vino-1.gif';\" src=\"https:\/\/www.comapanuevolaredo.gob.mx\/sitio\/wp-content\/uploads\/2012\/04\/vino-1.gif\" alt=\"\" width=\"106\" height=\"101\" \/><\/div>\n<\/td>\n<td>\n<div align=\"center\"><img loading=\"lazy\" decoding=\"async\" onmouseover=\"this.src='https:\/\/www.comapanuevolaredo.gob.mx\/sitio\/wp-content\/uploads\/2012\/04\/jugo-2.gif';\" onmouseout=\"this.src='https:\/\/www.comapanuevolaredo.gob.mx\/sitio\/wp-content\/uploads\/2012\/04\/jugo-1.gif';\" src=\"https:\/\/www.comapanuevolaredo.gob.mx\/sitio\/wp-content\/uploads\/2012\/04\/jugo-1.gif\" alt=\"\" width=\"106\" height=\"101\" \/><\/div>\n<\/td>\n<td>\n<div align=\"center\"><img loading=\"lazy\" decoding=\"async\" onmouseover=\"this.src='https:\/\/www.comapanuevolaredo.gob.mx\/sitio\/wp-content\/uploads\/2012\/04\/zapato-2.gif';\" onmouseout=\"this.src='https:\/\/www.comapanuevolaredo.gob.mx\/sitio\/wp-content\/uploads\/2012\/04\/zapato-1.gif';\" src=\"https:\/\/www.comapanuevolaredo.gob.mx\/sitio\/wp-content\/uploads\/2012\/04\/zapato-1.gif\" alt=\"\" width=\"106\" height=\"101\" \/><\/div>\n<\/td>\n<\/tr>\n<tr>\n<td>\n<div align=\"center\"><img loading=\"lazy\" decoding=\"async\" onmouseover=\"this.src='https:\/\/www.comapanuevolaredo.gob.mx\/sitio\/wp-content\/uploads\/2012\/04\/playera-2.gif';\" onmouseout=\"this.src='https:\/\/www.comapanuevolaredo.gob.mx\/sitio\/wp-content\/uploads\/2012\/04\/playera-1.gif';\" src=\"https:\/\/www.comapanuevolaredo.gob.mx\/sitio\/wp-content\/uploads\/2012\/04\/playera-1.gif\" alt=\"\" width=\"106\" height=\"101\" \/><\/div>\n<\/td>\n<td>\n<div align=\"center\"><img loading=\"lazy\" decoding=\"async\" onmouseover=\"this.src='https:\/\/www.comapanuevolaredo.gob.mx\/sitio\/wp-content\/uploads\/2012\/04\/tortilla-2.gif';\" onmouseout=\"this.src='https:\/\/www.comapanuevolaredo.gob.mx\/sitio\/wp-content\/uploads\/2012\/04\/tortilla-1.gif';\" src=\"https:\/\/www.comapanuevolaredo.gob.mx\/sitio\/wp-content\/uploads\/2012\/04\/tortilla-1.gif\" alt=\"\" width=\"106\" height=\"101\" \/><\/div>\n<\/td>\n<td>\n<div align=\"center\"><img loading=\"lazy\" decoding=\"async\" onmouseover=\"this.src='https:\/\/www.comapanuevolaredo.gob.mx\/sitio\/wp-content\/uploads\/2012\/04\/papel-2.gif';\" onmouseout=\"this.src='https:\/\/www.comapanuevolaredo.gob.mx\/sitio\/wp-content\/uploads\/2012\/04\/papel-1.gif';\" src=\"https:\/\/www.comapanuevolaredo.gob.mx\/sitio\/wp-content\/uploads\/2012\/04\/papel-1.gif\" alt=\"\" width=\"106\" height=\"101\" \/><\/div>\n<\/td>\n<td>\n<div align=\"center\"><img loading=\"lazy\" decoding=\"async\" onmouseover=\"this.src='https:\/\/www.comapanuevolaredo.gob.mx\/sitio\/wp-content\/uploads\/2012\/04\/chip-2.gif';\" onmouseout=\"this.src='https:\/\/www.comapanuevolaredo.gob.mx\/sitio\/wp-content\/uploads\/2012\/04\/chip1.gif';\" src=\"https:\/\/www.comapanuevolaredo.gob.mx\/sitio\/wp-content\/uploads\/2012\/04\/chip1.gif\" alt=\"\" width=\"106\" height=\"101\" \/><\/div>\n<\/td>\n<\/tr>\n<\/table>\n<p><span class=\"fuente\">FUENTE: SEMARNAT. &iquest;Y el medio ambiente? Problemas<br \/>\n                                        en M&eacute;xico y el mundo. M&eacute;xico, SEMARNAT, 2008.<\/span><\/p>\n<p>\n                                      <\/p>\n","protected":false},"excerpt":{"rendered":"<p>En M&eacute;xico, 77% del agua se utiliza en la agricultura; 14%, en el abastecimiento p&uacute;blico; 5%, en las termoel&eacute;ctricas y 4%, en la industria. FUENTE: SEMARNAT. Estad&iacute;sticas del agua en M&eacute;xico, 2008. &nbsp; Agr&iacute;cola. El agua se utiliza para el riego de cultivos. Abastecimiento p&uacute;blico. Se distribuye a trav&eacute;s de las redes de agua potable [&hellip;]<\/p>\n","protected":false},"author":1,"featured_media":0,"parent":0,"menu_order":0,"comment_status":"closed","ping_status":"closed","template":"template-leftsidebar.php","meta":{"footnotes":""},"class_list":["post-464","page","type-page","status-publish","hentry"],"yoast_head":"<!-- This site is optimized with the Yoast SEO plugin v27.3 - https:\/\/yoast.com\/product\/yoast-seo-wordpress\/ -->\r\n<title>Usos - Comapa Nuevo Laredo<\/title>\r\n<meta name=\"robots\" content=\"index, follow, max-snippet:-1, max-image-preview:large, max-video-preview:-1\" \/>\r\n<link rel=\"canonical\" href=\"https:\/\/www.comapanuevolaredo.gob.mx\/sitio\/usos\/\" \/>\r\n<meta property=\"og:locale\" content=\"es_ES\" \/>\r\n<meta property=\"og:type\" content=\"article\" \/>\r\n<meta property=\"og:title\" content=\"Usos - Comapa Nuevo Laredo\" \/>\r\n<meta property=\"og:description\" content=\"En M&eacute;xico, 77% del agua se utiliza en la agricultura; 14%, en el abastecimiento p&uacute;blico; 5%, en las termoel&eacute;ctricas y 4%, en la industria. FUENTE: SEMARNAT. Estad&iacute;sticas del agua en M&eacute;xico, 2008. &nbsp; Agr&iacute;cola. El agua se utiliza para el riego de cultivos. Abastecimiento p&uacute;blico. Se distribuye a trav&eacute;s de las redes de agua potable [&hellip;]\" \/>\r\n<meta property=\"og:url\" content=\"https:\/\/www.comapanuevolaredo.gob.mx\/sitio\/usos\/\" \/>\r\n<meta property=\"og:site_name\" content=\"Comapa Nuevo Laredo\" \/>\r\n<meta property=\"article:publisher\" content=\"https:\/\/www.facebook.com\/comapa.nuevolaredo\/\" \/>\r\n<meta property=\"article:modified_time\" content=\"2012-04-20T16:33:59+00:00\" \/>\r\n<meta property=\"og:image\" content=\"https:\/\/www.comapanuevolaredo.gob.mx\/sitio\/wp-content\/uploads\/2012\/04\/usos-mexico.gif\" \/>\r\n<meta name=\"twitter:card\" content=\"summary_large_image\" \/>\r\n<meta name=\"twitter:site\" content=\"@ComapaNvoLaredo\" \/>\r\n<meta name=\"twitter:label1\" content=\"Tiempo de lectura\" \/>\n\t<meta name=\"twitter:data1\" content=\"1 minuto\" \/>\r\n<script type=\"application\/ld+json\" class=\"yoast-schema-graph\">{\"@context\":\"https:\\\/\\\/schema.org\",\"@graph\":[{\"@type\":\"WebPage\",\"@id\":\"https:\\\/\\\/www.comapanuevolaredo.gob.mx\\\/sitio\\\/usos\\\/\",\"url\":\"https:\\\/\\\/www.comapanuevolaredo.gob.mx\\\/sitio\\\/usos\\\/\",\"name\":\"Usos - Comapa Nuevo Laredo\",\"isPartOf\":{\"@id\":\"https:\\\/\\\/www.comapanuevolaredo.gob.mx\\\/sitio\\\/#website\"},\"primaryImageOfPage\":{\"@id\":\"https:\\\/\\\/www.comapanuevolaredo.gob.mx\\\/sitio\\\/usos\\\/#primaryimage\"},\"image\":{\"@id\":\"https:\\\/\\\/www.comapanuevolaredo.gob.mx\\\/sitio\\\/usos\\\/#primaryimage\"},\"thumbnailUrl\":\"https:\\\/\\\/www.comapanuevolaredo.gob.mx\\\/sitio\\\/wp-content\\\/uploads\\\/2012\\\/04\\\/usos-mexico.gif\",\"datePublished\":\"2012-04-20T14:41:42+00:00\",\"dateModified\":\"2012-04-20T16:33:59+00:00\",\"breadcrumb\":{\"@id\":\"https:\\\/\\\/www.comapanuevolaredo.gob.mx\\\/sitio\\\/usos\\\/#breadcrumb\"},\"inLanguage\":\"es\",\"potentialAction\":[{\"@type\":\"ReadAction\",\"target\":[\"https:\\\/\\\/www.comapanuevolaredo.gob.mx\\\/sitio\\\/usos\\\/\"]}]},{\"@type\":\"ImageObject\",\"inLanguage\":\"es\",\"@id\":\"https:\\\/\\\/www.comapanuevolaredo.gob.mx\\\/sitio\\\/usos\\\/#primaryimage\",\"url\":\"https:\\\/\\\/www.comapanuevolaredo.gob.mx\\\/sitio\\\/wp-content\\\/uploads\\\/2012\\\/04\\\/usos-mexico.gif\",\"contentUrl\":\"https:\\\/\\\/www.comapanuevolaredo.gob.mx\\\/sitio\\\/wp-content\\\/uploads\\\/2012\\\/04\\\/usos-mexico.gif\",\"width\":\"354\",\"height\":\"139\"},{\"@type\":\"BreadcrumbList\",\"@id\":\"https:\\\/\\\/www.comapanuevolaredo.gob.mx\\\/sitio\\\/usos\\\/#breadcrumb\",\"itemListElement\":[{\"@type\":\"ListItem\",\"position\":1,\"name\":\"Home\",\"item\":\"https:\\\/\\\/www.comapanuevolaredo.gob.mx\\\/sitio\\\/\"},{\"@type\":\"ListItem\",\"position\":2,\"name\":\"Usos\"}]},{\"@type\":\"WebSite\",\"@id\":\"https:\\\/\\\/www.comapanuevolaredo.gob.mx\\\/sitio\\\/#website\",\"url\":\"https:\\\/\\\/www.comapanuevolaredo.gob.mx\\\/sitio\\\/\",\"name\":\"Comapa Nuevo Laredo\",\"description\":\"Servicio y distribuci\u00f3n de agua potable y drenaje, planta potabilizadora en NLD, a orillas del R\u00edo Bravo, en la Frontera Norte de Tamaulipas, M\u00e9xico\",\"publisher\":{\"@id\":\"https:\\\/\\\/www.comapanuevolaredo.gob.mx\\\/sitio\\\/#organization\"},\"potentialAction\":[{\"@type\":\"SearchAction\",\"target\":{\"@type\":\"EntryPoint\",\"urlTemplate\":\"https:\\\/\\\/www.comapanuevolaredo.gob.mx\\\/sitio\\\/?s={search_term_string}\"},\"query-input\":{\"@type\":\"PropertyValueSpecification\",\"valueRequired\":true,\"valueName\":\"search_term_string\"}}],\"inLanguage\":\"es\"},{\"@type\":\"Organization\",\"@id\":\"https:\\\/\\\/www.comapanuevolaredo.gob.mx\\\/sitio\\\/#organization\",\"name\":\"Comapa Nuevo Laredo\",\"url\":\"https:\\\/\\\/www.comapanuevolaredo.gob.mx\\\/sitio\\\/\",\"logo\":{\"@type\":\"ImageObject\",\"inLanguage\":\"es\",\"@id\":\"https:\\\/\\\/www.comapanuevolaredo.gob.mx\\\/sitio\\\/#\\\/schema\\\/logo\\\/image\\\/\",\"url\":\"https:\\\/\\\/www.comapanuevolaredo.gob.mx\\\/sitio\\\/wp-content\\\/uploads\\\/2025\\\/02\\\/cropped-512.jpg\",\"contentUrl\":\"https:\\\/\\\/www.comapanuevolaredo.gob.mx\\\/sitio\\\/wp-content\\\/uploads\\\/2025\\\/02\\\/cropped-512.jpg\",\"width\":512,\"height\":512,\"caption\":\"Comapa Nuevo Laredo\"},\"image\":{\"@id\":\"https:\\\/\\\/www.comapanuevolaredo.gob.mx\\\/sitio\\\/#\\\/schema\\\/logo\\\/image\\\/\"},\"sameAs\":[\"https:\\\/\\\/www.facebook.com\\\/comapa.nuevolaredo\\\/\",\"https:\\\/\\\/x.com\\\/ComapaNvoLaredo\",\"https:\\\/\\\/www.instagram.com\\\/comapanld\\\/\"]}]}<\/script>\r\n<!-- \/ Yoast SEO plugin. -->","yoast_head_json":{"title":"Usos - Comapa Nuevo Laredo","robots":{"index":"index","follow":"follow","max-snippet":"max-snippet:-1","max-image-preview":"max-image-preview:large","max-video-preview":"max-video-preview:-1"},"canonical":"https:\/\/www.comapanuevolaredo.gob.mx\/sitio\/usos\/","og_locale":"es_ES","og_type":"article","og_title":"Usos - Comapa Nuevo Laredo","og_description":"En M&eacute;xico, 77% del agua se utiliza en la agricultura; 14%, en el abastecimiento p&uacute;blico; 5%, en las termoel&eacute;ctricas y 4%, en la industria. FUENTE: SEMARNAT. Estad&iacute;sticas del agua en M&eacute;xico, 2008. &nbsp; Agr&iacute;cola. El agua se utiliza para el riego de cultivos. Abastecimiento p&uacute;blico. Se distribuye a trav&eacute;s de las redes de agua potable [&hellip;]","og_url":"https:\/\/www.comapanuevolaredo.gob.mx\/sitio\/usos\/","og_site_name":"Comapa Nuevo Laredo","article_publisher":"https:\/\/www.facebook.com\/comapa.nuevolaredo\/","article_modified_time":"2012-04-20T16:33:59+00:00","og_image":[{"url":"https:\/\/www.comapanuevolaredo.gob.mx\/sitio\/wp-content\/uploads\/2012\/04\/usos-mexico.gif","type":"","width":"","height":""}],"twitter_card":"summary_large_image","twitter_site":"@ComapaNvoLaredo","twitter_misc":{"Tiempo de lectura":"1 minuto"},"schema":{"@context":"https:\/\/schema.org","@graph":[{"@type":"WebPage","@id":"https:\/\/www.comapanuevolaredo.gob.mx\/sitio\/usos\/","url":"https:\/\/www.comapanuevolaredo.gob.mx\/sitio\/usos\/","name":"Usos - Comapa Nuevo Laredo","isPartOf":{"@id":"https:\/\/www.comapanuevolaredo.gob.mx\/sitio\/#website"},"primaryImageOfPage":{"@id":"https:\/\/www.comapanuevolaredo.gob.mx\/sitio\/usos\/#primaryimage"},"image":{"@id":"https:\/\/www.comapanuevolaredo.gob.mx\/sitio\/usos\/#primaryimage"},"thumbnailUrl":"https:\/\/www.comapanuevolaredo.gob.mx\/sitio\/wp-content\/uploads\/2012\/04\/usos-mexico.gif","datePublished":"2012-04-20T14:41:42+00:00","dateModified":"2012-04-20T16:33:59+00:00","breadcrumb":{"@id":"https:\/\/www.comapanuevolaredo.gob.mx\/sitio\/usos\/#breadcrumb"},"inLanguage":"es","potentialAction":[{"@type":"ReadAction","target":["https:\/\/www.comapanuevolaredo.gob.mx\/sitio\/usos\/"]}]},{"@type":"ImageObject","inLanguage":"es","@id":"https:\/\/www.comapanuevolaredo.gob.mx\/sitio\/usos\/#primaryimage","url":"https:\/\/www.comapanuevolaredo.gob.mx\/sitio\/wp-content\/uploads\/2012\/04\/usos-mexico.gif","contentUrl":"https:\/\/www.comapanuevolaredo.gob.mx\/sitio\/wp-content\/uploads\/2012\/04\/usos-mexico.gif","width":"354","height":"139"},{"@type":"BreadcrumbList","@id":"https:\/\/www.comapanuevolaredo.gob.mx\/sitio\/usos\/#breadcrumb","itemListElement":[{"@type":"ListItem","position":1,"name":"Home","item":"https:\/\/www.comapanuevolaredo.gob.mx\/sitio\/"},{"@type":"ListItem","position":2,"name":"Usos"}]},{"@type":"WebSite","@id":"https:\/\/www.comapanuevolaredo.gob.mx\/sitio\/#website","url":"https:\/\/www.comapanuevolaredo.gob.mx\/sitio\/","name":"Comapa Nuevo Laredo","description":"Servicio y distribuci\u00f3n de agua potable y drenaje, planta potabilizadora en NLD, a orillas del R\u00edo Bravo, en la Frontera Norte de Tamaulipas, M\u00e9xico","publisher":{"@id":"https:\/\/www.comapanuevolaredo.gob.mx\/sitio\/#organization"},"potentialAction":[{"@type":"SearchAction","target":{"@type":"EntryPoint","urlTemplate":"https:\/\/www.comapanuevolaredo.gob.mx\/sitio\/?s={search_term_string}"},"query-input":{"@type":"PropertyValueSpecification","valueRequired":true,"valueName":"search_term_string"}}],"inLanguage":"es"},{"@type":"Organization","@id":"https:\/\/www.comapanuevolaredo.gob.mx\/sitio\/#organization","name":"Comapa Nuevo Laredo","url":"https:\/\/www.comapanuevolaredo.gob.mx\/sitio\/","logo":{"@type":"ImageObject","inLanguage":"es","@id":"https:\/\/www.comapanuevolaredo.gob.mx\/sitio\/#\/schema\/logo\/image\/","url":"https:\/\/www.comapanuevolaredo.gob.mx\/sitio\/wp-content\/uploads\/2025\/02\/cropped-512.jpg","contentUrl":"https:\/\/www.comapanuevolaredo.gob.mx\/sitio\/wp-content\/uploads\/2025\/02\/cropped-512.jpg","width":512,"height":512,"caption":"Comapa Nuevo Laredo"},"image":{"@id":"https:\/\/www.comapanuevolaredo.gob.mx\/sitio\/#\/schema\/logo\/image\/"},"sameAs":["https:\/\/www.facebook.com\/comapa.nuevolaredo\/","https:\/\/x.com\/ComapaNvoLaredo","https:\/\/www.instagram.com\/comapanld\/"]}]}},"_links":{"self":[{"href":"https:\/\/www.comapanuevolaredo.gob.mx\/sitio\/wp-json\/wp\/v2\/pages\/464","targetHints":{"allow":["GET"]}}],"collection":[{"href":"https:\/\/www.comapanuevolaredo.gob.mx\/sitio\/wp-json\/wp\/v2\/pages"}],"about":[{"href":"https:\/\/www.comapanuevolaredo.gob.mx\/sitio\/wp-json\/wp\/v2\/types\/page"}],"author":[{"embeddable":true,"href":"https:\/\/www.comapanuevolaredo.gob.mx\/sitio\/wp-json\/wp\/v2\/users\/1"}],"replies":[{"embeddable":true,"href":"https:\/\/www.comapanuevolaredo.gob.mx\/sitio\/wp-json\/wp\/v2\/comments?post=464"}],"version-history":[{"count":21,"href":"https:\/\/www.comapanuevolaredo.gob.mx\/sitio\/wp-json\/wp\/v2\/pages\/464\/revisions"}],"predecessor-version":[{"id":1227,"href":"https:\/\/www.comapanuevolaredo.gob.mx\/sitio\/wp-json\/wp\/v2\/pages\/464\/revisions\/1227"}],"wp:attachment":[{"href":"https:\/\/www.comapanuevolaredo.gob.mx\/sitio\/wp-json\/wp\/v2\/media?parent=464"}],"curies":[{"name":"wp","href":"https:\/\/api.w.org\/{rel}","templated":true}]}}