{"id":3171,"date":"2017-05-04T18:59:15","date_gmt":"2017-05-04T18:59:15","guid":{"rendered":"https:\/\/www.comapanuevolaredo.gob.mx\/sitio\/?page_id=3171"},"modified":"2026-04-21T10:13:03","modified_gmt":"2026-04-21T16:13:03","slug":"fraccion-xxviii","status":"publish","type":"page","link":"https:\/\/www.comapanuevolaredo.gob.mx\/sitio\/fraccion-xxviii\/","title":{"rendered":"Fracci\u00f3n XXVI"},"content":{"rendered":"<table class=\"table table-borderless\">\n<tbody>\n<tr>\n<td class=\"d-flex align-items-center text-uppercase\"><span style=\"display: inline-block; padding: 0.5rem 1rem; background-color: #003e75; color: white; font-size: 1.25rem;\">XXVI<\/span><br \/>\n<span style=\"display: inline-block; margin-left: 1rem;\">La informaci\u00f3n sobre los resultados de los procedimientos de adjudicaci\u00f3n directa, invitaci\u00f3n restringida y licitaci\u00f3n de cualquier naturaleza, incluyendo la versi\u00f3n p\u00fablica del expediente respectivo y de los contratos celebrados, que deber\u00e1 contener, por lo menos, lo siguiente:<\/span><\/td>\n<\/tr>\n<tr>\n<td>Procedimiento de Licitaci\u00f3n.<\/p>\n<ul>\n<li><a href=\"https:\/\/view.officeapps.live.com\/op\/view.aspx?src=http:\/\/www.comapalocal.com\/nuevolaredo\/transparencia\/Archivos\/Tecnica\/2016\/4toTrim\/2016-Resultados-licitacio.xlsx\">2016<\/a><\/li>\n<\/ul>\n<ul>\n<li><a href=\"https:\/\/view.officeapps.live.com\/op\/view.aspx?src=http:\/\/www.comapalocal.com\/nuevolaredo\/transparencia\/Archivos\/Tecnica\/2017\/4toTrim\/2017-Resultados-licitacio.xlsx\">2017<\/a><\/li>\n<\/ul>\n<ul>\n<li><a href=\"https:\/\/view.officeapps.live.com\/op\/view.aspx?src=http:\/\/www.comapalocal.com\/nuevolaredo\/transparencia\/Archivos\/Tecnica\/2018\/4toTrim\/LTAIPET-A67FXXVIII.xlsx\">2018<\/a><\/li>\n<\/ul>\n<ul>\n<li><a href=\"https:\/\/view.officeapps.live.com\/op\/view.aspx?src=http:\/\/www.comapalocal.com\/nuevolaredo\/transparencia\/Archivos\/Tecnica\/2019\/3erTrim\/LTAIPET-A67FXXVIII_TRANSP_3ERTRIM.xlsx\">2019<\/a><\/li>\n<\/ul>\n<ul>\n<li><a href=\"https:\/\/view.officeapps.live.com\/op\/view.aspx?src=http:\/\/www.comapalocal.com\/nuevolaredo\/transparencia\/Archivos\/Tecnica\/2022\/1erTrim\/LTAIPET-A67FXXVIII.xlsx\">2022 1ER TRIMESTRE<\/a><\/li>\n<li><a href=\"https:\/\/view.officeapps.live.com\/op\/view.aspx?src=https:\/\/www.comapanuevolaredo.gob.mx\/sitio\/wp-content\/uploads\/2023\/03\/LTAIPET-A67FXXVIII_4TOTRIM_22.xlsx\">2022 4TO TRIMESTRE<\/a><\/li>\n<\/ul>\n<\/td>\n<\/tr>\n<tr>\n<td>Procedimiento de Adjudicaci\u00f3n Directa.<\/p>\n<ul>\n<li><a href=\"https:\/\/view.officeapps.live.com\/op\/view.aspx?src=http:\/\/www.comapalocal.com\/nuevolaredo\/transparencia\/Archivos\/Adquisiciones\/2016\/Anual\/Fracc_XXVIII_Adjudicaci\u00f3nDirecta_2016.xlsx\">2016<\/a><\/li>\n<\/ul>\n<ul>\n<li><a href=\"https:\/\/view.officeapps.live.com\/op\/view.aspx?src=http:\/\/www.comapalocal.com\/nuevolaredo\/transparencia\/Archivos\/Adquisiciones\/2017\/Anual\/Fracc_XXVIII_Adjudicaci\u00f3nDirecta_2017.xlsx\">2017<\/a><\/li>\n<\/ul>\n<ul>\n<li><a href=\"https:\/\/view.officeapps.live.com\/op\/view.aspx?src=http:\/\/www.comapalocal.com\/nuevolaredo\/transparencia\/Archivos\/Adquisiciones\/2018\/Anual\/LTAIPET-A67FXXVIIIB_2018.xlsx\">2018<\/a><\/li>\n<\/ul>\n<ul>\n<li><a href=\"https:\/\/view.officeapps.live.com\/op\/view.aspx?src=http:\/\/www.comapalocal.com\/nuevolaredo\/transparencia\/Archivos\/Adquisiciones\/2019\/3erTrim\/LTAIPET-A67FXXVIIIB_3Tri.xlsx\">2019<\/a><\/li>\n<\/ul>\n<ul>\n<li><a href=\"https:\/\/view.officeapps.live.com\/op\/view.aspx?src=http:\/\/www.comapalocal.com\/nuevolaredo\/transparencia\/Archivos\/Adquisiciones\/2022\/1erTrim\/LTAIPET-A67FXXVIIIB.xlsx\">2022 1ER TRIMESTRE<\/a><\/li>\n<li><a href=\"https:\/\/view.officeapps.live.com\/op\/view.aspx?src=http:\/\/www.comapalocal.com\/nuevolaredo\/transparencia\/Archivos\/Adquisiciones\/2022\/2doTrim\/LTAIPET-A67FXXVIIIB.xlsx\">2022 2DO TRIMESTRE<\/a><\/li>\n<li><a href=\"https:\/\/view.officeapps.live.com\/op\/view.aspx?src=http:\/\/www.comapalocal.com\/nuevolaredo\/transparencia\/Archivos\/Adquisiciones\/2022\/3erTrim\/LTAIPET-A67FXXVIIIB.xlsx\">2022 3ER TRIMESTRE<\/a><\/li>\n<li><a href=\"https:\/\/view.officeapps.live.com\/op\/view.aspx?src=http:\/\/www.comapalocal.com\/nuevolaredo\/transparencia\/Archivos\/Adquisiciones\/2022\/4toTrim\/LTAIPET-A67FXXVIIIB.xlsx\">2022 4TO TRIMESTRE<\/a><\/li>\n<\/ul>\n<ul>\n<li><a href=\"https:\/\/view.officeapps.live.com\/op\/view.aspx?src=http:\/\/www.comapalocal.com\/nuevolaredo\/transparencia\/Archivos\/Adquisiciones\/2023\/1erTrim\/LTAIPET-A67FXXVIIIB.xlsx\">2023 1ER TRIMESTRE<\/a><\/li>\n<li><a href=\"https:\/\/view.officeapps.live.com\/op\/view.aspx?src=http:\/\/www.comapalocal.com\/nuevolaredo\/transparencia\/Archivos\/Adquisiciones\/2023\/2doTrim\/LTAIPET-A67FXXVIIIB.xlsx\">2023 2DO TRIMESTRE<\/a><\/li>\n<li><a href=\"https:\/\/view.officeapps.live.com\/op\/view.aspx?src=http:\/\/www.comapalocal.com\/nuevolaredo\/transparencia\/Archivos\/Adquisiciones\/2023\/3erTrim\/LTAIPET-A67FXXVIIIB.xlsx\">2023 3ER TRIMESTRE<\/a><\/li>\n<li><a href=\"https:\/\/view.officeapps.live.com\/op\/view.aspx?src=http:\/\/www.comapalocal.com\/nuevolaredo\/transparencia\/Archivos\/Adquisiciones\/2023\/4toTrim\/LTAIPET-A67FXXVIIIB.xlsx\">2023 4TO TRIMESTRE<\/a><\/li>\n<\/ul>\n<ul>\n<li><a href=\"https:\/\/view.officeapps.live.com\/op\/view.aspx?src=http:\/\/www.comapalocal.com\/nuevolaredo\/transparencia\/Archivos\/Adquisiciones\/2024\/1erTrim\/LTAIPET-A67FXXVIII.xlsx\">2024 1ER TRIMESTRE<\/a><\/li>\n<li><a href=\"https:\/\/view.officeapps.live.com\/op\/view.aspx?src=http:\/\/www.comapalocal.com\/nuevolaredo\/transparencia\/Archivos\/Adquisiciones\/2024\/2doTrim\/LTAIPET-A67FXXVIII.xlsx\">2024 2DO TRIMESTRE<\/a><\/li>\n<li><a href=\"https:\/\/view.officeapps.live.com\/op\/view.aspx?src=http:\/\/www.comapalocal.com\/nuevolaredo\/transparencia\/Archivos\/Adquisiciones\/2024\/3erTrim\/LTAIPET-A67FXXVIII.xlsx\">2024 3ER TRIMESTRE<\/a><\/li>\n<li><a href=\"https:\/\/view.officeapps.live.com\/op\/view.aspx?src=http:\/\/www.comapalocal.com\/nuevolaredo\/transparencia\/Archivos\/Adquisiciones\/2024\/4toTrim\/LTAIPET-A67FXXVIII.xlsx\">2024 4TO TRIMESTRE<\/a><\/li>\n<\/ul>\n<ul>\n<li><a href=\"https:\/\/view.officeapps.live.com\/op\/view.aspx?src=http:\/\/www.comapalocal.com\/nuevolaredo\/transparencia\/Archivos\/Adquisiciones\/2025\/1erTrim\/LTAIPET-A67FXXVIII.xlsx\">2025 1ER TRIMESTRE<\/a><\/li>\n<li><a href=\"https:\/\/view.officeapps.live.com\/op\/view.aspx?src=http:\/\/www.comapalocal.com\/nuevolaredo\/transparencia\/Archivos\/Adquisiciones\/2025\/2doTrim\/LTAIPET-A67FXXVIII.xlsx\">2025 2DO TRIMESTRE<\/a><\/li>\n<li><a href=\"https:\/\/view.officeapps.live.com\/op\/view.aspx?src=http:\/\/www.comapalocal.com\/nuevolaredo\/transparencia\/Archivos\/Adquisiciones\/2025\/3erTrim\/LTAIPET-A67FXXVIII.xlsx\">2025 3ER TRIMESTRE<\/a><\/li>\n<li><a style=\"color: dodgerblue;\" href=\"https:\/\/view.officeapps.live.com\/op\/view.aspx?src=http:\/\/www.comapalocal.com\/nuevolaredo\/transparencia\/Archivos\/Adquisiciones\/2025\/4toTrim\/LTAIPET-A67FXXVIII.xlsx\">2025 4TO TRIMESTRE<\/a><\/li>\n<li><a href=\"https:\/\/view.officeapps.live.com\/op\/view.aspx?src= http:\/\/www.comapalocal.com\/nuevolaredo\/transparencia\/Archivos\/Adquisiciones\/2026\/1erTrim\/LGT_65_XXVI.xlsx\">2026 1ER TRIMESTRE<\/a><\/li>\n<\/ul>\n<\/td>\n<\/tr>\n<\/tbody>\n<\/table>\n<p>&#x2705; Actualizaci\u00f3n 21\/Abr\/2026<br \/>\n<small>Nota: Si alg\u00fan link no es funcional, favor de reportarlo al correo transparencia@comapanuevolaredo.gob.mx<\/small><\/p>\n","protected":false},"excerpt":{"rendered":"<p>XXVI La informaci\u00f3n sobre los resultados de los procedimientos de adjudicaci\u00f3n directa, invitaci\u00f3n restringida y licitaci\u00f3n de cualquier naturaleza, incluyendo la versi\u00f3n p\u00fablica del expediente respectivo y de los contratos celebrados, que deber\u00e1 contener, por lo menos, lo siguiente: Procedimiento de Licitaci\u00f3n. 2016 2017 2018 2019 2022 1ER TRIMESTRE 2022 4TO TRIMESTRE Procedimiento de Adjudicaci\u00f3n [&hellip;]<\/p>\n","protected":false},"author":1,"featured_media":0,"parent":0,"menu_order":0,"comment_status":"closed","ping_status":"closed","template":"","meta":{"footnotes":""},"class_list":["post-3171","page","type-page","status-publish","hentry"],"yoast_head":"<!-- This site is optimized with the Yoast SEO plugin v27.3 - https:\/\/yoast.com\/product\/yoast-seo-wordpress\/ -->\r\n<title>Fracci\u00f3n XXVI - Comapa Nuevo Laredo<\/title>\r\n<meta name=\"robots\" content=\"index, follow, max-snippet:-1, max-image-preview:large, max-video-preview:-1\" \/>\r\n<link rel=\"canonical\" href=\"https:\/\/www.comapanuevolaredo.gob.mx\/sitio\/fraccion-xxviii\/\" \/>\r\n<meta property=\"og:locale\" content=\"es_ES\" \/>\r\n<meta property=\"og:type\" content=\"article\" \/>\r\n<meta property=\"og:title\" content=\"Fracci\u00f3n XXVI - Comapa Nuevo Laredo\" \/>\r\n<meta property=\"og:description\" content=\"XXVI La informaci\u00f3n sobre los resultados de los procedimientos de adjudicaci\u00f3n directa, invitaci\u00f3n restringida y licitaci\u00f3n de cualquier naturaleza, incluyendo la versi\u00f3n p\u00fablica del expediente respectivo y de los contratos celebrados, que deber\u00e1 contener, por lo menos, lo siguiente: Procedimiento de Licitaci\u00f3n. 2016 2017 2018 2019 2022 1ER TRIMESTRE 2022 4TO TRIMESTRE Procedimiento de Adjudicaci\u00f3n [&hellip;]\" \/>\r\n<meta property=\"og:url\" content=\"https:\/\/www.comapanuevolaredo.gob.mx\/sitio\/fraccion-xxviii\/\" \/>\r\n<meta property=\"og:site_name\" content=\"Comapa Nuevo Laredo\" \/>\r\n<meta property=\"article:publisher\" content=\"https:\/\/www.facebook.com\/comapa.nuevolaredo\/\" \/>\r\n<meta property=\"article:modified_time\" content=\"2026-04-21T16:13:03+00:00\" \/>\r\n<meta name=\"twitter:card\" content=\"summary_large_image\" \/>\r\n<meta name=\"twitter:site\" content=\"@ComapaNvoLaredo\" \/>\r\n<meta name=\"twitter:label1\" content=\"Tiempo de lectura\" \/>\n\t<meta name=\"twitter:data1\" content=\"1 minuto\" \/>\r\n<script type=\"application\/ld+json\" class=\"yoast-schema-graph\">{\"@context\":\"https:\\\/\\\/schema.org\",\"@graph\":[{\"@type\":\"WebPage\",\"@id\":\"https:\\\/\\\/www.comapanuevolaredo.gob.mx\\\/sitio\\\/fraccion-xxviii\\\/\",\"url\":\"https:\\\/\\\/www.comapanuevolaredo.gob.mx\\\/sitio\\\/fraccion-xxviii\\\/\",\"name\":\"Fracci\u00f3n XXVI - Comapa Nuevo Laredo\",\"isPartOf\":{\"@id\":\"https:\\\/\\\/www.comapanuevolaredo.gob.mx\\\/sitio\\\/#website\"},\"datePublished\":\"2017-05-04T18:59:15+00:00\",\"dateModified\":\"2026-04-21T16:13:03+00:00\",\"breadcrumb\":{\"@id\":\"https:\\\/\\\/www.comapanuevolaredo.gob.mx\\\/sitio\\\/fraccion-xxviii\\\/#breadcrumb\"},\"inLanguage\":\"es\",\"potentialAction\":[{\"@type\":\"ReadAction\",\"target\":[\"https:\\\/\\\/www.comapanuevolaredo.gob.mx\\\/sitio\\\/fraccion-xxviii\\\/\"]}]},{\"@type\":\"BreadcrumbList\",\"@id\":\"https:\\\/\\\/www.comapanuevolaredo.gob.mx\\\/sitio\\\/fraccion-xxviii\\\/#breadcrumb\",\"itemListElement\":[{\"@type\":\"ListItem\",\"position\":1,\"name\":\"Home\",\"item\":\"https:\\\/\\\/www.comapanuevolaredo.gob.mx\\\/sitio\\\/\"},{\"@type\":\"ListItem\",\"position\":2,\"name\":\"Fracci\u00f3n XXVI\"}]},{\"@type\":\"WebSite\",\"@id\":\"https:\\\/\\\/www.comapanuevolaredo.gob.mx\\\/sitio\\\/#website\",\"url\":\"https:\\\/\\\/www.comapanuevolaredo.gob.mx\\\/sitio\\\/\",\"name\":\"Comapa Nuevo Laredo\",\"description\":\"Servicio y distribuci\u00f3n de agua potable y drenaje, planta potabilizadora en NLD, a orillas del R\u00edo Bravo, en la Frontera Norte de Tamaulipas, M\u00e9xico\",\"publisher\":{\"@id\":\"https:\\\/\\\/www.comapanuevolaredo.gob.mx\\\/sitio\\\/#organization\"},\"potentialAction\":[{\"@type\":\"SearchAction\",\"target\":{\"@type\":\"EntryPoint\",\"urlTemplate\":\"https:\\\/\\\/www.comapanuevolaredo.gob.mx\\\/sitio\\\/?s={search_term_string}\"},\"query-input\":{\"@type\":\"PropertyValueSpecification\",\"valueRequired\":true,\"valueName\":\"search_term_string\"}}],\"inLanguage\":\"es\"},{\"@type\":\"Organization\",\"@id\":\"https:\\\/\\\/www.comapanuevolaredo.gob.mx\\\/sitio\\\/#organization\",\"name\":\"Comapa Nuevo Laredo\",\"url\":\"https:\\\/\\\/www.comapanuevolaredo.gob.mx\\\/sitio\\\/\",\"logo\":{\"@type\":\"ImageObject\",\"inLanguage\":\"es\",\"@id\":\"https:\\\/\\\/www.comapanuevolaredo.gob.mx\\\/sitio\\\/#\\\/schema\\\/logo\\\/image\\\/\",\"url\":\"https:\\\/\\\/www.comapanuevolaredo.gob.mx\\\/sitio\\\/wp-content\\\/uploads\\\/2025\\\/02\\\/cropped-512.jpg\",\"contentUrl\":\"https:\\\/\\\/www.comapanuevolaredo.gob.mx\\\/sitio\\\/wp-content\\\/uploads\\\/2025\\\/02\\\/cropped-512.jpg\",\"width\":512,\"height\":512,\"caption\":\"Comapa Nuevo Laredo\"},\"image\":{\"@id\":\"https:\\\/\\\/www.comapanuevolaredo.gob.mx\\\/sitio\\\/#\\\/schema\\\/logo\\\/image\\\/\"},\"sameAs\":[\"https:\\\/\\\/www.facebook.com\\\/comapa.nuevolaredo\\\/\",\"https:\\\/\\\/x.com\\\/ComapaNvoLaredo\",\"https:\\\/\\\/www.instagram.com\\\/comapanld\\\/\"]}]}<\/script>\r\n<!-- \/ Yoast SEO plugin. -->","yoast_head_json":{"title":"Fracci\u00f3n XXVI - Comapa Nuevo Laredo","robots":{"index":"index","follow":"follow","max-snippet":"max-snippet:-1","max-image-preview":"max-image-preview:large","max-video-preview":"max-video-preview:-1"},"canonical":"https:\/\/www.comapanuevolaredo.gob.mx\/sitio\/fraccion-xxviii\/","og_locale":"es_ES","og_type":"article","og_title":"Fracci\u00f3n XXVI - Comapa Nuevo Laredo","og_description":"XXVI La informaci\u00f3n sobre los resultados de los procedimientos de adjudicaci\u00f3n directa, invitaci\u00f3n restringida y licitaci\u00f3n de cualquier naturaleza, incluyendo la versi\u00f3n p\u00fablica del expediente respectivo y de los contratos celebrados, que deber\u00e1 contener, por lo menos, lo siguiente: Procedimiento de Licitaci\u00f3n. 2016 2017 2018 2019 2022 1ER TRIMESTRE 2022 4TO TRIMESTRE Procedimiento de Adjudicaci\u00f3n [&hellip;]","og_url":"https:\/\/www.comapanuevolaredo.gob.mx\/sitio\/fraccion-xxviii\/","og_site_name":"Comapa Nuevo Laredo","article_publisher":"https:\/\/www.facebook.com\/comapa.nuevolaredo\/","article_modified_time":"2026-04-21T16:13:03+00:00","twitter_card":"summary_large_image","twitter_site":"@ComapaNvoLaredo","twitter_misc":{"Tiempo de lectura":"1 minuto"},"schema":{"@context":"https:\/\/schema.org","@graph":[{"@type":"WebPage","@id":"https:\/\/www.comapanuevolaredo.gob.mx\/sitio\/fraccion-xxviii\/","url":"https:\/\/www.comapanuevolaredo.gob.mx\/sitio\/fraccion-xxviii\/","name":"Fracci\u00f3n XXVI - Comapa Nuevo Laredo","isPartOf":{"@id":"https:\/\/www.comapanuevolaredo.gob.mx\/sitio\/#website"},"datePublished":"2017-05-04T18:59:15+00:00","dateModified":"2026-04-21T16:13:03+00:00","breadcrumb":{"@id":"https:\/\/www.comapanuevolaredo.gob.mx\/sitio\/fraccion-xxviii\/#breadcrumb"},"inLanguage":"es","potentialAction":[{"@type":"ReadAction","target":["https:\/\/www.comapanuevolaredo.gob.mx\/sitio\/fraccion-xxviii\/"]}]},{"@type":"BreadcrumbList","@id":"https:\/\/www.comapanuevolaredo.gob.mx\/sitio\/fraccion-xxviii\/#breadcrumb","itemListElement":[{"@type":"ListItem","position":1,"name":"Home","item":"https:\/\/www.comapanuevolaredo.gob.mx\/sitio\/"},{"@type":"ListItem","position":2,"name":"Fracci\u00f3n XXVI"}]},{"@type":"WebSite","@id":"https:\/\/www.comapanuevolaredo.gob.mx\/sitio\/#website","url":"https:\/\/www.comapanuevolaredo.gob.mx\/sitio\/","name":"Comapa Nuevo Laredo","description":"Servicio y distribuci\u00f3n de agua potable y drenaje, planta potabilizadora en NLD, a orillas del R\u00edo Bravo, en la Frontera Norte de Tamaulipas, M\u00e9xico","publisher":{"@id":"https:\/\/www.comapanuevolaredo.gob.mx\/sitio\/#organization"},"potentialAction":[{"@type":"SearchAction","target":{"@type":"EntryPoint","urlTemplate":"https:\/\/www.comapanuevolaredo.gob.mx\/sitio\/?s={search_term_string}"},"query-input":{"@type":"PropertyValueSpecification","valueRequired":true,"valueName":"search_term_string"}}],"inLanguage":"es"},{"@type":"Organization","@id":"https:\/\/www.comapanuevolaredo.gob.mx\/sitio\/#organization","name":"Comapa Nuevo Laredo","url":"https:\/\/www.comapanuevolaredo.gob.mx\/sitio\/","logo":{"@type":"ImageObject","inLanguage":"es","@id":"https:\/\/www.comapanuevolaredo.gob.mx\/sitio\/#\/schema\/logo\/image\/","url":"https:\/\/www.comapanuevolaredo.gob.mx\/sitio\/wp-content\/uploads\/2025\/02\/cropped-512.jpg","contentUrl":"https:\/\/www.comapanuevolaredo.gob.mx\/sitio\/wp-content\/uploads\/2025\/02\/cropped-512.jpg","width":512,"height":512,"caption":"Comapa Nuevo Laredo"},"image":{"@id":"https:\/\/www.comapanuevolaredo.gob.mx\/sitio\/#\/schema\/logo\/image\/"},"sameAs":["https:\/\/www.facebook.com\/comapa.nuevolaredo\/","https:\/\/x.com\/ComapaNvoLaredo","https:\/\/www.instagram.com\/comapanld\/"]}]}},"_links":{"self":[{"href":"https:\/\/www.comapanuevolaredo.gob.mx\/sitio\/wp-json\/wp\/v2\/pages\/3171","targetHints":{"allow":["GET"]}}],"collection":[{"href":"https:\/\/www.comapanuevolaredo.gob.mx\/sitio\/wp-json\/wp\/v2\/pages"}],"about":[{"href":"https:\/\/www.comapanuevolaredo.gob.mx\/sitio\/wp-json\/wp\/v2\/types\/page"}],"author":[{"embeddable":true,"href":"https:\/\/www.comapanuevolaredo.gob.mx\/sitio\/wp-json\/wp\/v2\/users\/1"}],"replies":[{"embeddable":true,"href":"https:\/\/www.comapanuevolaredo.gob.mx\/sitio\/wp-json\/wp\/v2\/comments?post=3171"}],"version-history":[{"count":80,"href":"https:\/\/www.comapanuevolaredo.gob.mx\/sitio\/wp-json\/wp\/v2\/pages\/3171\/revisions"}],"predecessor-version":[{"id":13934,"href":"https:\/\/www.comapanuevolaredo.gob.mx\/sitio\/wp-json\/wp\/v2\/pages\/3171\/revisions\/13934"}],"wp:attachment":[{"href":"https:\/\/www.comapanuevolaredo.gob.mx\/sitio\/wp-json\/wp\/v2\/media?parent=3171"}],"curies":[{"name":"wp","href":"https:\/\/api.w.org\/{rel}","templated":true}]}}