{"id":3133,"date":"2017-05-03T21:45:09","date_gmt":"2017-05-03T21:45:09","guid":{"rendered":"https:\/\/www.comapanuevolaredo.gob.mx\/sitio\/?page_id=3133"},"modified":"2022-10-31T12:31:01","modified_gmt":"2022-10-31T18:31:01","slug":"fraccion-xi","status":"publish","type":"page","link":"https:\/\/www.comapanuevolaredo.gob.mx\/sitio\/fraccion-xi\/","title":{"rendered":"Fracci\u00f3n XI"},"content":{"rendered":"<table class=\" aligncenter\" width=\"80%\">\n<tbody>\n<tr>\n<td><img loading=\"lazy\" decoding=\"async\" class=\"imgborder wp-image-2527 size-full alignleft\" src=\"https:\/\/www.comapanuevolaredo.gob.mx\/sitio\/wp-content\/uploads\/2016\/12\/11romanos.png\" alt=\"\" width=\"80\" height=\"50\" \/>Las contrataciones de servicios profesionales por honorarios, se\u00f1alando los nombres de los prestadores de servicios, los servicios contratados, el monto de los honorarios y el periodo de contrataci\u00f3n<\/td>\n<\/tr>\n<tr>\n<td>\n<ul>\n<li><a href=\"https:\/\/www.comapanuevolaredo.gob.mx\/sitio\/transparencia\/Archivos\/Contabilidad\/2017\/Mayo\/XI_Personal_contratado_honorarios_2015_2016_y_1_trim_2017.xls\">2015 &#8211; 2017<\/a><\/li>\n<li><a href=\"http:\/\/www.comapalocal.com\/nuevolaredo\/transparencia\/Archivos\/Finanzas\/2017\/2doTrim\/XI_Personal_Honorarios.xls\">2017 2do Trim<\/a><\/li>\n<li><a href=\"http:\/\/www.comapalocal.com\/nuevolaredo\/transparencia\/Archivos\/Finanzas\/2017\/3erTrim\/XI Formato Personal contratado por honorarios 2017.xls\">2017 3er Trim<\/a><\/li>\n<li><a href=\"http:\/\/www.comapalocal.com\/nuevolaredo\/transparencia\/Archivos\/Finanzas\/2017\/4toTrim\/Personal-contratado.xlsx\">2017 4to Trim<\/a><\/li>\n<li><a href=\"http:\/\/www.comapalocal.com\/nuevolaredo\/transparencia\/Archivos\/Finanzas\/2018\/4toTrim\/LTAIPET-A67FXI.xlsx\">2018<\/a><\/li>\n<li><a href=\"http:\/\/www.comapalocal.com\/nuevolaredo\/transparencia\/Archivos\/Finanzas\/2019\/2doTrim\/LTAIPET-A67FXI.xlsx\">2019<\/a><\/li>\n<li><a href=\"http:\/\/www.comapalocal.com\/nuevolaredo\/transparencia\/Archivos\/Finanzas\/2020\/4toTrim\/LTAIPET-A67FXI.xlsx\">2020<\/a><\/li>\n<li><a href=\"http:\/\/www.comapalocal.com\/nuevolaredo\/transparencia\/Archivos\/Finanzas\/2021\/4toTrim\/LTAIPET-A67FXI.xlsx\">2021<\/a><\/li>\n<p><!-- 2022 --><\/p>\n<li>\n 2022<\/p>\n<ul>\n<li><a href=\"http:\/\/www.comapalocal.com\/nuevolaredo\/transparencia\/Archivos\/Finanzas\/2022\/1erTrim\/LTAIPET-A67FXI.xlsx\">1er Trimestre<\/a><\/li>\n<li><a href=\"http:\/\/www.comapalocal.com\/nuevolaredo\/transparencia\/Archivos\/Finanzas\/2022\/2doTrim\/LTAIPET-A67FXI.xlsx\">2do Trimestre<\/a><\/li>\n<li><a href=\"http:\/\/www.comapalocal.com\/nuevolaredo\/transparencia\/Archivos\/Finanzas\/2022\/3erTrim\/LTAIPET-A67FXI.xlsx\">3er Trimestre<\/a><\/li>\n<\/ul>\n<\/li>\n<\/ul>\n<\/td>\n<\/tr>\n<tr>\n<td>Actualizaci\u00f3n 31\/10\/2022<\/td>\n<\/tr>\n<\/tbody>\n<\/table>\n","protected":false},"excerpt":{"rendered":"<p>Las contrataciones de servicios profesionales por honorarios, se\u00f1alando los nombres de los prestadores de servicios, los servicios contratados, el monto de los honorarios y el periodo de contrataci\u00f3n 2015 &#8211; 2017 2017 2do Trim 2017 3er Trim 2017 4to Trim 2018 2019 2020 2021 2022 1er Trimestre 2do Trimestre 3er Trimestre Actualizaci\u00f3n 31\/10\/2022<\/p>\n","protected":false},"author":1,"featured_media":0,"parent":0,"menu_order":0,"comment_status":"closed","ping_status":"closed","template":"","meta":{"footnotes":""},"class_list":["post-3133","page","type-page","status-publish","hentry"],"yoast_head":"<!-- This site is optimized with the Yoast SEO plugin v27.3 - https:\/\/yoast.com\/product\/yoast-seo-wordpress\/ -->\r\n<title>Fracci\u00f3n XI - Comapa Nuevo Laredo<\/title>\r\n<meta name=\"robots\" content=\"index, follow, max-snippet:-1, max-image-preview:large, max-video-preview:-1\" \/>\r\n<link rel=\"canonical\" href=\"https:\/\/www.comapanuevolaredo.gob.mx\/sitio\/fraccion-xi\/\" \/>\r\n<meta property=\"og:locale\" content=\"es_ES\" \/>\r\n<meta property=\"og:type\" content=\"article\" \/>\r\n<meta property=\"og:title\" content=\"Fracci\u00f3n XI - Comapa Nuevo Laredo\" \/>\r\n<meta property=\"og:description\" content=\"Las contrataciones de servicios profesionales por honorarios, se\u00f1alando los nombres de los prestadores de servicios, los servicios contratados, el monto de los honorarios y el periodo de contrataci\u00f3n 2015 &#8211; 2017 2017 2do Trim 2017 3er Trim 2017 4to Trim 2018 2019 2020 2021 2022 1er Trimestre 2do Trimestre 3er Trimestre Actualizaci\u00f3n 31\/10\/2022\" \/>\r\n<meta property=\"og:url\" content=\"https:\/\/www.comapanuevolaredo.gob.mx\/sitio\/fraccion-xi\/\" \/>\r\n<meta property=\"og:site_name\" content=\"Comapa Nuevo Laredo\" \/>\r\n<meta property=\"article:publisher\" content=\"https:\/\/www.facebook.com\/comapa.nuevolaredo\/\" \/>\r\n<meta property=\"article:modified_time\" content=\"2022-10-31T18:31:01+00:00\" \/>\r\n<meta property=\"og:image\" content=\"https:\/\/www.comapanuevolaredo.gob.mx\/sitio\/wp-content\/uploads\/2016\/12\/11romanos.png\" \/>\r\n<meta name=\"twitter:card\" content=\"summary_large_image\" \/>\r\n<meta name=\"twitter:site\" content=\"@ComapaNvoLaredo\" \/>\r\n<script type=\"application\/ld+json\" class=\"yoast-schema-graph\">{\"@context\":\"https:\\\/\\\/schema.org\",\"@graph\":[{\"@type\":\"WebPage\",\"@id\":\"https:\\\/\\\/www.comapanuevolaredo.gob.mx\\\/sitio\\\/fraccion-xi\\\/\",\"url\":\"https:\\\/\\\/www.comapanuevolaredo.gob.mx\\\/sitio\\\/fraccion-xi\\\/\",\"name\":\"Fracci\u00f3n XI - Comapa Nuevo Laredo\",\"isPartOf\":{\"@id\":\"https:\\\/\\\/www.comapanuevolaredo.gob.mx\\\/sitio\\\/#website\"},\"primaryImageOfPage\":{\"@id\":\"https:\\\/\\\/www.comapanuevolaredo.gob.mx\\\/sitio\\\/fraccion-xi\\\/#primaryimage\"},\"image\":{\"@id\":\"https:\\\/\\\/www.comapanuevolaredo.gob.mx\\\/sitio\\\/fraccion-xi\\\/#primaryimage\"},\"thumbnailUrl\":\"https:\\\/\\\/www.comapanuevolaredo.gob.mx\\\/sitio\\\/wp-content\\\/uploads\\\/2016\\\/12\\\/11romanos.png\",\"datePublished\":\"2017-05-03T21:45:09+00:00\",\"dateModified\":\"2022-10-31T18:31:01+00:00\",\"breadcrumb\":{\"@id\":\"https:\\\/\\\/www.comapanuevolaredo.gob.mx\\\/sitio\\\/fraccion-xi\\\/#breadcrumb\"},\"inLanguage\":\"es\",\"potentialAction\":[{\"@type\":\"ReadAction\",\"target\":[\"https:\\\/\\\/www.comapanuevolaredo.gob.mx\\\/sitio\\\/fraccion-xi\\\/\"]}]},{\"@type\":\"ImageObject\",\"inLanguage\":\"es\",\"@id\":\"https:\\\/\\\/www.comapanuevolaredo.gob.mx\\\/sitio\\\/fraccion-xi\\\/#primaryimage\",\"url\":\"https:\\\/\\\/www.comapanuevolaredo.gob.mx\\\/sitio\\\/wp-content\\\/uploads\\\/2014\\\/10\\\/Organigrama2.png\",\"contentUrl\":\"https:\\\/\\\/www.comapanuevolaredo.gob.mx\\\/sitio\\\/wp-content\\\/uploads\\\/2014\\\/10\\\/Organigrama2.png\",\"width\":100,\"height\":100},{\"@type\":\"BreadcrumbList\",\"@id\":\"https:\\\/\\\/www.comapanuevolaredo.gob.mx\\\/sitio\\\/fraccion-xi\\\/#breadcrumb\",\"itemListElement\":[{\"@type\":\"ListItem\",\"position\":1,\"name\":\"Home\",\"item\":\"https:\\\/\\\/www.comapanuevolaredo.gob.mx\\\/sitio\\\/\"},{\"@type\":\"ListItem\",\"position\":2,\"name\":\"Fracci\u00f3n XI\"}]},{\"@type\":\"WebSite\",\"@id\":\"https:\\\/\\\/www.comapanuevolaredo.gob.mx\\\/sitio\\\/#website\",\"url\":\"https:\\\/\\\/www.comapanuevolaredo.gob.mx\\\/sitio\\\/\",\"name\":\"Comapa Nuevo Laredo\",\"description\":\"Servicio y distribuci\u00f3n de agua potable y drenaje, planta potabilizadora en NLD, a orillas del R\u00edo Bravo, en la Frontera Norte de Tamaulipas, M\u00e9xico\",\"publisher\":{\"@id\":\"https:\\\/\\\/www.comapanuevolaredo.gob.mx\\\/sitio\\\/#organization\"},\"potentialAction\":[{\"@type\":\"SearchAction\",\"target\":{\"@type\":\"EntryPoint\",\"urlTemplate\":\"https:\\\/\\\/www.comapanuevolaredo.gob.mx\\\/sitio\\\/?s={search_term_string}\"},\"query-input\":{\"@type\":\"PropertyValueSpecification\",\"valueRequired\":true,\"valueName\":\"search_term_string\"}}],\"inLanguage\":\"es\"},{\"@type\":\"Organization\",\"@id\":\"https:\\\/\\\/www.comapanuevolaredo.gob.mx\\\/sitio\\\/#organization\",\"name\":\"Comapa Nuevo Laredo\",\"url\":\"https:\\\/\\\/www.comapanuevolaredo.gob.mx\\\/sitio\\\/\",\"logo\":{\"@type\":\"ImageObject\",\"inLanguage\":\"es\",\"@id\":\"https:\\\/\\\/www.comapanuevolaredo.gob.mx\\\/sitio\\\/#\\\/schema\\\/logo\\\/image\\\/\",\"url\":\"https:\\\/\\\/www.comapanuevolaredo.gob.mx\\\/sitio\\\/wp-content\\\/uploads\\\/2025\\\/02\\\/cropped-512.jpg\",\"contentUrl\":\"https:\\\/\\\/www.comapanuevolaredo.gob.mx\\\/sitio\\\/wp-content\\\/uploads\\\/2025\\\/02\\\/cropped-512.jpg\",\"width\":512,\"height\":512,\"caption\":\"Comapa Nuevo Laredo\"},\"image\":{\"@id\":\"https:\\\/\\\/www.comapanuevolaredo.gob.mx\\\/sitio\\\/#\\\/schema\\\/logo\\\/image\\\/\"},\"sameAs\":[\"https:\\\/\\\/www.facebook.com\\\/comapa.nuevolaredo\\\/\",\"https:\\\/\\\/x.com\\\/ComapaNvoLaredo\",\"https:\\\/\\\/www.instagram.com\\\/comapanld\\\/\"]}]}<\/script>\r\n<!-- \/ Yoast SEO plugin. -->","yoast_head_json":{"title":"Fracci\u00f3n XI - Comapa Nuevo Laredo","robots":{"index":"index","follow":"follow","max-snippet":"max-snippet:-1","max-image-preview":"max-image-preview:large","max-video-preview":"max-video-preview:-1"},"canonical":"https:\/\/www.comapanuevolaredo.gob.mx\/sitio\/fraccion-xi\/","og_locale":"es_ES","og_type":"article","og_title":"Fracci\u00f3n XI - Comapa Nuevo Laredo","og_description":"Las contrataciones de servicios profesionales por honorarios, se\u00f1alando los nombres de los prestadores de servicios, los servicios contratados, el monto de los honorarios y el periodo de contrataci\u00f3n 2015 &#8211; 2017 2017 2do Trim 2017 3er Trim 2017 4to Trim 2018 2019 2020 2021 2022 1er Trimestre 2do Trimestre 3er Trimestre Actualizaci\u00f3n 31\/10\/2022","og_url":"https:\/\/www.comapanuevolaredo.gob.mx\/sitio\/fraccion-xi\/","og_site_name":"Comapa Nuevo Laredo","article_publisher":"https:\/\/www.facebook.com\/comapa.nuevolaredo\/","article_modified_time":"2022-10-31T18:31:01+00:00","og_image":[{"url":"https:\/\/www.comapanuevolaredo.gob.mx\/sitio\/wp-content\/uploads\/2016\/12\/11romanos.png","type":"","width":"","height":""}],"twitter_card":"summary_large_image","twitter_site":"@ComapaNvoLaredo","schema":{"@context":"https:\/\/schema.org","@graph":[{"@type":"WebPage","@id":"https:\/\/www.comapanuevolaredo.gob.mx\/sitio\/fraccion-xi\/","url":"https:\/\/www.comapanuevolaredo.gob.mx\/sitio\/fraccion-xi\/","name":"Fracci\u00f3n XI - Comapa Nuevo Laredo","isPartOf":{"@id":"https:\/\/www.comapanuevolaredo.gob.mx\/sitio\/#website"},"primaryImageOfPage":{"@id":"https:\/\/www.comapanuevolaredo.gob.mx\/sitio\/fraccion-xi\/#primaryimage"},"image":{"@id":"https:\/\/www.comapanuevolaredo.gob.mx\/sitio\/fraccion-xi\/#primaryimage"},"thumbnailUrl":"https:\/\/www.comapanuevolaredo.gob.mx\/sitio\/wp-content\/uploads\/2016\/12\/11romanos.png","datePublished":"2017-05-03T21:45:09+00:00","dateModified":"2022-10-31T18:31:01+00:00","breadcrumb":{"@id":"https:\/\/www.comapanuevolaredo.gob.mx\/sitio\/fraccion-xi\/#breadcrumb"},"inLanguage":"es","potentialAction":[{"@type":"ReadAction","target":["https:\/\/www.comapanuevolaredo.gob.mx\/sitio\/fraccion-xi\/"]}]},{"@type":"ImageObject","inLanguage":"es","@id":"https:\/\/www.comapanuevolaredo.gob.mx\/sitio\/fraccion-xi\/#primaryimage","url":"https:\/\/www.comapanuevolaredo.gob.mx\/sitio\/wp-content\/uploads\/2014\/10\/Organigrama2.png","contentUrl":"https:\/\/www.comapanuevolaredo.gob.mx\/sitio\/wp-content\/uploads\/2014\/10\/Organigrama2.png","width":100,"height":100},{"@type":"BreadcrumbList","@id":"https:\/\/www.comapanuevolaredo.gob.mx\/sitio\/fraccion-xi\/#breadcrumb","itemListElement":[{"@type":"ListItem","position":1,"name":"Home","item":"https:\/\/www.comapanuevolaredo.gob.mx\/sitio\/"},{"@type":"ListItem","position":2,"name":"Fracci\u00f3n XI"}]},{"@type":"WebSite","@id":"https:\/\/www.comapanuevolaredo.gob.mx\/sitio\/#website","url":"https:\/\/www.comapanuevolaredo.gob.mx\/sitio\/","name":"Comapa Nuevo Laredo","description":"Servicio y distribuci\u00f3n de agua potable y drenaje, planta potabilizadora en NLD, a orillas del R\u00edo Bravo, en la Frontera Norte de Tamaulipas, M\u00e9xico","publisher":{"@id":"https:\/\/www.comapanuevolaredo.gob.mx\/sitio\/#organization"},"potentialAction":[{"@type":"SearchAction","target":{"@type":"EntryPoint","urlTemplate":"https:\/\/www.comapanuevolaredo.gob.mx\/sitio\/?s={search_term_string}"},"query-input":{"@type":"PropertyValueSpecification","valueRequired":true,"valueName":"search_term_string"}}],"inLanguage":"es"},{"@type":"Organization","@id":"https:\/\/www.comapanuevolaredo.gob.mx\/sitio\/#organization","name":"Comapa Nuevo Laredo","url":"https:\/\/www.comapanuevolaredo.gob.mx\/sitio\/","logo":{"@type":"ImageObject","inLanguage":"es","@id":"https:\/\/www.comapanuevolaredo.gob.mx\/sitio\/#\/schema\/logo\/image\/","url":"https:\/\/www.comapanuevolaredo.gob.mx\/sitio\/wp-content\/uploads\/2025\/02\/cropped-512.jpg","contentUrl":"https:\/\/www.comapanuevolaredo.gob.mx\/sitio\/wp-content\/uploads\/2025\/02\/cropped-512.jpg","width":512,"height":512,"caption":"Comapa Nuevo Laredo"},"image":{"@id":"https:\/\/www.comapanuevolaredo.gob.mx\/sitio\/#\/schema\/logo\/image\/"},"sameAs":["https:\/\/www.facebook.com\/comapa.nuevolaredo\/","https:\/\/x.com\/ComapaNvoLaredo","https:\/\/www.instagram.com\/comapanld\/"]}]}},"_links":{"self":[{"href":"https:\/\/www.comapanuevolaredo.gob.mx\/sitio\/wp-json\/wp\/v2\/pages\/3133","targetHints":{"allow":["GET"]}}],"collection":[{"href":"https:\/\/www.comapanuevolaredo.gob.mx\/sitio\/wp-json\/wp\/v2\/pages"}],"about":[{"href":"https:\/\/www.comapanuevolaredo.gob.mx\/sitio\/wp-json\/wp\/v2\/types\/page"}],"author":[{"embeddable":true,"href":"https:\/\/www.comapanuevolaredo.gob.mx\/sitio\/wp-json\/wp\/v2\/users\/1"}],"replies":[{"embeddable":true,"href":"https:\/\/www.comapanuevolaredo.gob.mx\/sitio\/wp-json\/wp\/v2\/comments?post=3133"}],"version-history":[{"count":23,"href":"https:\/\/www.comapanuevolaredo.gob.mx\/sitio\/wp-json\/wp\/v2\/pages\/3133\/revisions"}],"predecessor-version":[{"id":12170,"href":"https:\/\/www.comapanuevolaredo.gob.mx\/sitio\/wp-json\/wp\/v2\/pages\/3133\/revisions\/12170"}],"wp:attachment":[{"href":"https:\/\/www.comapanuevolaredo.gob.mx\/sitio\/wp-json\/wp\/v2\/media?parent=3133"}],"curies":[{"name":"wp","href":"https:\/\/api.w.org\/{rel}","templated":true}]}}