{"id":3121,"date":"2025-01-19T11:53:32","date_gmt":"2025-01-19T17:53:32","guid":{"rendered":"https:\/\/www.comapanuevolaredo.gob.mx\/sitio\/?page_id=3121"},"modified":"2026-01-19T10:32:12","modified_gmt":"2026-01-19T16:32:12","slug":"fraccion-vi","status":"publish","type":"page","link":"https:\/\/www.comapanuevolaredo.gob.mx\/sitio\/fraccion-vi\/","title":{"rendered":"Fracci\u00f3n VI"},"content":{"rendered":"<p style=\"display: flex; align-items: center;\"><span style=\"background-color: #003e75; color: white; font-size: 1.5rem; padding: 0.5rem 1.75rem; border-radius: 8px; display: inline-block;\">VI<\/span><br \/>\n<span style=\"margin-left: 1rem; display: inline-block;\">Los indicadores que permitan rendir cuenta de sus objetivos y resultados<\/span><\/p>\n<table>\n<tbody>\n<tr>\n<td>\n<ul>\n<li><a href=\"https:\/\/view.officeapps.live.com\/op\/view.aspx?src=http:\/\/www.comapalocal.com\/nuevolaredo\/transparencia\/Archivos\/Capacitacion\/2018\/Anual\/2015-Indic-obj_resultVI.xlsx\" target=\"_blank\" rel=\"noopener\">2015<\/a><\/li>\n<\/ul>\n<ul>\n<li><a href=\"https:\/\/view.officeapps.live.com\/op\/view.aspx?src=http:\/\/www.comapalocal.com\/nuevolaredo\/transparencia\/Archivos\/Capacitacion\/2016\/Anual\/2016-Indic-obj_resultVI.xlsx\">2016<\/a><\/li>\n<\/ul>\n<ul>\n<li><a href=\"https:\/\/view.officeapps.live.com\/op\/view.aspx?src=http:\/\/www.comapalocal.com\/nuevolaredo\/transparencia\/Archivos\/Capacitacion\/2017\/Anual\/2017-Indic-obj_resultVI.xlsx\">2017<\/a><\/li>\n<\/ul>\n<ul>\n<li><a href=\"https:\/\/view.officeapps.live.com\/op\/view.aspx?src=http:\/\/www.comapalocal.com\/nuevolaredo\/transparencia\/Archivos\/Capacitacion\/2018\/Anual\/LTAIPET-A67FVI.xlsx\">2018<\/a><\/li>\n<\/ul>\n<ul>\n<li><a href=\"https:\/\/view.officeapps.live.com\/op\/view.aspx?src=http:\/\/www.comapalocal.com\/nuevolaredo\/transparencia\/Archivos\/Cord_Cal_Proc\/2019\/3erTrim\/LTAIPET-A67FVI.xlsx\">2019<\/a><\/li>\n<\/ul>\n<ul>\n<li><a href=\"https:\/\/view.officeapps.live.com\/op\/view.aspx?src=http:\/\/www.comapalocal.com\/nuevolaredo\/transparencia\/Archivos\/Cord_Cal_Proc\/2022\/1erTrim\/LTAIPET-A67FVI PRIMER TRIMESTRE 2022.xlsx\">2022 1er Trimestre<\/a><\/li>\n<li><a href=\"https:\/\/view.officeapps.live.com\/op\/view.aspx?src=http:\/\/www.comapalocal.com\/nuevolaredo\/transparencia\/Archivos\/Cord_Cal_Proc\/2022\/2doTrim\/LTAIPET-A67FVI SEGUNDO TRIMESTRE 2022.xlsx\">2022 2do Trimestre<\/a><\/li>\n<li><a href=\"https:\/\/view.officeapps.live.com\/op\/view.aspx?src=http:\/\/www.comapalocal.com\/nuevolaredo\/transparencia\/Archivos\/Unidad_Transparencia\/2022\/3erTrim\/LTAIPET-A67FVI tercer trimestre.xlsx\">2022 3er Trimestre<\/a><\/li>\n<li><a href=\"https:\/\/view.officeapps.live.com\/op\/view.aspx?src=http:\/\/www.comapalocal.com\/nuevolaredo\/transparencia\/Archivos\/Cord_Cal_Proc\/2022\/4toTrim\/LTAIPET-A67FVI.xlsx\">2022 4to Trimestre<\/a><\/li>\n<\/ul>\n<ul>\n<li><a href=\"https:\/\/view.officeapps.live.com\/op\/view.aspx?src=http:\/\/www.comapalocal.com\/nuevolaredo\/transparencia\/Archivos\/Cord_Cal_Proc\/2023\/1erTrim\/LTAIPET-A67FVI.xlsx\">2023 1er Trimestre<\/a><\/li>\n<li><a href=\"https:\/\/view.officeapps.live.com\/op\/view.aspx?src=http:\/\/www.comapalocal.com\/nuevolaredo\/transparencia\/Archivos\/Cord_Cal_Proc\/2023\/2doTrim\/LTAIPET-A67FVI..xlsx\">2023 2do Trimestre<\/a><\/li>\n<li><a href=\"https:\/\/view.officeapps.live.com\/op\/view.aspx?src=http:\/\/www.comapalocal.com\/nuevolaredo\/transparencia\/Archivos\/Cord_Cal_Proc\/2023\/3erTrim\/LTAIPET-A67FVI.xlsx\">2023 3er Trimestre<\/a><\/li>\n<li><a href=\"https:\/\/view.officeapps.live.com\/op\/view.aspx?src=http:\/\/www.comapalocal.com\/nuevolaredo\/transparencia\/Archivos\/Cord_Cal_Proc\/2023\/4toTrim\/LTAIPET-A67FVI_(1).xlsx\">2023 4to Trimestre<\/a><\/li>\n<\/ul>\n<ul>\n<li><a href=\"https:\/\/view.officeapps.live.com\/op\/view.aspx?src=http:\/\/www.comapalocal.com\/nuevolaredo\/transparencia\/Archivos\/Cord_Cal_Proc\/2024\/1erTrim\/LTAIPET-A67FVI.1T2024.xlsx\">2024 1er Trimestre<\/a><\/li>\n<li><a href=\"https:\/\/view.officeapps.live.com\/op\/view.aspx?src=http:\/\/www.comapalocal.com\/nuevolaredo\/transparencia\/Archivos\/Cord_Cal_Proc\/2024\/2doTrim\/LTAIPET-A67FVI_2DO_TRIMESTRE.xlsx\">2024 2do Trimestre<\/a><\/li>\n<li><a href=\"https:\/\/view.officeapps.live.com\/op\/view.aspx?src=http:\/\/www.comapalocal.com\/nuevolaredo\/transparencia\/Archivos\/Cord_Cal_Proc\/2024\/3erTrim\/LTAIPET-A67FVI.3T2024.xlsx\">2024 3er Trimestre<\/a><\/li>\n<li><a href=\"https:\/\/view.officeapps.live.com\/op\/view.aspx?src=http:\/\/www.comapalocal.com\/nuevolaredo\/transparencia\/Archivos\/Cord_Cal_Proc\/2024\/4toTrim\/LTAIPET-A67FVI.4T2024.xlsx\">2024 4to Trimestre<\/a><\/li>\n<\/ul>\n<ul>\n<li><a style=\"color: dodgerblue;\" href=\"https:\/\/view.officeapps.live.com\/op\/view.aspx?src=http:\/\/www.comapalocal.com\/nuevolaredo\/transparencia\/Archivos\/Cord_Cal_Proc\/2025\/1erTrim\/LTAIPET-A67FVI.xlsx\">2025 1er Trimestre<\/a><\/li>\n<li><a style=\"color: dodgerblue;\" href=\"https:\/\/view.officeapps.live.com\/op\/view.aspx?src=http:\/\/www.comapalocal.com\/nuevolaredo\/transparencia\/Archivos\/Cord_Cal_Proc\/2025\/2doTrim\/LTAIPET-A67FVI.xlsx\">2025 2do Trimestre<\/a><\/li>\n<li><a style=\"color: dodgerblue;\" href=\"https:\/\/view.officeapps.live.com\/op\/view.aspx?src=http:\/\/www.comapalocal.com\/nuevolaredo\/transparencia\/Archivos\/Cord_Cal_Proc\/2025\/3erTrim\/LTAIPET-A67FVI.xlsx\">2025 3er Trimestre<\/a><\/li>\n<li><a style=\"color: dodgerblue;\" href=\"https:\/\/view.officeapps.live.com\/op\/view.aspx?src=http:\/\/www.comapalocal.com\/nuevolaredo\/transparencia\/Archivos\/Cord_Cal_Proc\/2025\/4toTrim\/LTAIPET-A67FVI_4T2025.xlsx\">2025 4to Trimestre<\/a><\/li>\n<\/ul>\n<\/td>\n<\/tr>\n<\/tbody>\n<\/table>\n<p>&nbsp;<\/p>\n<p>&#x2705; Actualizaci\u00f3n 19\/Ene\/2025<br \/>\nNota: Si alg\u00fan link no es funcional, favor de reportarlo al correo transparencia@comapanuevolaredo.gob.mx<\/p>\n","protected":false},"excerpt":{"rendered":"<p>VI Los indicadores que permitan rendir cuenta de sus objetivos y resultados 2015 2016 2017 2018 2019 2022 1er Trimestre 2022 2do Trimestre 2022 3er Trimestre 2022 4to Trimestre 2023 1er Trimestre 2023 2do Trimestre 2023 3er Trimestre 2023 4to Trimestre 2024 1er Trimestre 2024 2do Trimestre 2024 3er Trimestre 2024 4to Trimestre 2025 1er [&hellip;]<\/p>\n","protected":false},"author":1,"featured_media":0,"parent":0,"menu_order":0,"comment_status":"closed","ping_status":"closed","template":"","meta":{"footnotes":""},"class_list":["post-3121","page","type-page","status-publish","hentry"],"yoast_head":"<!-- This site is optimized with the Yoast SEO plugin v27.3 - https:\/\/yoast.com\/product\/yoast-seo-wordpress\/ -->\r\n<title>Fracci\u00f3n VI - Comapa Nuevo Laredo<\/title>\r\n<meta name=\"robots\" content=\"index, follow, max-snippet:-1, max-image-preview:large, max-video-preview:-1\" \/>\r\n<link rel=\"canonical\" href=\"https:\/\/www.comapanuevolaredo.gob.mx\/sitio\/fraccion-vi\/\" \/>\r\n<meta property=\"og:locale\" content=\"es_ES\" \/>\r\n<meta property=\"og:type\" content=\"article\" \/>\r\n<meta property=\"og:title\" content=\"Fracci\u00f3n VI - Comapa Nuevo Laredo\" \/>\r\n<meta property=\"og:description\" content=\"VI Los indicadores que permitan rendir cuenta de sus objetivos y resultados 2015 2016 2017 2018 2019 2022 1er Trimestre 2022 2do Trimestre 2022 3er Trimestre 2022 4to Trimestre 2023 1er Trimestre 2023 2do Trimestre 2023 3er Trimestre 2023 4to Trimestre 2024 1er Trimestre 2024 2do Trimestre 2024 3er Trimestre 2024 4to Trimestre 2025 1er [&hellip;]\" \/>\r\n<meta property=\"og:url\" content=\"https:\/\/www.comapanuevolaredo.gob.mx\/sitio\/fraccion-vi\/\" \/>\r\n<meta property=\"og:site_name\" content=\"Comapa Nuevo Laredo\" \/>\r\n<meta property=\"article:publisher\" content=\"https:\/\/www.facebook.com\/comapa.nuevolaredo\/\" \/>\r\n<meta property=\"article:modified_time\" content=\"2026-01-19T16:32:12+00:00\" \/>\r\n<meta name=\"twitter:card\" content=\"summary_large_image\" \/>\r\n<meta name=\"twitter:site\" content=\"@ComapaNvoLaredo\" \/>\r\n<meta name=\"twitter:label1\" content=\"Tiempo de lectura\" \/>\n\t<meta name=\"twitter:data1\" content=\"1 minuto\" \/>\r\n<script type=\"application\/ld+json\" class=\"yoast-schema-graph\">{\"@context\":\"https:\\\/\\\/schema.org\",\"@graph\":[{\"@type\":\"WebPage\",\"@id\":\"https:\\\/\\\/www.comapanuevolaredo.gob.mx\\\/sitio\\\/fraccion-vi\\\/\",\"url\":\"https:\\\/\\\/www.comapanuevolaredo.gob.mx\\\/sitio\\\/fraccion-vi\\\/\",\"name\":\"Fracci\u00f3n VI - Comapa Nuevo Laredo\",\"isPartOf\":{\"@id\":\"https:\\\/\\\/www.comapanuevolaredo.gob.mx\\\/sitio\\\/#website\"},\"datePublished\":\"2025-01-19T17:53:32+00:00\",\"dateModified\":\"2026-01-19T16:32:12+00:00\",\"breadcrumb\":{\"@id\":\"https:\\\/\\\/www.comapanuevolaredo.gob.mx\\\/sitio\\\/fraccion-vi\\\/#breadcrumb\"},\"inLanguage\":\"es\",\"potentialAction\":[{\"@type\":\"ReadAction\",\"target\":[\"https:\\\/\\\/www.comapanuevolaredo.gob.mx\\\/sitio\\\/fraccion-vi\\\/\"]}]},{\"@type\":\"BreadcrumbList\",\"@id\":\"https:\\\/\\\/www.comapanuevolaredo.gob.mx\\\/sitio\\\/fraccion-vi\\\/#breadcrumb\",\"itemListElement\":[{\"@type\":\"ListItem\",\"position\":1,\"name\":\"Home\",\"item\":\"https:\\\/\\\/www.comapanuevolaredo.gob.mx\\\/sitio\\\/\"},{\"@type\":\"ListItem\",\"position\":2,\"name\":\"Fracci\u00f3n VI\"}]},{\"@type\":\"WebSite\",\"@id\":\"https:\\\/\\\/www.comapanuevolaredo.gob.mx\\\/sitio\\\/#website\",\"url\":\"https:\\\/\\\/www.comapanuevolaredo.gob.mx\\\/sitio\\\/\",\"name\":\"Comapa Nuevo Laredo\",\"description\":\"Servicio y distribuci\u00f3n de agua potable y drenaje, planta potabilizadora en NLD, a orillas del R\u00edo Bravo, en la Frontera Norte de Tamaulipas, M\u00e9xico\",\"publisher\":{\"@id\":\"https:\\\/\\\/www.comapanuevolaredo.gob.mx\\\/sitio\\\/#organization\"},\"potentialAction\":[{\"@type\":\"SearchAction\",\"target\":{\"@type\":\"EntryPoint\",\"urlTemplate\":\"https:\\\/\\\/www.comapanuevolaredo.gob.mx\\\/sitio\\\/?s={search_term_string}\"},\"query-input\":{\"@type\":\"PropertyValueSpecification\",\"valueRequired\":true,\"valueName\":\"search_term_string\"}}],\"inLanguage\":\"es\"},{\"@type\":\"Organization\",\"@id\":\"https:\\\/\\\/www.comapanuevolaredo.gob.mx\\\/sitio\\\/#organization\",\"name\":\"Comapa Nuevo Laredo\",\"url\":\"https:\\\/\\\/www.comapanuevolaredo.gob.mx\\\/sitio\\\/\",\"logo\":{\"@type\":\"ImageObject\",\"inLanguage\":\"es\",\"@id\":\"https:\\\/\\\/www.comapanuevolaredo.gob.mx\\\/sitio\\\/#\\\/schema\\\/logo\\\/image\\\/\",\"url\":\"https:\\\/\\\/www.comapanuevolaredo.gob.mx\\\/sitio\\\/wp-content\\\/uploads\\\/2025\\\/02\\\/cropped-512.jpg\",\"contentUrl\":\"https:\\\/\\\/www.comapanuevolaredo.gob.mx\\\/sitio\\\/wp-content\\\/uploads\\\/2025\\\/02\\\/cropped-512.jpg\",\"width\":512,\"height\":512,\"caption\":\"Comapa Nuevo Laredo\"},\"image\":{\"@id\":\"https:\\\/\\\/www.comapanuevolaredo.gob.mx\\\/sitio\\\/#\\\/schema\\\/logo\\\/image\\\/\"},\"sameAs\":[\"https:\\\/\\\/www.facebook.com\\\/comapa.nuevolaredo\\\/\",\"https:\\\/\\\/x.com\\\/ComapaNvoLaredo\",\"https:\\\/\\\/www.instagram.com\\\/comapanld\\\/\"]}]}<\/script>\r\n<!-- \/ Yoast SEO plugin. -->","yoast_head_json":{"title":"Fracci\u00f3n VI - Comapa Nuevo Laredo","robots":{"index":"index","follow":"follow","max-snippet":"max-snippet:-1","max-image-preview":"max-image-preview:large","max-video-preview":"max-video-preview:-1"},"canonical":"https:\/\/www.comapanuevolaredo.gob.mx\/sitio\/fraccion-vi\/","og_locale":"es_ES","og_type":"article","og_title":"Fracci\u00f3n VI - Comapa Nuevo Laredo","og_description":"VI Los indicadores que permitan rendir cuenta de sus objetivos y resultados 2015 2016 2017 2018 2019 2022 1er Trimestre 2022 2do Trimestre 2022 3er Trimestre 2022 4to Trimestre 2023 1er Trimestre 2023 2do Trimestre 2023 3er Trimestre 2023 4to Trimestre 2024 1er Trimestre 2024 2do Trimestre 2024 3er Trimestre 2024 4to Trimestre 2025 1er [&hellip;]","og_url":"https:\/\/www.comapanuevolaredo.gob.mx\/sitio\/fraccion-vi\/","og_site_name":"Comapa Nuevo Laredo","article_publisher":"https:\/\/www.facebook.com\/comapa.nuevolaredo\/","article_modified_time":"2026-01-19T16:32:12+00:00","twitter_card":"summary_large_image","twitter_site":"@ComapaNvoLaredo","twitter_misc":{"Tiempo de lectura":"1 minuto"},"schema":{"@context":"https:\/\/schema.org","@graph":[{"@type":"WebPage","@id":"https:\/\/www.comapanuevolaredo.gob.mx\/sitio\/fraccion-vi\/","url":"https:\/\/www.comapanuevolaredo.gob.mx\/sitio\/fraccion-vi\/","name":"Fracci\u00f3n VI - Comapa Nuevo Laredo","isPartOf":{"@id":"https:\/\/www.comapanuevolaredo.gob.mx\/sitio\/#website"},"datePublished":"2025-01-19T17:53:32+00:00","dateModified":"2026-01-19T16:32:12+00:00","breadcrumb":{"@id":"https:\/\/www.comapanuevolaredo.gob.mx\/sitio\/fraccion-vi\/#breadcrumb"},"inLanguage":"es","potentialAction":[{"@type":"ReadAction","target":["https:\/\/www.comapanuevolaredo.gob.mx\/sitio\/fraccion-vi\/"]}]},{"@type":"BreadcrumbList","@id":"https:\/\/www.comapanuevolaredo.gob.mx\/sitio\/fraccion-vi\/#breadcrumb","itemListElement":[{"@type":"ListItem","position":1,"name":"Home","item":"https:\/\/www.comapanuevolaredo.gob.mx\/sitio\/"},{"@type":"ListItem","position":2,"name":"Fracci\u00f3n VI"}]},{"@type":"WebSite","@id":"https:\/\/www.comapanuevolaredo.gob.mx\/sitio\/#website","url":"https:\/\/www.comapanuevolaredo.gob.mx\/sitio\/","name":"Comapa Nuevo Laredo","description":"Servicio y distribuci\u00f3n de agua potable y drenaje, planta potabilizadora en NLD, a orillas del R\u00edo Bravo, en la Frontera Norte de Tamaulipas, M\u00e9xico","publisher":{"@id":"https:\/\/www.comapanuevolaredo.gob.mx\/sitio\/#organization"},"potentialAction":[{"@type":"SearchAction","target":{"@type":"EntryPoint","urlTemplate":"https:\/\/www.comapanuevolaredo.gob.mx\/sitio\/?s={search_term_string}"},"query-input":{"@type":"PropertyValueSpecification","valueRequired":true,"valueName":"search_term_string"}}],"inLanguage":"es"},{"@type":"Organization","@id":"https:\/\/www.comapanuevolaredo.gob.mx\/sitio\/#organization","name":"Comapa Nuevo Laredo","url":"https:\/\/www.comapanuevolaredo.gob.mx\/sitio\/","logo":{"@type":"ImageObject","inLanguage":"es","@id":"https:\/\/www.comapanuevolaredo.gob.mx\/sitio\/#\/schema\/logo\/image\/","url":"https:\/\/www.comapanuevolaredo.gob.mx\/sitio\/wp-content\/uploads\/2025\/02\/cropped-512.jpg","contentUrl":"https:\/\/www.comapanuevolaredo.gob.mx\/sitio\/wp-content\/uploads\/2025\/02\/cropped-512.jpg","width":512,"height":512,"caption":"Comapa Nuevo Laredo"},"image":{"@id":"https:\/\/www.comapanuevolaredo.gob.mx\/sitio\/#\/schema\/logo\/image\/"},"sameAs":["https:\/\/www.facebook.com\/comapa.nuevolaredo\/","https:\/\/x.com\/ComapaNvoLaredo","https:\/\/www.instagram.com\/comapanld\/"]}]}},"_links":{"self":[{"href":"https:\/\/www.comapanuevolaredo.gob.mx\/sitio\/wp-json\/wp\/v2\/pages\/3121","targetHints":{"allow":["GET"]}}],"collection":[{"href":"https:\/\/www.comapanuevolaredo.gob.mx\/sitio\/wp-json\/wp\/v2\/pages"}],"about":[{"href":"https:\/\/www.comapanuevolaredo.gob.mx\/sitio\/wp-json\/wp\/v2\/types\/page"}],"author":[{"embeddable":true,"href":"https:\/\/www.comapanuevolaredo.gob.mx\/sitio\/wp-json\/wp\/v2\/users\/1"}],"replies":[{"embeddable":true,"href":"https:\/\/www.comapanuevolaredo.gob.mx\/sitio\/wp-json\/wp\/v2\/comments?post=3121"}],"version-history":[{"count":65,"href":"https:\/\/www.comapanuevolaredo.gob.mx\/sitio\/wp-json\/wp\/v2\/pages\/3121\/revisions"}],"predecessor-version":[{"id":13814,"href":"https:\/\/www.comapanuevolaredo.gob.mx\/sitio\/wp-json\/wp\/v2\/pages\/3121\/revisions\/13814"}],"wp:attachment":[{"href":"https:\/\/www.comapanuevolaredo.gob.mx\/sitio\/wp-json\/wp\/v2\/media?parent=3121"}],"curies":[{"name":"wp","href":"https:\/\/api.w.org\/{rel}","templated":true}]}}