{"id":2000,"date":"2015-09-07T17:55:21","date_gmt":"2015-09-07T17:55:21","guid":{"rendered":"https:\/\/www.comapanuevolaredo.gob.mx\/sitio\/?page_id=2000"},"modified":"2026-02-23T07:43:35","modified_gmt":"2026-02-23T13:43:35","slug":"actas-de-consejo","status":"publish","type":"page","link":"https:\/\/www.comapanuevolaredo.gob.mx\/sitio\/actas-de-consejo\/","title":{"rendered":"Actas de Consejo"},"content":{"rendered":"<p>Si no puede visualizar el contenido, haga click <a href=\"https:\/\/www.comapanuevolaredo.gob.mx\/sitio\/wp-content\/uploads\/2021\/08\/actas.pdf\" target=\"_blank\" rel=\"noopener noreferrer\">Aqu\u00ed<\/a>.<\/p>\n<p><embed src=\"https:\/\/www.comapanuevolaredo.gob.mx\/sitio\/wp-content\/uploads\/2021\/08\/actas.pdf\" width=\"900\" height=\"600\"><\/embed><\/p>\n<table class=\" aligncenter\" width=\"80%\">\n<tbody>\n<tr>\n<td>&nbsp;<\/p>\n<p><img loading=\"lazy\" decoding=\"async\" class=\"size-full wp-image-2053 imgborder alignleft\" src=\"https:\/\/www.comapanuevolaredo.gob.mx\/sitio\/wp-content\/uploads\/2014\/10\/Actas-de-consejo2.png\" alt=\"Actas de consejo\" width=\"60\" height=\"60\" srcset=\"https:\/\/www.comapanuevolaredo.gob.mx\/sitio\/wp-content\/uploads\/2014\/10\/Actas-de-consejo2.png 100w, https:\/\/www.comapanuevolaredo.gob.mx\/sitio\/wp-content\/uploads\/2014\/10\/Actas-de-consejo2-75x75.png 75w\" sizes=\"auto, (max-width: 60px) 100vw, 60px\" \/>Actas de Consejo<\/td>\n<\/tr>\n<tr>\n<td>\n<ul>\n<li style=\"list-style-type: none;\">\n<ul>\n<li><a href=\"https:\/\/www.comapanuevolaredo.gob.mx\/sitio\/wp-content\/uploads\/2015\/09\/VOLUMEN-205-FOLIO-52.pdf\" target=\"_blank\" rel=\"noopener noreferrer\">Acta N\u00b0 I 2013<\/a><\/li>\n<li><a href=\"https:\/\/www.comapanuevolaredo.gob.mx\/sitio\/wp-content\/uploads\/2015\/09\/VOLUMEN-206-FOLIO-50.pdf\" target=\"_blank\" rel=\"noopener noreferrer\">Acta N\u00b0 II 2013<\/a><\/li>\n<li><a href=\"https:\/\/www.comapanuevolaredo.gob.mx\/sitio\/wp-content\/uploads\/2015\/09\/VOLUMEN-211-FOLIO-48.pdf\" target=\"_blank\" rel=\"noopener noreferrer\">Acta N\u00b0 III 2013<\/a><\/li>\n<li><a href=\"https:\/\/www.comapanuevolaredo.gob.mx\/sitio\/wp-content\/uploads\/2015\/09\/VOLUMEN-209-FOLIO-138.pdf\" target=\"_blank\" rel=\"noopener noreferrer\">Acta N\u00b0 IV 2014<\/a><\/li>\n<li><a href=\"https:\/\/www.comapanuevolaredo.gob.mx\/sitio\/wp-content\/uploads\/2015\/09\/VOLUMEN-211-FOLIO-144.pdf\" target=\"_blank\" rel=\"noopener noreferrer\">Acta N\u00b0 V 2014<\/a><\/li>\n<li><a href=\"https:\/\/www.comapanuevolaredo.gob.mx\/sitio\/wp-content\/uploads\/2015\/09\/VOLUMEN-215-FOLIO-93.pdf\" target=\"_blank\" rel=\"noopener noreferrer\">Acta N\u00b0 VI 2014<\/a><\/li>\n<li><a href=\"https:\/\/www.comapanuevolaredo.gob.mx\/sitio\/wp-content\/uploads\/2015\/09\/VOLUMEN-224-FOLIO-24.pdf\" target=\"_blank\" rel=\"noopener noreferrer\">Acta N\u00b0 VII 2014<\/a><\/li>\n<li><a href=\"https:\/\/www.comapanuevolaredo.gob.mx\/sitio\/wp-content\/uploads\/2015\/09\/VOLUMEN-222-FOLIO-64.pdf\" target=\"_blank\" rel=\"noopener noreferrer\">Acta N\u00b0 VIII 2014<\/a><\/li>\n<li><a href=\"https:\/\/www.comapanuevolaredo.gob.mx\/sitio\/wp-content\/uploads\/2015\/09\/VOLUMEN-230-FOLIO-09.pdf\" target=\"_blank\" rel=\"noopener noreferrer\">Acta N\u00b0 IX 2014<\/a><\/li>\n<li><a href=\"https:\/\/www.comapanuevolaredo.gob.mx\/sitio\/wp-content\/uploads\/2015\/09\/VOLUMEN-231-FOLIO-18.pdf\" target=\"_blank\" rel=\"noopener noreferrer\">Acta N\u00b0 X 2015<\/a><\/li>\n<li><a href=\"https:\/\/www.comapanuevolaredo.gob.mx\/sitio\/wp-content\/uploads\/2015\/09\/VOLUMEN-235-FOLIO-80.pdf\" target=\"_blank\" rel=\"noopener noreferrer\">Acta N\u00b0 XI 2015<\/a><\/li>\n<li><a href=\"https:\/\/www.comapanuevolaredo.gob.mx\/sitio\/wp-content\/uploads\/2015\/09\/VOLUMEN-234-FOLIO-972.pdf\" target=\"_blank\" rel=\"noopener noreferrer\">Acta N\u00b0 XII 2015<\/a><\/li>\n<li><a href=\"https:\/\/www.comapanuevolaredo.gob.mx\/sitio\/wp-content\/uploads\/2015\/09\/ACTA-XIII.pdf\" target=\"_blank\" rel=\"noopener noreferrer\">Acta N\u00b0 XIII 2015<\/a><\/li>\n<li><a href=\"https:\/\/www.comapanuevolaredo.gob.mx\/sitio\/wp-content\/uploads\/2015\/09\/ACTA-XIV.pdf\" target=\"_blank\" rel=\"noopener noreferrer\">Acta N\u00b0 XIV 2015<\/a><\/li>\n<li><a href=\"https:\/\/www.comapanuevolaredo.gob.mx\/sitio\/wp-content\/uploads\/2015\/09\/ACTA-XV.pdf\" target=\"_blank\" rel=\"noopener noreferrer\">Acta N\u00b0 XV 2015<\/a><\/li>\n<li><a href=\"https:\/\/www.comapanuevolaredo.gob.mx\/sitio\/wp-content\/uploads\/2015\/09\/ACTA-XVI.pdf\" target=\"_blank\" rel=\"noopener noreferrer\">Acta N\u00b0 XVI 2015<\/a><\/li>\n<li><a href=\"https:\/\/www.comapanuevolaredo.gob.mx\/sitio\/wp-content\/uploads\/2015\/09\/ACTA-No.-XVII.pdf\" target=\"_blank\" rel=\"noopener\">Acta N\u00b0 XVII 2016<\/a><\/li>\n<li><a href=\"https:\/\/www.comapanuevolaredo.gob.mx\/sitio\/wp-content\/uploads\/2015\/09\/ACTA-XVIII.pdf\" target=\"_blank\" rel=\"noopener noreferrer\">Acta N\u00b0 XVIII 2016<\/a><\/li>\n<li><a href=\"https:\/\/www.comapanuevolaredo.gob.mx\/sitio\/wp-content\/uploads\/2015\/09\/ACTA-No-XIX.pdf\" target=\"_blank\" rel=\"noopener noreferrer\">Acta N\u00b0 XIX 2016<\/a><\/li>\n<li><a href=\"https:\/\/www.comapanuevolaredo.gob.mx\/sitio\/wp-content\/uploads\/2015\/09\/2013-2016.-ACTA-XX.pdf\" target=\"_blank\" rel=\"noopener noreferrer\">Acta N\u00b0 XX 2016<\/a><\/li>\n<li><a href=\"https:\/\/www.comapanuevolaredo.gob.mx\/sitio\/wp-content\/uploads\/2015\/09\/2013-2016-ACTA-XXI.pdf\" target=\"_blank\" rel=\"noopener noreferrer\">Acta N\u00b0 XXI 2016<\/a><\/li>\n<\/ul>\n<\/li>\n<\/ul>\n<p>Administraci\u00f3n 2016 &#8211; 2018<\/p>\n<ul>\n<li style=\"list-style-type: none;\">\n<ul>\n<li><a href=\"https:\/\/www.comapanuevolaredo.gob.mx\/sitio\/wp-content\/uploads\/2015\/09\/2016-2018-ACTA-I-Integracion-del-Consejo.pdf\" target=\"_blank\" rel=\"noopener noreferrer\">Acta N\u00b0 I 2017<\/a><\/li>\n<li><a href=\"https:\/\/www.comapanuevolaredo.gob.mx\/sitio\/wp-content\/uploads\/2015\/09\/2016-2018-ACTA-II-Nombramiento-Gerente.pdf\" target=\"_blank\" rel=\"noopener noreferrer\">Acta N\u00b0 II 2017<\/a><\/li>\n<li><a href=\"http:\/\/www.comapalocal.com\/nuevolaredo\/transparencia\/Archivos\/Gerencia_General\/2017\/4toTrim\/2016_2018_ACTA_III_Presupuesto_Cuenta_Contable_Integraci\u00f3n_Comit\u00e9_O.P_2017.pdf\" target=\"_blank\" rel=\"noopener noreferrer\">Acta N\u00b0 III 2017<\/a><\/li>\n<li><a href=\"http:\/\/www.comapalocal.com\/nuevolaredo\/transparencia\/Archivos\/Gerencia_General\/2017\/4toTrim\/2016_2018_ACTA_IV_presupuestos_Ingresos_Egresos_2017.pdf\" target=\"_blank\" rel=\"noopener noreferrer\">Acta N\u00b0 IV 2017<\/a><\/li>\n<li><a href=\"http:\/\/www.comapalocal.com\/nuevolaredo\/transparencia\/Archivos\/Gerencia_General\/2018\/1erTrim\/2016_2018_ACTA_I_Tarifas_Programa_2018.pdf\" target=\"_blank\" rel=\"noopener noreferrer\">Acta N\u00b0 I 2018<\/a><\/li>\n<\/ul>\n<\/li>\n<\/ul>\n<p>Administraci\u00f3n 2018 &#8211; 2021<\/p>\n<ul>\n<li style=\"list-style-type: none;\">\n<ul>\n<li><a href=\"http:\/\/www.comapalocal.com\/nuevolaredo\/transparencia\/Archivos\/Gerencia_General\/2019\/Anual\/2018-2021-acta-I-informe-actividades.pdf\" target=\"_blank\" rel=\"noopener noreferrer\">Acta N\u00b0 I 2018<\/a><\/li>\n<li><a href=\"http:\/\/www.comapalocal.com\/nuevolaredo\/transparencia\/Archivos\/Gerencia_General\/2019\/Anual\/2018-2021-acta-II-integracion-consejo.pdf\" target=\"_blank\" rel=\"noopener noreferrer\">Acta N\u00b0 I 2019 EXT<\/a><\/li>\n<li><a href=\"http:\/\/www.comapalocal.com\/nuevolaredo\/transparencia\/Archivos\/Gerencia_General\/2019\/Anual\/2018-2021-acta-III-programa-obra.pdf\" target=\"_blank\" rel=\"noopener noreferrer\">Acta N\u00b0 I 2019<\/a><\/li>\n<li><a href=\"http:\/\/www.comapalocal.com\/nuevolaredo\/transparencia\/Archivos\/Gerencia_General\/2020\/Anual\/Acta-1Ext-2020.pdf\" target=\"_blank\" rel=\"noopener noreferrer\">Acta N\u00b0 I Ext 2020<\/a><\/li>\n<li><a href=\"http:\/\/www.comapalocal.com\/nuevolaredo\/transparencia\/Archivos\/Gerencia_General\/2020\/Anual\/Acta-2Ext-2020.pdf\" target=\"_blank\" rel=\"noopener noreferrer\">Acta N\u00b0 II Ext 2020<\/a><\/li>\n<li><a href=\"http:\/\/www.comapalocal.com\/nuevolaredo\/transparencia\/Archivos\/Gerencia_General\/2020\/Anual\/Acta-3Ext-2020.pdf\" target=\"_blank\" rel=\"noopener noreferrer\">Acta N\u00b0 III Ext 2020<\/a><\/li>\n<li><a href=\"http:\/\/www.comapalocal.com\/nuevolaredo\/transparencia\/Archivos\/Gerencia_General\/2020\/Anual\/Acta-1Ord-2020.pdf\" target=\"_blank\" rel=\"noopener noreferrer\">Acta N\u00b0 I Ord 2020<\/a><\/li>\n<li><a href=\"http:\/\/www.comapalocal.com\/nuevolaredo\/transparencia\/Archivos\/Gerencia_General\/2021\/1erTrim\/Acta-1ord-2021.pdf\" target=\"_blank\" rel=\"noopener noreferrer\">Acta N\u00b0 I Ord 2021<\/a><\/li>\n<li><a href=\"http:\/\/www.comapalocal.com\/nuevolaredo\/transparencia\/Archivos\/Gerencia_General\/2021\/Anual\/Acta-II-ord-2021.pdf\" target=\"_blank\" rel=\"noopener noreferrer\">Acta N\u00b0 II Ord 2021<\/a><\/li>\n<li><a href=\"http:\/\/www.comapalocal.com\/nuevolaredo\/transparencia\/Archivos\/Gerencia_General\/2021\/Anual\/Acta-III-Ord-2021.pdf\" target=\"_blank\" rel=\"noopener noreferrer\">Acta N\u00b0 III Ord 2021<\/a><\/li>\n<li><a href=\"http:\/\/www.comapalocal.com\/nuevolaredo\/transparencia\/Archivos\/Gerencia_General\/2021\/3erTrim\/Acta-I-Ext-2021.pdf\" target=\"_blank\" rel=\"noopener noreferrer\">Acta N\u00b0 I Ord 2021<\/a><\/li>\n<\/ul>\n<\/li>\n<\/ul>\n<p>Administraci\u00f3n 2021 &#8211; 2024<\/p>\n<ul>\n<li><a href=\"https:\/\/www.comapanuevolaredo.gob.mx\/sitio\/wp-content\/uploads\/2024\/09\/15DIC21_PRIMERA_SESION_ORD.pdf\">15 DIC 2021 PRIMERA SESI\u00d3N ORDINARIA<\/a><\/li>\n<\/ul>\n<ul>\n<li><a href=\"https:\/\/www.comapanuevolaredo.gob.mx\/sitio\/wp-content\/uploads\/2024\/09\/13-ABR-22_SEGUNDA_SESION_ORD.pdf\">13 ABR 2022 SEGUNDA SESI\u00d3N ORDINARIA<\/a><\/li>\n<li><a href=\"http:\/\/www.comapalocal.com\/nuevolaredo\/transparencia\/Archivos\/Gerencia_General\/2022\/Anual\/4 nov. 22 03-2022 TERCERA SESI\u00d3N ORDINARIA.pdf\" target=\"_blank\" rel=\"noopener noreferrer\">4 NOV 22 03\/2022 TERCERA SESI\u00d3N ORDINARIA<\/a><\/li>\n<li><a href=\"http:\/\/www.comapalocal.com\/nuevolaredo\/transparencia\/Archivos\/Gerencia_General\/2022\/Anual\/21 dic 22 04-2022 CUARTA SESI\u00d3N ORDINARIA.pdf\" target=\"_blank\" rel=\"noopener\">21 DIC 22 04\/2022 CUARTA SESION ORDINARIA<\/a><\/li>\n<\/ul>\n<p><!--\n \t\n\n<li><span data-mce-type=\"bookmark\" style=\"display: inline-block; width: 0px; overflow: hidden; line-height: 0;\" class=\"mce_SELRES_start\"><\/span><a href=\"https:\/\/www.comapanuevolaredo.gob.mx\/sitio\/wp-content\/uploads\/2023\/01\/PRESENTACION-04-2022-CUARTA-SESION-ORDINARIA.pdf\" target=\"_blank\" rel=\"noopener\">Presentaci\u00f3n IV Ord 2023<\/a><\/li>\n\n\n--><\/p>\n<ul>\n<li><a href=\"http:\/\/www.comapalocal.com\/nuevolaredo\/transparencia\/Archivos\/Gerencia_General\/2023\/Anual\/ACTA 01, 2023- PRIMERA SESION ORDINARIA-12 may 23 .pdf\" target=\"_blank\" rel=\"noopener noreferrer\">12 MAY 2023 01\/2023 PRIMERA SESION ORDINARIA<\/a><\/li>\n<li><a href=\"http:\/\/www.comapalocal.com\/nuevolaredo\/transparencia\/Archivos\/Gerencia_General\/2023\/Anual\/ACTA 02, 2023- SESI\u00d3N ORDINARIA- 9 nov 23.pdf\" target=\"_blank\" rel=\"noopener noreferrer\">09 NOV 2023 02\/2023 SEGUNDA SESION ORDINARIA<\/a><\/li>\n<li><a href=\"http:\/\/www.comapalocal.com\/nuevolaredo\/transparencia\/Archivos\/Gerencia_General\/2023\/Anual\/ACTA 01, 2023- SESION EXTRAORDINARIA- 4 dic 23.pdf\" target=\"_blank\" rel=\"noopener\">04 DIC 2023 01\/2023 SESION EXTRAORDINARIA<\/a><\/li>\n<li><a href=\"http:\/\/www.comapalocal.com\/nuevolaredo\/transparencia\/Archivos\/Gerencia_General\/2023\/Anual\/ACTA 03, 2023- SESION ORDINARIA -15 dic-23.pdf\" target=\"_blank\" rel=\"noopener\">15 DIC 2023 03\/2023 TERCERA SESION ORDINARIA<\/a><\/li>\n<\/ul>\n<ul>\n<li><a style=\"color: dodgerblue;\" href=\"http:\/\/www.comapalocal.com\/nuevolaredo\/transparencia\/Archivos\/Gerencia_General\/2024\/Anual\/ACTA 01, 2024 SESION ORDINARIA -26 ene-24.pdf\" target=\"_blank\" rel=\"noopener noreferrer\">26 ENE 2024 01\/2024 PRIMERA SESION ORDINARIA<\/a><\/li>\n<\/ul>\n<p>Administraci\u00f3n 2024 &#8211; 2027<\/p>\n<ul>\n<li><a style=\"color: dodgerblue;\" href=\"http:\/\/www.comapalocal.com\/nuevolaredo\/transparencia\/Archivos\/Gerencia_General\/2024\/Anual\/25%20OCT%2024%20PRIMER%20SESI%C3%93N%20ORDINARIA%202024-2027%20.pdf\" target=\"_blank\" rel=\"noopener noreferrer\">25 OCT 2024 PRIMERA SESION ORDINARIA<\/a><\/li>\n<li><a style=\"color: dodgerblue;\" href=\"https:\/\/www.comapanuevolaredo.gob.mx\/sitio\/wp-content\/uploads\/2025\/09\/4-NOV-24-Acta_Primera_Sesion_Ext-Nom.pdf\">04 NOV 24 PRIMERA SESION EXTRAORDINARIA<\/a><\/li>\n<li><a style=\"color: dodgerblue;\" href=\"https:\/\/www.comapanuevolaredo.gob.mx\/sitio\/wp-content\/uploads\/2025\/03\/14-FEB-25-PRIMERA-SESION-EXTRAORDINARIA.pdf\">14 FEB 25 PRIMERA SESION EXTRAORDINARIA<\/a><\/li>\n<li><a style=\"color: dodgerblue;\" href=\"https:\/\/www.comapanuevolaredo.gob.mx\/sitio\/wp-content\/uploads\/2025\/09\/05-AGO-25-PRIMERA_SESION_ORDINARIA_c.pdf\">05 AGO 25 PRIMERA SESION ORDINARIA<\/a><\/li>\n<li><a style=\"color: dodgerblue;\" href=\"https:\/\/www.comapanuevolaredo.gob.mx\/sitio\/wp-content\/uploads\/2026\/02\/3-OCT-2025_SEGUNDA-SESION-ORDINARIA.pdf\">3 OCT 2025 SEGUNDA SESION ORDINARIA<\/a><\/li>\n<li><a style=\"color: dodgerblue;\" href=\"https:\/\/www.comapanuevolaredo.gob.mx\/sitio\/wp-content\/uploads\/2026\/02\/26-NOV-2025_TERCERA-SESION-ORDINARIA.pdf\">26 NOV 2025 TERCERA SESION ORDINARIA<\/a><\/li>\n<li><a style=\"color: dodgerblue;\" href=\"https:\/\/www.comapanuevolaredo.gob.mx\/sitio\/wp-content\/uploads\/2026\/01\/16_DIC_-2025_SEGUNDA_SESION-ORDINARIA.pdf\">16 DIC 2025 SEGUNDA SESI\u00d3N EXTRAORDINARIA<\/a><\/li>\n<\/ul>\n<p>&nbsp;<\/td>\n<\/tr>\n<\/tbody>\n<\/table>\n<p>&nbsp;<\/p>\n<p>Para visualizar los documentos se requiere tener instalada una versi\u00f3n de <a href=\"http:\/\/www.adobe.com\/products\/acrobat\/readstep2.html\" target=\"_blank\" rel=\"noopener noreferrer\">Acrobat Reader.<\/a><\/p>\n<p><small>&#x2705; ACTUALIZADO 20\/FEB\/2026<\/small><\/p>\n","protected":false},"excerpt":{"rendered":"<p>Si no puede visualizar el contenido, haga click Aqu\u00ed. &nbsp; Actas de Consejo Acta N\u00b0 I 2013 Acta N\u00b0 II 2013 Acta N\u00b0 III 2013 Acta N\u00b0 IV 2014 Acta N\u00b0 V 2014 Acta N\u00b0 VI 2014 Acta N\u00b0 VII 2014 Acta N\u00b0 VIII 2014 Acta N\u00b0 IX 2014 Acta N\u00b0 X 2015 Acta N\u00b0 [&hellip;]<\/p>\n","protected":false},"author":1,"featured_media":13229,"parent":0,"menu_order":0,"comment_status":"closed","ping_status":"closed","template":"","meta":{"footnotes":""},"class_list":["post-2000","page","type-page","status-publish","has-post-thumbnail","hentry"],"yoast_head":"<!-- This site is optimized with the Yoast SEO plugin v27.3 - https:\/\/yoast.com\/product\/yoast-seo-wordpress\/ -->\r\n<title>Actas de Consejo - Comapa Nuevo Laredo<\/title>\r\n<meta name=\"robots\" content=\"index, follow, max-snippet:-1, max-image-preview:large, max-video-preview:-1\" \/>\r\n<link rel=\"canonical\" href=\"https:\/\/www.comapanuevolaredo.gob.mx\/sitio\/actas-de-consejo\/\" \/>\r\n<meta property=\"og:locale\" content=\"es_ES\" \/>\r\n<meta property=\"og:type\" content=\"article\" \/>\r\n<meta property=\"og:title\" content=\"Actas de Consejo - Comapa Nuevo Laredo\" \/>\r\n<meta property=\"og:description\" content=\"Si no puede visualizar el contenido, haga click Aqu\u00ed. &nbsp; Actas de Consejo Acta N\u00b0 I 2013 Acta N\u00b0 II 2013 Acta N\u00b0 III 2013 Acta N\u00b0 IV 2014 Acta N\u00b0 V 2014 Acta N\u00b0 VI 2014 Acta N\u00b0 VII 2014 Acta N\u00b0 VIII 2014 Acta N\u00b0 IX 2014 Acta N\u00b0 X 2015 Acta N\u00b0 [&hellip;]\" \/>\r\n<meta property=\"og:url\" content=\"https:\/\/www.comapanuevolaredo.gob.mx\/sitio\/actas-de-consejo\/\" \/>\r\n<meta property=\"og:site_name\" content=\"Comapa Nuevo Laredo\" \/>\r\n<meta property=\"article:publisher\" content=\"https:\/\/www.facebook.com\/comapa.nuevolaredo\/\" \/>\r\n<meta property=\"article:modified_time\" content=\"2026-02-23T13:43:35+00:00\" \/>\r\n<meta property=\"og:image\" content=\"https:\/\/www.comapanuevolaredo.gob.mx\/sitio\/wp-content\/uploads\/2025\/02\/Port-Actas-Consej-scaled.jpg\" \/>\r\n\t<meta property=\"og:image:width\" content=\"2560\" \/>\r\n\t<meta property=\"og:image:height\" content=\"1280\" \/>\r\n\t<meta property=\"og:image:type\" content=\"image\/jpeg\" \/>\r\n<meta name=\"twitter:card\" content=\"summary_large_image\" \/>\r\n<meta name=\"twitter:site\" content=\"@ComapaNvoLaredo\" \/>\r\n<meta name=\"twitter:label1\" content=\"Tiempo de lectura\" \/>\n\t<meta name=\"twitter:data1\" content=\"2 minutos\" \/>\r\n<script type=\"application\/ld+json\" class=\"yoast-schema-graph\">{\"@context\":\"https:\\\/\\\/schema.org\",\"@graph\":[{\"@type\":\"WebPage\",\"@id\":\"https:\\\/\\\/www.comapanuevolaredo.gob.mx\\\/sitio\\\/actas-de-consejo\\\/\",\"url\":\"https:\\\/\\\/www.comapanuevolaredo.gob.mx\\\/sitio\\\/actas-de-consejo\\\/\",\"name\":\"Actas de Consejo - Comapa Nuevo Laredo\",\"isPartOf\":{\"@id\":\"https:\\\/\\\/www.comapanuevolaredo.gob.mx\\\/sitio\\\/#website\"},\"primaryImageOfPage\":{\"@id\":\"https:\\\/\\\/www.comapanuevolaredo.gob.mx\\\/sitio\\\/actas-de-consejo\\\/#primaryimage\"},\"image\":{\"@id\":\"https:\\\/\\\/www.comapanuevolaredo.gob.mx\\\/sitio\\\/actas-de-consejo\\\/#primaryimage\"},\"thumbnailUrl\":\"https:\\\/\\\/www.comapanuevolaredo.gob.mx\\\/sitio\\\/wp-content\\\/uploads\\\/2025\\\/02\\\/Port-Actas-Consej-scaled.jpg\",\"datePublished\":\"2015-09-07T17:55:21+00:00\",\"dateModified\":\"2026-02-23T13:43:35+00:00\",\"breadcrumb\":{\"@id\":\"https:\\\/\\\/www.comapanuevolaredo.gob.mx\\\/sitio\\\/actas-de-consejo\\\/#breadcrumb\"},\"inLanguage\":\"es\",\"potentialAction\":[{\"@type\":\"ReadAction\",\"target\":[\"https:\\\/\\\/www.comapanuevolaredo.gob.mx\\\/sitio\\\/actas-de-consejo\\\/\"]}]},{\"@type\":\"ImageObject\",\"inLanguage\":\"es\",\"@id\":\"https:\\\/\\\/www.comapanuevolaredo.gob.mx\\\/sitio\\\/actas-de-consejo\\\/#primaryimage\",\"url\":\"https:\\\/\\\/www.comapanuevolaredo.gob.mx\\\/sitio\\\/wp-content\\\/uploads\\\/2025\\\/02\\\/Port-Actas-Consej-scaled.jpg\",\"contentUrl\":\"https:\\\/\\\/www.comapanuevolaredo.gob.mx\\\/sitio\\\/wp-content\\\/uploads\\\/2025\\\/02\\\/Port-Actas-Consej-scaled.jpg\",\"width\":2560,\"height\":1280},{\"@type\":\"BreadcrumbList\",\"@id\":\"https:\\\/\\\/www.comapanuevolaredo.gob.mx\\\/sitio\\\/actas-de-consejo\\\/#breadcrumb\",\"itemListElement\":[{\"@type\":\"ListItem\",\"position\":1,\"name\":\"Home\",\"item\":\"https:\\\/\\\/www.comapanuevolaredo.gob.mx\\\/sitio\\\/\"},{\"@type\":\"ListItem\",\"position\":2,\"name\":\"Actas de Consejo\"}]},{\"@type\":\"WebSite\",\"@id\":\"https:\\\/\\\/www.comapanuevolaredo.gob.mx\\\/sitio\\\/#website\",\"url\":\"https:\\\/\\\/www.comapanuevolaredo.gob.mx\\\/sitio\\\/\",\"name\":\"Comapa Nuevo Laredo\",\"description\":\"Servicio y distribuci\u00f3n de agua potable y drenaje, planta potabilizadora en NLD, a orillas del R\u00edo Bravo, en la Frontera Norte de Tamaulipas, M\u00e9xico\",\"publisher\":{\"@id\":\"https:\\\/\\\/www.comapanuevolaredo.gob.mx\\\/sitio\\\/#organization\"},\"potentialAction\":[{\"@type\":\"SearchAction\",\"target\":{\"@type\":\"EntryPoint\",\"urlTemplate\":\"https:\\\/\\\/www.comapanuevolaredo.gob.mx\\\/sitio\\\/?s={search_term_string}\"},\"query-input\":{\"@type\":\"PropertyValueSpecification\",\"valueRequired\":true,\"valueName\":\"search_term_string\"}}],\"inLanguage\":\"es\"},{\"@type\":\"Organization\",\"@id\":\"https:\\\/\\\/www.comapanuevolaredo.gob.mx\\\/sitio\\\/#organization\",\"name\":\"Comapa Nuevo Laredo\",\"url\":\"https:\\\/\\\/www.comapanuevolaredo.gob.mx\\\/sitio\\\/\",\"logo\":{\"@type\":\"ImageObject\",\"inLanguage\":\"es\",\"@id\":\"https:\\\/\\\/www.comapanuevolaredo.gob.mx\\\/sitio\\\/#\\\/schema\\\/logo\\\/image\\\/\",\"url\":\"https:\\\/\\\/www.comapanuevolaredo.gob.mx\\\/sitio\\\/wp-content\\\/uploads\\\/2025\\\/02\\\/cropped-512.jpg\",\"contentUrl\":\"https:\\\/\\\/www.comapanuevolaredo.gob.mx\\\/sitio\\\/wp-content\\\/uploads\\\/2025\\\/02\\\/cropped-512.jpg\",\"width\":512,\"height\":512,\"caption\":\"Comapa Nuevo Laredo\"},\"image\":{\"@id\":\"https:\\\/\\\/www.comapanuevolaredo.gob.mx\\\/sitio\\\/#\\\/schema\\\/logo\\\/image\\\/\"},\"sameAs\":[\"https:\\\/\\\/www.facebook.com\\\/comapa.nuevolaredo\\\/\",\"https:\\\/\\\/x.com\\\/ComapaNvoLaredo\",\"https:\\\/\\\/www.instagram.com\\\/comapanld\\\/\"]}]}<\/script>\r\n<!-- \/ Yoast SEO plugin. -->","yoast_head_json":{"title":"Actas de Consejo - Comapa Nuevo Laredo","robots":{"index":"index","follow":"follow","max-snippet":"max-snippet:-1","max-image-preview":"max-image-preview:large","max-video-preview":"max-video-preview:-1"},"canonical":"https:\/\/www.comapanuevolaredo.gob.mx\/sitio\/actas-de-consejo\/","og_locale":"es_ES","og_type":"article","og_title":"Actas de Consejo - Comapa Nuevo Laredo","og_description":"Si no puede visualizar el contenido, haga click Aqu\u00ed. &nbsp; Actas de Consejo Acta N\u00b0 I 2013 Acta N\u00b0 II 2013 Acta N\u00b0 III 2013 Acta N\u00b0 IV 2014 Acta N\u00b0 V 2014 Acta N\u00b0 VI 2014 Acta N\u00b0 VII 2014 Acta N\u00b0 VIII 2014 Acta N\u00b0 IX 2014 Acta N\u00b0 X 2015 Acta N\u00b0 [&hellip;]","og_url":"https:\/\/www.comapanuevolaredo.gob.mx\/sitio\/actas-de-consejo\/","og_site_name":"Comapa Nuevo Laredo","article_publisher":"https:\/\/www.facebook.com\/comapa.nuevolaredo\/","article_modified_time":"2026-02-23T13:43:35+00:00","og_image":[{"width":2560,"height":1280,"url":"https:\/\/www.comapanuevolaredo.gob.mx\/sitio\/wp-content\/uploads\/2025\/02\/Port-Actas-Consej-scaled.jpg","type":"image\/jpeg"}],"twitter_card":"summary_large_image","twitter_site":"@ComapaNvoLaredo","twitter_misc":{"Tiempo de lectura":"2 minutos"},"schema":{"@context":"https:\/\/schema.org","@graph":[{"@type":"WebPage","@id":"https:\/\/www.comapanuevolaredo.gob.mx\/sitio\/actas-de-consejo\/","url":"https:\/\/www.comapanuevolaredo.gob.mx\/sitio\/actas-de-consejo\/","name":"Actas de Consejo - Comapa Nuevo Laredo","isPartOf":{"@id":"https:\/\/www.comapanuevolaredo.gob.mx\/sitio\/#website"},"primaryImageOfPage":{"@id":"https:\/\/www.comapanuevolaredo.gob.mx\/sitio\/actas-de-consejo\/#primaryimage"},"image":{"@id":"https:\/\/www.comapanuevolaredo.gob.mx\/sitio\/actas-de-consejo\/#primaryimage"},"thumbnailUrl":"https:\/\/www.comapanuevolaredo.gob.mx\/sitio\/wp-content\/uploads\/2025\/02\/Port-Actas-Consej-scaled.jpg","datePublished":"2015-09-07T17:55:21+00:00","dateModified":"2026-02-23T13:43:35+00:00","breadcrumb":{"@id":"https:\/\/www.comapanuevolaredo.gob.mx\/sitio\/actas-de-consejo\/#breadcrumb"},"inLanguage":"es","potentialAction":[{"@type":"ReadAction","target":["https:\/\/www.comapanuevolaredo.gob.mx\/sitio\/actas-de-consejo\/"]}]},{"@type":"ImageObject","inLanguage":"es","@id":"https:\/\/www.comapanuevolaredo.gob.mx\/sitio\/actas-de-consejo\/#primaryimage","url":"https:\/\/www.comapanuevolaredo.gob.mx\/sitio\/wp-content\/uploads\/2025\/02\/Port-Actas-Consej-scaled.jpg","contentUrl":"https:\/\/www.comapanuevolaredo.gob.mx\/sitio\/wp-content\/uploads\/2025\/02\/Port-Actas-Consej-scaled.jpg","width":2560,"height":1280},{"@type":"BreadcrumbList","@id":"https:\/\/www.comapanuevolaredo.gob.mx\/sitio\/actas-de-consejo\/#breadcrumb","itemListElement":[{"@type":"ListItem","position":1,"name":"Home","item":"https:\/\/www.comapanuevolaredo.gob.mx\/sitio\/"},{"@type":"ListItem","position":2,"name":"Actas de Consejo"}]},{"@type":"WebSite","@id":"https:\/\/www.comapanuevolaredo.gob.mx\/sitio\/#website","url":"https:\/\/www.comapanuevolaredo.gob.mx\/sitio\/","name":"Comapa Nuevo Laredo","description":"Servicio y distribuci\u00f3n de agua potable y drenaje, planta potabilizadora en NLD, a orillas del R\u00edo Bravo, en la Frontera Norte de Tamaulipas, M\u00e9xico","publisher":{"@id":"https:\/\/www.comapanuevolaredo.gob.mx\/sitio\/#organization"},"potentialAction":[{"@type":"SearchAction","target":{"@type":"EntryPoint","urlTemplate":"https:\/\/www.comapanuevolaredo.gob.mx\/sitio\/?s={search_term_string}"},"query-input":{"@type":"PropertyValueSpecification","valueRequired":true,"valueName":"search_term_string"}}],"inLanguage":"es"},{"@type":"Organization","@id":"https:\/\/www.comapanuevolaredo.gob.mx\/sitio\/#organization","name":"Comapa Nuevo Laredo","url":"https:\/\/www.comapanuevolaredo.gob.mx\/sitio\/","logo":{"@type":"ImageObject","inLanguage":"es","@id":"https:\/\/www.comapanuevolaredo.gob.mx\/sitio\/#\/schema\/logo\/image\/","url":"https:\/\/www.comapanuevolaredo.gob.mx\/sitio\/wp-content\/uploads\/2025\/02\/cropped-512.jpg","contentUrl":"https:\/\/www.comapanuevolaredo.gob.mx\/sitio\/wp-content\/uploads\/2025\/02\/cropped-512.jpg","width":512,"height":512,"caption":"Comapa Nuevo Laredo"},"image":{"@id":"https:\/\/www.comapanuevolaredo.gob.mx\/sitio\/#\/schema\/logo\/image\/"},"sameAs":["https:\/\/www.facebook.com\/comapa.nuevolaredo\/","https:\/\/x.com\/ComapaNvoLaredo","https:\/\/www.instagram.com\/comapanld\/"]}]}},"_links":{"self":[{"href":"https:\/\/www.comapanuevolaredo.gob.mx\/sitio\/wp-json\/wp\/v2\/pages\/2000","targetHints":{"allow":["GET"]}}],"collection":[{"href":"https:\/\/www.comapanuevolaredo.gob.mx\/sitio\/wp-json\/wp\/v2\/pages"}],"about":[{"href":"https:\/\/www.comapanuevolaredo.gob.mx\/sitio\/wp-json\/wp\/v2\/types\/page"}],"author":[{"embeddable":true,"href":"https:\/\/www.comapanuevolaredo.gob.mx\/sitio\/wp-json\/wp\/v2\/users\/1"}],"replies":[{"embeddable":true,"href":"https:\/\/www.comapanuevolaredo.gob.mx\/sitio\/wp-json\/wp\/v2\/comments?post=2000"}],"version-history":[{"count":94,"href":"https:\/\/www.comapanuevolaredo.gob.mx\/sitio\/wp-json\/wp\/v2\/pages\/2000\/revisions"}],"predecessor-version":[{"id":13899,"href":"https:\/\/www.comapanuevolaredo.gob.mx\/sitio\/wp-json\/wp\/v2\/pages\/2000\/revisions\/13899"}],"wp:featuredmedia":[{"embeddable":true,"href":"https:\/\/www.comapanuevolaredo.gob.mx\/sitio\/wp-json\/wp\/v2\/media\/13229"}],"wp:attachment":[{"href":"https:\/\/www.comapanuevolaredo.gob.mx\/sitio\/wp-json\/wp\/v2\/media?parent=2000"}],"curies":[{"name":"wp","href":"https:\/\/api.w.org\/{rel}","templated":true}]}}