{"id":1798,"date":"2015-09-01T17:19:59","date_gmt":"2015-09-01T17:19:59","guid":{"rendered":"https:\/\/www.comapanuevolaredo.gob.mx\/sitio\/?page_id=1798"},"modified":"2016-06-02T16:17:59","modified_gmt":"2016-06-02T16:17:59","slug":"servicios-y-tramites","status":"publish","type":"page","link":"https:\/\/www.comapanuevolaredo.gob.mx\/sitio\/servicios-y-tramites\/","title":{"rendered":"Servicios y Tramites"},"content":{"rendered":"<table class=\" aligncenter\" width=\"80%\">\n<tbody>\n<tr>\n<td><img loading=\"lazy\" decoding=\"async\" class=\"size-full wp-image-1942 imgborder alignleft\" alt=\"Servicios y tramites\" src=\"https:\/\/www.comapanuevolaredo.gob.mx\/sitio\/wp-content\/uploads\/2014\/10\/Servicios-y-tramites2.png\" width=\"60\" height=\"60\" srcset=\"https:\/\/www.comapanuevolaredo.gob.mx\/sitio\/wp-content\/uploads\/2014\/10\/Servicios-y-tramites2.png 100w, https:\/\/www.comapanuevolaredo.gob.mx\/sitio\/wp-content\/uploads\/2014\/10\/Servicios-y-tramites2-75x75.png 75w\" sizes=\"auto, (max-width: 60px) 100vw, 60px\" \/><strong>Servicios y Tramites<\/strong><\/td>\n<\/tr>\n<tr>\n<td>\n<ul>\n<li><a href=\"https:\/\/www.comapanuevolaredo.gob.mx\/sitio\/?page_id=51\" target=\"_blank\">Contratos<\/a><\/li>\n<li><a href=\"https:\/\/www.comapanuevolaredo.gob.mx\/sitio\/?page_id=616\" target=\"_blank\">Tarifas<\/a><\/li>\n<li><a href=\"https:\/\/www.comapanuevolaredo.gob.mx\/sitio\/?page_id=61\" target=\"_blank\">Obt\u00e9n la lectura de tu medidor<\/a><\/li>\n<p><!--\n\n<li><a href=\"https:\/\/www.comapanuevolaredo.gob.mx\/sitio\/?page_id=59\" target=\"_blank\">Domicilia tu recibo<\/a><\/li>\n\n--->\n<\/ul>\n<\/td>\n<\/tr>\n<\/tbody>\n<\/table>\n","protected":false},"excerpt":{"rendered":"<p>Servicios y Tramites Contratos Tarifas Obt\u00e9n la lectura de tu medidor<\/p>\n","protected":false},"author":1,"featured_media":0,"parent":0,"menu_order":0,"comment_status":"closed","ping_status":"closed","template":"","meta":{"footnotes":""},"class_list":["post-1798","page","type-page","status-publish","hentry"],"yoast_head":"<!-- This site is optimized with the Yoast SEO plugin v27.3 - https:\/\/yoast.com\/product\/yoast-seo-wordpress\/ -->\r\n<title>Servicios y Tramites - Comapa Nuevo Laredo<\/title>\r\n<meta name=\"robots\" content=\"index, follow, max-snippet:-1, max-image-preview:large, max-video-preview:-1\" \/>\r\n<link rel=\"canonical\" href=\"https:\/\/www.comapanuevolaredo.gob.mx\/sitio\/servicios-y-tramites\/\" \/>\r\n<meta property=\"og:locale\" content=\"es_ES\" \/>\r\n<meta property=\"og:type\" content=\"article\" \/>\r\n<meta property=\"og:title\" content=\"Servicios y Tramites - Comapa Nuevo Laredo\" \/>\r\n<meta property=\"og:description\" content=\"Servicios y Tramites Contratos Tarifas Obt\u00e9n la lectura de tu medidor\" \/>\r\n<meta property=\"og:url\" content=\"https:\/\/www.comapanuevolaredo.gob.mx\/sitio\/servicios-y-tramites\/\" \/>\r\n<meta property=\"og:site_name\" content=\"Comapa Nuevo Laredo\" \/>\r\n<meta property=\"article:publisher\" content=\"https:\/\/www.facebook.com\/comapa.nuevolaredo\/\" \/>\r\n<meta property=\"article:modified_time\" content=\"2016-06-02T16:17:59+00:00\" \/>\r\n<meta property=\"og:image\" content=\"https:\/\/www.comapanuevolaredo.gob.mx\/sitio\/wp-content\/uploads\/2014\/10\/Servicios-y-tramites2.png\" \/>\r\n<meta name=\"twitter:card\" content=\"summary_large_image\" \/>\r\n<meta name=\"twitter:site\" content=\"@ComapaNvoLaredo\" \/>\r\n<script type=\"application\/ld+json\" class=\"yoast-schema-graph\">{\"@context\":\"https:\\\/\\\/schema.org\",\"@graph\":[{\"@type\":\"WebPage\",\"@id\":\"https:\\\/\\\/www.comapanuevolaredo.gob.mx\\\/sitio\\\/servicios-y-tramites\\\/\",\"url\":\"https:\\\/\\\/www.comapanuevolaredo.gob.mx\\\/sitio\\\/servicios-y-tramites\\\/\",\"name\":\"Servicios y Tramites - Comapa Nuevo Laredo\",\"isPartOf\":{\"@id\":\"https:\\\/\\\/www.comapanuevolaredo.gob.mx\\\/sitio\\\/#website\"},\"primaryImageOfPage\":{\"@id\":\"https:\\\/\\\/www.comapanuevolaredo.gob.mx\\\/sitio\\\/servicios-y-tramites\\\/#primaryimage\"},\"image\":{\"@id\":\"https:\\\/\\\/www.comapanuevolaredo.gob.mx\\\/sitio\\\/servicios-y-tramites\\\/#primaryimage\"},\"thumbnailUrl\":\"https:\\\/\\\/www.comapanuevolaredo.gob.mx\\\/sitio\\\/wp-content\\\/uploads\\\/2014\\\/10\\\/Servicios-y-tramites2.png\",\"datePublished\":\"2015-09-01T17:19:59+00:00\",\"dateModified\":\"2016-06-02T16:17:59+00:00\",\"breadcrumb\":{\"@id\":\"https:\\\/\\\/www.comapanuevolaredo.gob.mx\\\/sitio\\\/servicios-y-tramites\\\/#breadcrumb\"},\"inLanguage\":\"es\",\"potentialAction\":[{\"@type\":\"ReadAction\",\"target\":[\"https:\\\/\\\/www.comapanuevolaredo.gob.mx\\\/sitio\\\/servicios-y-tramites\\\/\"]}]},{\"@type\":\"ImageObject\",\"inLanguage\":\"es\",\"@id\":\"https:\\\/\\\/www.comapanuevolaredo.gob.mx\\\/sitio\\\/servicios-y-tramites\\\/#primaryimage\",\"url\":\"https:\\\/\\\/www.comapanuevolaredo.gob.mx\\\/sitio\\\/wp-content\\\/uploads\\\/2014\\\/10\\\/Servicios-y-tramites2.png\",\"contentUrl\":\"https:\\\/\\\/www.comapanuevolaredo.gob.mx\\\/sitio\\\/wp-content\\\/uploads\\\/2014\\\/10\\\/Servicios-y-tramites2.png\",\"width\":100,\"height\":100},{\"@type\":\"BreadcrumbList\",\"@id\":\"https:\\\/\\\/www.comapanuevolaredo.gob.mx\\\/sitio\\\/servicios-y-tramites\\\/#breadcrumb\",\"itemListElement\":[{\"@type\":\"ListItem\",\"position\":1,\"name\":\"Home\",\"item\":\"https:\\\/\\\/www.comapanuevolaredo.gob.mx\\\/sitio\\\/\"},{\"@type\":\"ListItem\",\"position\":2,\"name\":\"Servicios y Tramites\"}]},{\"@type\":\"WebSite\",\"@id\":\"https:\\\/\\\/www.comapanuevolaredo.gob.mx\\\/sitio\\\/#website\",\"url\":\"https:\\\/\\\/www.comapanuevolaredo.gob.mx\\\/sitio\\\/\",\"name\":\"Comapa Nuevo Laredo\",\"description\":\"Servicio y distribuci\u00f3n de agua potable y drenaje, planta potabilizadora en NLD, a orillas del R\u00edo Bravo, en la Frontera Norte de Tamaulipas, M\u00e9xico\",\"publisher\":{\"@id\":\"https:\\\/\\\/www.comapanuevolaredo.gob.mx\\\/sitio\\\/#organization\"},\"potentialAction\":[{\"@type\":\"SearchAction\",\"target\":{\"@type\":\"EntryPoint\",\"urlTemplate\":\"https:\\\/\\\/www.comapanuevolaredo.gob.mx\\\/sitio\\\/?s={search_term_string}\"},\"query-input\":{\"@type\":\"PropertyValueSpecification\",\"valueRequired\":true,\"valueName\":\"search_term_string\"}}],\"inLanguage\":\"es\"},{\"@type\":\"Organization\",\"@id\":\"https:\\\/\\\/www.comapanuevolaredo.gob.mx\\\/sitio\\\/#organization\",\"name\":\"Comapa Nuevo Laredo\",\"url\":\"https:\\\/\\\/www.comapanuevolaredo.gob.mx\\\/sitio\\\/\",\"logo\":{\"@type\":\"ImageObject\",\"inLanguage\":\"es\",\"@id\":\"https:\\\/\\\/www.comapanuevolaredo.gob.mx\\\/sitio\\\/#\\\/schema\\\/logo\\\/image\\\/\",\"url\":\"https:\\\/\\\/www.comapanuevolaredo.gob.mx\\\/sitio\\\/wp-content\\\/uploads\\\/2025\\\/02\\\/cropped-512.jpg\",\"contentUrl\":\"https:\\\/\\\/www.comapanuevolaredo.gob.mx\\\/sitio\\\/wp-content\\\/uploads\\\/2025\\\/02\\\/cropped-512.jpg\",\"width\":512,\"height\":512,\"caption\":\"Comapa Nuevo Laredo\"},\"image\":{\"@id\":\"https:\\\/\\\/www.comapanuevolaredo.gob.mx\\\/sitio\\\/#\\\/schema\\\/logo\\\/image\\\/\"},\"sameAs\":[\"https:\\\/\\\/www.facebook.com\\\/comapa.nuevolaredo\\\/\",\"https:\\\/\\\/x.com\\\/ComapaNvoLaredo\",\"https:\\\/\\\/www.instagram.com\\\/comapanld\\\/\"]}]}<\/script>\r\n<!-- \/ Yoast SEO plugin. -->","yoast_head_json":{"title":"Servicios y Tramites - Comapa Nuevo Laredo","robots":{"index":"index","follow":"follow","max-snippet":"max-snippet:-1","max-image-preview":"max-image-preview:large","max-video-preview":"max-video-preview:-1"},"canonical":"https:\/\/www.comapanuevolaredo.gob.mx\/sitio\/servicios-y-tramites\/","og_locale":"es_ES","og_type":"article","og_title":"Servicios y Tramites - Comapa Nuevo Laredo","og_description":"Servicios y Tramites Contratos Tarifas Obt\u00e9n la lectura de tu medidor","og_url":"https:\/\/www.comapanuevolaredo.gob.mx\/sitio\/servicios-y-tramites\/","og_site_name":"Comapa Nuevo Laredo","article_publisher":"https:\/\/www.facebook.com\/comapa.nuevolaredo\/","article_modified_time":"2016-06-02T16:17:59+00:00","og_image":[{"url":"https:\/\/www.comapanuevolaredo.gob.mx\/sitio\/wp-content\/uploads\/2014\/10\/Servicios-y-tramites2.png","type":"","width":"","height":""}],"twitter_card":"summary_large_image","twitter_site":"@ComapaNvoLaredo","schema":{"@context":"https:\/\/schema.org","@graph":[{"@type":"WebPage","@id":"https:\/\/www.comapanuevolaredo.gob.mx\/sitio\/servicios-y-tramites\/","url":"https:\/\/www.comapanuevolaredo.gob.mx\/sitio\/servicios-y-tramites\/","name":"Servicios y Tramites - Comapa Nuevo Laredo","isPartOf":{"@id":"https:\/\/www.comapanuevolaredo.gob.mx\/sitio\/#website"},"primaryImageOfPage":{"@id":"https:\/\/www.comapanuevolaredo.gob.mx\/sitio\/servicios-y-tramites\/#primaryimage"},"image":{"@id":"https:\/\/www.comapanuevolaredo.gob.mx\/sitio\/servicios-y-tramites\/#primaryimage"},"thumbnailUrl":"https:\/\/www.comapanuevolaredo.gob.mx\/sitio\/wp-content\/uploads\/2014\/10\/Servicios-y-tramites2.png","datePublished":"2015-09-01T17:19:59+00:00","dateModified":"2016-06-02T16:17:59+00:00","breadcrumb":{"@id":"https:\/\/www.comapanuevolaredo.gob.mx\/sitio\/servicios-y-tramites\/#breadcrumb"},"inLanguage":"es","potentialAction":[{"@type":"ReadAction","target":["https:\/\/www.comapanuevolaredo.gob.mx\/sitio\/servicios-y-tramites\/"]}]},{"@type":"ImageObject","inLanguage":"es","@id":"https:\/\/www.comapanuevolaredo.gob.mx\/sitio\/servicios-y-tramites\/#primaryimage","url":"https:\/\/www.comapanuevolaredo.gob.mx\/sitio\/wp-content\/uploads\/2014\/10\/Servicios-y-tramites2.png","contentUrl":"https:\/\/www.comapanuevolaredo.gob.mx\/sitio\/wp-content\/uploads\/2014\/10\/Servicios-y-tramites2.png","width":100,"height":100},{"@type":"BreadcrumbList","@id":"https:\/\/www.comapanuevolaredo.gob.mx\/sitio\/servicios-y-tramites\/#breadcrumb","itemListElement":[{"@type":"ListItem","position":1,"name":"Home","item":"https:\/\/www.comapanuevolaredo.gob.mx\/sitio\/"},{"@type":"ListItem","position":2,"name":"Servicios y Tramites"}]},{"@type":"WebSite","@id":"https:\/\/www.comapanuevolaredo.gob.mx\/sitio\/#website","url":"https:\/\/www.comapanuevolaredo.gob.mx\/sitio\/","name":"Comapa Nuevo Laredo","description":"Servicio y distribuci\u00f3n de agua potable y drenaje, planta potabilizadora en NLD, a orillas del R\u00edo Bravo, en la Frontera Norte de Tamaulipas, M\u00e9xico","publisher":{"@id":"https:\/\/www.comapanuevolaredo.gob.mx\/sitio\/#organization"},"potentialAction":[{"@type":"SearchAction","target":{"@type":"EntryPoint","urlTemplate":"https:\/\/www.comapanuevolaredo.gob.mx\/sitio\/?s={search_term_string}"},"query-input":{"@type":"PropertyValueSpecification","valueRequired":true,"valueName":"search_term_string"}}],"inLanguage":"es"},{"@type":"Organization","@id":"https:\/\/www.comapanuevolaredo.gob.mx\/sitio\/#organization","name":"Comapa Nuevo Laredo","url":"https:\/\/www.comapanuevolaredo.gob.mx\/sitio\/","logo":{"@type":"ImageObject","inLanguage":"es","@id":"https:\/\/www.comapanuevolaredo.gob.mx\/sitio\/#\/schema\/logo\/image\/","url":"https:\/\/www.comapanuevolaredo.gob.mx\/sitio\/wp-content\/uploads\/2025\/02\/cropped-512.jpg","contentUrl":"https:\/\/www.comapanuevolaredo.gob.mx\/sitio\/wp-content\/uploads\/2025\/02\/cropped-512.jpg","width":512,"height":512,"caption":"Comapa Nuevo Laredo"},"image":{"@id":"https:\/\/www.comapanuevolaredo.gob.mx\/sitio\/#\/schema\/logo\/image\/"},"sameAs":["https:\/\/www.facebook.com\/comapa.nuevolaredo\/","https:\/\/x.com\/ComapaNvoLaredo","https:\/\/www.instagram.com\/comapanld\/"]}]}},"_links":{"self":[{"href":"https:\/\/www.comapanuevolaredo.gob.mx\/sitio\/wp-json\/wp\/v2\/pages\/1798","targetHints":{"allow":["GET"]}}],"collection":[{"href":"https:\/\/www.comapanuevolaredo.gob.mx\/sitio\/wp-json\/wp\/v2\/pages"}],"about":[{"href":"https:\/\/www.comapanuevolaredo.gob.mx\/sitio\/wp-json\/wp\/v2\/types\/page"}],"author":[{"embeddable":true,"href":"https:\/\/www.comapanuevolaredo.gob.mx\/sitio\/wp-json\/wp\/v2\/users\/1"}],"replies":[{"embeddable":true,"href":"https:\/\/www.comapanuevolaredo.gob.mx\/sitio\/wp-json\/wp\/v2\/comments?post=1798"}],"version-history":[{"count":9,"href":"https:\/\/www.comapanuevolaredo.gob.mx\/sitio\/wp-json\/wp\/v2\/pages\/1798\/revisions"}],"predecessor-version":[{"id":2317,"href":"https:\/\/www.comapanuevolaredo.gob.mx\/sitio\/wp-json\/wp\/v2\/pages\/1798\/revisions\/2317"}],"wp:attachment":[{"href":"https:\/\/www.comapanuevolaredo.gob.mx\/sitio\/wp-json\/wp\/v2\/media?parent=1798"}],"curies":[{"name":"wp","href":"https:\/\/api.w.org\/{rel}","templated":true}]}}