{"id":1481,"date":"2014-11-21T18:52:32","date_gmt":"2014-11-21T18:52:32","guid":{"rendered":"https:\/\/www.comapanuevolaredo.gob.mx\/sitio\/?page_id=1481"},"modified":"2014-11-21T20:05:01","modified_gmt":"2014-11-21T20:05:01","slug":"el-agua","status":"publish","type":"page","link":"https:\/\/www.comapanuevolaredo.gob.mx\/sitio\/el-agua\/","title":{"rendered":"El Agua"},"content":{"rendered":"<p align=\"center\"><a href=\"https:\/\/www.comapanuevolaredo.gob.mx\/sitio\/wp-content\/uploads\/2014\/11\/ciclohidrologicopag.png\"><img loading=\"lazy\" decoding=\"async\" class=\"aligncenter size-full wp-image-1490 imgborder\" alt=\"ciclohidrologicopag\" src=\"https:\/\/www.comapanuevolaredo.gob.mx\/sitio\/wp-content\/uploads\/2014\/11\/ciclohidrologicopag.png\" width=\"350\" height=\"220\" \/><\/a><\/p>\n<p align=\"center\"><span style=\"color: #000000;\"><strong>El Agua<\/strong><\/span><\/p>\n<p><span style=\"color: #0000ff;\">Es el componente m\u00e1s importante de nuestro planeta, gracias a ella se ha producido la aparici\u00f3n y el mantenimiento de la vida en la forma en que hoy la conocemos.<\/span><\/p>\n<p><span style=\"color: #0000ff;\">El agua ocupa el 70% de la superficie de la Tierra, se distribuye en oc\u00e9anos, mares, glaciares, casquetes polares, r\u00edos, arroyos y lagos. La mayor parte, el 97%, es salada. S\u00f3lo el 3% es dulce y de esa peque\u00f1a parte se puede acceder \u00fanicamente al 1%, ya que el resto se encuentra en los polos. El agua dulce es la que m\u00e1s f\u00e1cilmente se potabiliza, siendo apta para el consumo humano y nuestra principal fuente de abastecimiento.<\/span><\/p>\n<p><span style=\"color: #0000ff;\">Actualmente, m\u00e1s de 1.200 millones de personas, en pa\u00edses en desarrollo, no disponen de un adecuado acceso al agua potable y m\u00e1s de la doble no cuenta en absoluto con un m\u00ednimo necesario para la higiene. Adem\u00e1s, las proyecciones indican que en el a\u00f1o 2025, dos de cada tres personas del planeta sufrir\u00e1n escasez de recursos h\u00eddricos.<\/span><\/p>\n<p><span style=\"color: #0000ff;\">No podemos permanecer pasivos frente a esta situaci\u00f3n, el cuidado de este recurso vital es un compromiso de todos, por ello COMAPA trabaja d\u00eda a d\u00eda para crear conciencia sobre la importancia que el agua tiene en nuestras vidas y la necesidad de cuidarla para nosotros y para las futuras generaciones.<\/span><\/p>\n<p><span style=\"color: #0000ff;\">Aqu\u00ed encontrar\u00e1s informaci\u00f3n acerca de los distintos usos del agua, su importancia para la vida, su distribuci\u00f3n en el planeta, consejos para cuidarla y adem\u00e1s podr\u00e1s formar parte de los \u00abGuardianes del Agua\u00bb para que te sumes a esta noble misi\u00f3n de cuidar el agua aprendiendo y divirti\u00e9ndote.<\/span><\/p>\n<p>&nbsp;<\/p>\n<p style=\"text-align: center;\"><a href=\"https:\/\/www.comapanuevolaredo.gob.mx\/sitio\/wp-content\/uploads\/2014\/11\/quienhacecorrpag.png\"><img loading=\"lazy\" decoding=\"async\" class=\"aligncenter size-full wp-image-1491 imgborder\" alt=\"quienhacecorrpag\" src=\"https:\/\/www.comapanuevolaredo.gob.mx\/sitio\/wp-content\/uploads\/2014\/11\/quienhacecorrpag.png\" width=\"350\" height=\"284\" \/><\/a><\/p>\n<p style=\"text-align: center;\"><span style=\"color: #000000;\"><strong>Ahorrar agua en exteriores<\/strong><\/span><\/p>\n<p><span style=\"color: #0000ff;\">Mucho calor, significa m\u00e1s actividades fuera de la casa \u2013 mayor uso exterior del agua. Procuremos ser tan cuidadosos y eficientes en el uso del agua en el exterior, tanto como en el uso dentro de la casa.<\/span><\/p>\n<ul>\n<li>\u00a0\u00a0<strong><span style=\"color: #000000;\">En la Alberca:<\/span>\u00a0<\/strong><span style=\"color: #0000ff;\">Mantenga el nivel m\u00e1s bajo posible, para evitar que se derrame el agua al hacer uso de la alberca.<\/span><\/li>\n<li>\u00a0\u00a0<strong><span style=\"color: #000000;\">Repare las fugas:<\/span>\u00a0<\/strong><span style=\"color: #0000ff;\">Revise las paredes de la alberca, los sistemas de filtraci\u00f3n, tuber\u00edas y c\u00e1mbielas o rep\u00e1relas cuando se necesite.<\/span><\/li>\n<li>\u00a0\u00a0<span style=\"color: #000000;\"><strong>Al lavar el Autom\u00f3vil:<\/strong><\/span>\u00a0<span style=\"color: #0000ff;\">Lave el autom\u00f3vil con un balde de agua y una franela con agua jabonosa\u00a0\u00a0y enjuague con la manguera r\u00e1pidamente.<\/span><\/li>\n<li>\u00a0<span style=\"color: #000000;\">\u00a0<\/span><strong><span style=\"color: #000000;\">Reutilice el agua:<\/span>\u00a0<\/strong><span style=\"color: #0000ff;\">El agua utilizada anteriormente se puede reutilizar para lavar llantas, motor, defensas, etc.<\/span><\/li>\n<li>\u00a0\u00a0<strong><span style=\"color: #000000;\">Jard\u00edn y \u00e1reas verdes:<\/span>\u00a0<\/strong><span style=\"color: #0000ff;\">Riegue temprano en la ma\u00f1ana, cuando no haya mucho viento y lo m\u00e1s espaciado en tiempo como sea posible.<\/span><\/li>\n<\/ul>\n<p style=\"text-align: center;\"><a href=\"https:\/\/www.comapanuevolaredo.gob.mx\/sitio\/wp-content\/uploads\/2014\/11\/preguntas-frecuentes-alergias-malagapag.png\"><img loading=\"lazy\" decoding=\"async\" class=\"aligncenter size-full wp-image-1492 imgborder\" alt=\"preguntas-frecuentes-alergias-malagapag\" src=\"https:\/\/www.comapanuevolaredo.gob.mx\/sitio\/wp-content\/uploads\/2014\/11\/preguntas-frecuentes-alergias-malagapag.png\" width=\"300\" height=\"300\" srcset=\"https:\/\/www.comapanuevolaredo.gob.mx\/sitio\/wp-content\/uploads\/2014\/11\/preguntas-frecuentes-alergias-malagapag.png 300w, https:\/\/www.comapanuevolaredo.gob.mx\/sitio\/wp-content\/uploads\/2014\/11\/preguntas-frecuentes-alergias-malagapag-150x150.png 150w, https:\/\/www.comapanuevolaredo.gob.mx\/sitio\/wp-content\/uploads\/2014\/11\/preguntas-frecuentes-alergias-malagapag-75x75.png 75w, https:\/\/www.comapanuevolaredo.gob.mx\/sitio\/wp-content\/uploads\/2014\/11\/preguntas-frecuentes-alergias-malagapag-110x110.png 110w\" sizes=\"auto, (max-width: 300px) 100vw, 300px\" \/><\/a><\/p>\n<p><span style=\"color: #000000;\"><strong>Conoce cu\u00e1nta agua consumes\u00a0<\/strong><\/span><\/p>\n<p><span style=\"color: #0000ff;\">El desperdicio de agua en el hogar es a veces casi imperceptible y para que se de una idea le presentamos las siguientes cifras:<\/span><\/p>\n<p><span style=\"color: #000000;\"><strong>Lavado de Ropa<\/strong><\/span><\/p>\n<ul>\n<li><span style=\"color: #0000ff;\">Lavadora cargada y llena: 190 lts. aprox.<\/span><\/li>\n<li><span style=\"color: #0000ff;\">Lavadora media carga y llena: 102 lts. aprox.<\/span><\/li>\n<\/ul>\n<p><span style=\"color: #0000ff;\">* Se recomienda reutilizar el agua en otros servicios dentro de la casa.<\/span><\/p>\n<p><span style=\"color: #000000;\"><strong>Lavado de Loza<\/strong><\/span><\/p>\n<ul>\n<li><span style=\"color: #0000ff;\">A mano con la llave abierta: 115 lts. aprox.<\/span><\/li>\n<li><span style=\"color: #0000ff;\">Lavando y enjuagando con tina: 19 lts. aprox.<\/span><\/li>\n<li><span style=\"color: #0000ff;\">Lavavajillas ciclo largo: 61 lts. aprox.<\/span><\/li>\n<li><span style=\"color: #0000ff;\">Lavavajillas ciclo corto: 26 lts. aprox.<\/span><\/li>\n<\/ul>\n<p><span style=\"color: #000000;\"><strong>Regadera<\/strong><\/span><\/p>\n<ul>\n<li><span style=\"color: #0000ff;\">Abierta 5 Minutos: 170 lts. aprox.<\/span><\/li>\n<li><span style=\"color: #0000ff;\">Abrir \u2013 Mojarse \u2013 Cerrar Enjabonarse \u2013 Abrir \u2013 Enjuagarse: 37 lts. aprox.<\/span><\/li>\n<\/ul>\n<p><span style=\"color: #000000;\"><strong>Tina de Ba\u00f1o<\/strong><\/span><\/p>\n<ul>\n<li><span style=\"color: #0000ff;\">Llena: 140 lts. aprox.<\/span><\/li>\n<li><span style=\"color: #0000ff;\">Nivel M\u00ednimo Suficiente: 40 lts. aprox.<\/span><\/li>\n<\/ul>\n<p><span style=\"color: #000000;\"><strong>Rasurarse<\/strong><\/span><\/p>\n<ul>\n<li><span style=\"color: #0000ff;\">Con la llave abierta: 38 lts. aprox.<\/span><\/li>\n<li><span style=\"color: #0000ff;\">Lavabo con tap\u00f3n: 4 lts. aprox.<\/span><\/li>\n<\/ul>\n<p><span style=\"color: #000000;\"><strong>Lavarse las Manos<\/strong><\/span><\/p>\n<ul>\n<li><span style=\"color: #0000ff;\">Con la llave abierta: 19 lts. aprox.<\/span><\/li>\n<li><span style=\"color: #0000ff;\">Lavabo con tap\u00f3n: 4 lts. aprox.<\/span><\/li>\n<\/ul>\n<p><span style=\"color: #000000;\"><strong>Lavarse los dientes<\/strong><\/span><\/p>\n<ul>\n<li><span style=\"color: #0000ff;\">Con la llave abierta: 38 lts. aprox.<\/span><\/li>\n<li><span style=\"color: #0000ff;\">Ligero enjuague, uso de vaso, enjuague final: 0.9 lts. aprox.<\/span><\/li>\n<\/ul>\n<p><span style=\"color: #000000;\"><strong>Sanitario<\/strong><\/span><\/p>\n<ul>\n<li><span style=\"color: #0000ff;\">Descarga normal: 6 lts. aprox.<\/span><\/li>\n<li><span style=\"color: #0000ff;\">Con 2 botellas de 1 litro llenas de arena como lastre: 4 lts. aprox.<\/span><b><\/b><\/li>\n<\/ul>\n<p>&nbsp;<\/p>\n","protected":false},"excerpt":{"rendered":"<p>El Agua Es el componente m\u00e1s importante de nuestro planeta, gracias a ella se ha producido la aparici\u00f3n y el mantenimiento de la vida en la forma en que hoy la conocemos. El agua ocupa el 70% de la superficie de la Tierra, se distribuye en oc\u00e9anos, mares, glaciares, casquetes polares, r\u00edos, arroyos y lagos. [&hellip;]<\/p>\n","protected":false},"author":1,"featured_media":0,"parent":0,"menu_order":0,"comment_status":"closed","ping_status":"closed","template":"template-leftsidebar.php","meta":{"footnotes":""},"class_list":["post-1481","page","type-page","status-publish","hentry"],"yoast_head":"<!-- This site is optimized with the Yoast SEO plugin v27.3 - https:\/\/yoast.com\/product\/yoast-seo-wordpress\/ -->\r\n<title>El Agua - Comapa Nuevo Laredo<\/title>\r\n<meta name=\"robots\" content=\"index, follow, max-snippet:-1, max-image-preview:large, max-video-preview:-1\" \/>\r\n<link rel=\"canonical\" href=\"https:\/\/www.comapanuevolaredo.gob.mx\/sitio\/el-agua\/\" \/>\r\n<meta property=\"og:locale\" content=\"es_ES\" \/>\r\n<meta property=\"og:type\" content=\"article\" \/>\r\n<meta property=\"og:title\" content=\"El Agua - Comapa Nuevo Laredo\" \/>\r\n<meta property=\"og:description\" content=\"El Agua Es el componente m\u00e1s importante de nuestro planeta, gracias a ella se ha producido la aparici\u00f3n y el mantenimiento de la vida en la forma en que hoy la conocemos. El agua ocupa el 70% de la superficie de la Tierra, se distribuye en oc\u00e9anos, mares, glaciares, casquetes polares, r\u00edos, arroyos y lagos. [&hellip;]\" \/>\r\n<meta property=\"og:url\" content=\"https:\/\/www.comapanuevolaredo.gob.mx\/sitio\/el-agua\/\" \/>\r\n<meta property=\"og:site_name\" content=\"Comapa Nuevo Laredo\" \/>\r\n<meta property=\"article:publisher\" content=\"https:\/\/www.facebook.com\/comapa.nuevolaredo\/\" \/>\r\n<meta property=\"article:modified_time\" content=\"2014-11-21T20:05:01+00:00\" \/>\r\n<meta property=\"og:image\" content=\"https:\/\/www.comapanuevolaredo.gob.mx\/sitio\/wp-content\/uploads\/2014\/11\/ciclohidrologicopag.png\" \/>\r\n<meta name=\"twitter:card\" content=\"summary_large_image\" \/>\r\n<meta name=\"twitter:site\" content=\"@ComapaNvoLaredo\" \/>\r\n<meta name=\"twitter:label1\" content=\"Tiempo de lectura\" \/>\n\t<meta name=\"twitter:data1\" content=\"3 minutos\" \/>\r\n<script type=\"application\/ld+json\" class=\"yoast-schema-graph\">{\"@context\":\"https:\\\/\\\/schema.org\",\"@graph\":[{\"@type\":\"WebPage\",\"@id\":\"https:\\\/\\\/www.comapanuevolaredo.gob.mx\\\/sitio\\\/el-agua\\\/\",\"url\":\"https:\\\/\\\/www.comapanuevolaredo.gob.mx\\\/sitio\\\/el-agua\\\/\",\"name\":\"El Agua - Comapa Nuevo Laredo\",\"isPartOf\":{\"@id\":\"https:\\\/\\\/www.comapanuevolaredo.gob.mx\\\/sitio\\\/#website\"},\"primaryImageOfPage\":{\"@id\":\"https:\\\/\\\/www.comapanuevolaredo.gob.mx\\\/sitio\\\/el-agua\\\/#primaryimage\"},\"image\":{\"@id\":\"https:\\\/\\\/www.comapanuevolaredo.gob.mx\\\/sitio\\\/el-agua\\\/#primaryimage\"},\"thumbnailUrl\":\"https:\\\/\\\/www.comapanuevolaredo.gob.mx\\\/sitio\\\/wp-content\\\/uploads\\\/2014\\\/11\\\/ciclohidrologicopag.png\",\"datePublished\":\"2014-11-21T18:52:32+00:00\",\"dateModified\":\"2014-11-21T20:05:01+00:00\",\"breadcrumb\":{\"@id\":\"https:\\\/\\\/www.comapanuevolaredo.gob.mx\\\/sitio\\\/el-agua\\\/#breadcrumb\"},\"inLanguage\":\"es\",\"potentialAction\":[{\"@type\":\"ReadAction\",\"target\":[\"https:\\\/\\\/www.comapanuevolaredo.gob.mx\\\/sitio\\\/el-agua\\\/\"]}]},{\"@type\":\"ImageObject\",\"inLanguage\":\"es\",\"@id\":\"https:\\\/\\\/www.comapanuevolaredo.gob.mx\\\/sitio\\\/el-agua\\\/#primaryimage\",\"url\":\"https:\\\/\\\/www.comapanuevolaredo.gob.mx\\\/sitio\\\/wp-content\\\/uploads\\\/2014\\\/11\\\/ciclohidrologicopag.png\",\"contentUrl\":\"https:\\\/\\\/www.comapanuevolaredo.gob.mx\\\/sitio\\\/wp-content\\\/uploads\\\/2014\\\/11\\\/ciclohidrologicopag.png\",\"width\":350,\"height\":220},{\"@type\":\"BreadcrumbList\",\"@id\":\"https:\\\/\\\/www.comapanuevolaredo.gob.mx\\\/sitio\\\/el-agua\\\/#breadcrumb\",\"itemListElement\":[{\"@type\":\"ListItem\",\"position\":1,\"name\":\"Home\",\"item\":\"https:\\\/\\\/www.comapanuevolaredo.gob.mx\\\/sitio\\\/\"},{\"@type\":\"ListItem\",\"position\":2,\"name\":\"El Agua\"}]},{\"@type\":\"WebSite\",\"@id\":\"https:\\\/\\\/www.comapanuevolaredo.gob.mx\\\/sitio\\\/#website\",\"url\":\"https:\\\/\\\/www.comapanuevolaredo.gob.mx\\\/sitio\\\/\",\"name\":\"Comapa Nuevo Laredo\",\"description\":\"Servicio y distribuci\u00f3n de agua potable y drenaje, planta potabilizadora en NLD, a orillas del R\u00edo Bravo, en la Frontera Norte de Tamaulipas, M\u00e9xico\",\"publisher\":{\"@id\":\"https:\\\/\\\/www.comapanuevolaredo.gob.mx\\\/sitio\\\/#organization\"},\"potentialAction\":[{\"@type\":\"SearchAction\",\"target\":{\"@type\":\"EntryPoint\",\"urlTemplate\":\"https:\\\/\\\/www.comapanuevolaredo.gob.mx\\\/sitio\\\/?s={search_term_string}\"},\"query-input\":{\"@type\":\"PropertyValueSpecification\",\"valueRequired\":true,\"valueName\":\"search_term_string\"}}],\"inLanguage\":\"es\"},{\"@type\":\"Organization\",\"@id\":\"https:\\\/\\\/www.comapanuevolaredo.gob.mx\\\/sitio\\\/#organization\",\"name\":\"Comapa Nuevo Laredo\",\"url\":\"https:\\\/\\\/www.comapanuevolaredo.gob.mx\\\/sitio\\\/\",\"logo\":{\"@type\":\"ImageObject\",\"inLanguage\":\"es\",\"@id\":\"https:\\\/\\\/www.comapanuevolaredo.gob.mx\\\/sitio\\\/#\\\/schema\\\/logo\\\/image\\\/\",\"url\":\"https:\\\/\\\/www.comapanuevolaredo.gob.mx\\\/sitio\\\/wp-content\\\/uploads\\\/2025\\\/02\\\/cropped-512.jpg\",\"contentUrl\":\"https:\\\/\\\/www.comapanuevolaredo.gob.mx\\\/sitio\\\/wp-content\\\/uploads\\\/2025\\\/02\\\/cropped-512.jpg\",\"width\":512,\"height\":512,\"caption\":\"Comapa Nuevo Laredo\"},\"image\":{\"@id\":\"https:\\\/\\\/www.comapanuevolaredo.gob.mx\\\/sitio\\\/#\\\/schema\\\/logo\\\/image\\\/\"},\"sameAs\":[\"https:\\\/\\\/www.facebook.com\\\/comapa.nuevolaredo\\\/\",\"https:\\\/\\\/x.com\\\/ComapaNvoLaredo\",\"https:\\\/\\\/www.instagram.com\\\/comapanld\\\/\"]}]}<\/script>\r\n<!-- \/ Yoast SEO plugin. -->","yoast_head_json":{"title":"El Agua - Comapa Nuevo Laredo","robots":{"index":"index","follow":"follow","max-snippet":"max-snippet:-1","max-image-preview":"max-image-preview:large","max-video-preview":"max-video-preview:-1"},"canonical":"https:\/\/www.comapanuevolaredo.gob.mx\/sitio\/el-agua\/","og_locale":"es_ES","og_type":"article","og_title":"El Agua - Comapa Nuevo Laredo","og_description":"El Agua Es el componente m\u00e1s importante de nuestro planeta, gracias a ella se ha producido la aparici\u00f3n y el mantenimiento de la vida en la forma en que hoy la conocemos. El agua ocupa el 70% de la superficie de la Tierra, se distribuye en oc\u00e9anos, mares, glaciares, casquetes polares, r\u00edos, arroyos y lagos. [&hellip;]","og_url":"https:\/\/www.comapanuevolaredo.gob.mx\/sitio\/el-agua\/","og_site_name":"Comapa Nuevo Laredo","article_publisher":"https:\/\/www.facebook.com\/comapa.nuevolaredo\/","article_modified_time":"2014-11-21T20:05:01+00:00","og_image":[{"url":"https:\/\/www.comapanuevolaredo.gob.mx\/sitio\/wp-content\/uploads\/2014\/11\/ciclohidrologicopag.png","type":"","width":"","height":""}],"twitter_card":"summary_large_image","twitter_site":"@ComapaNvoLaredo","twitter_misc":{"Tiempo de lectura":"3 minutos"},"schema":{"@context":"https:\/\/schema.org","@graph":[{"@type":"WebPage","@id":"https:\/\/www.comapanuevolaredo.gob.mx\/sitio\/el-agua\/","url":"https:\/\/www.comapanuevolaredo.gob.mx\/sitio\/el-agua\/","name":"El Agua - Comapa Nuevo Laredo","isPartOf":{"@id":"https:\/\/www.comapanuevolaredo.gob.mx\/sitio\/#website"},"primaryImageOfPage":{"@id":"https:\/\/www.comapanuevolaredo.gob.mx\/sitio\/el-agua\/#primaryimage"},"image":{"@id":"https:\/\/www.comapanuevolaredo.gob.mx\/sitio\/el-agua\/#primaryimage"},"thumbnailUrl":"https:\/\/www.comapanuevolaredo.gob.mx\/sitio\/wp-content\/uploads\/2014\/11\/ciclohidrologicopag.png","datePublished":"2014-11-21T18:52:32+00:00","dateModified":"2014-11-21T20:05:01+00:00","breadcrumb":{"@id":"https:\/\/www.comapanuevolaredo.gob.mx\/sitio\/el-agua\/#breadcrumb"},"inLanguage":"es","potentialAction":[{"@type":"ReadAction","target":["https:\/\/www.comapanuevolaredo.gob.mx\/sitio\/el-agua\/"]}]},{"@type":"ImageObject","inLanguage":"es","@id":"https:\/\/www.comapanuevolaredo.gob.mx\/sitio\/el-agua\/#primaryimage","url":"https:\/\/www.comapanuevolaredo.gob.mx\/sitio\/wp-content\/uploads\/2014\/11\/ciclohidrologicopag.png","contentUrl":"https:\/\/www.comapanuevolaredo.gob.mx\/sitio\/wp-content\/uploads\/2014\/11\/ciclohidrologicopag.png","width":350,"height":220},{"@type":"BreadcrumbList","@id":"https:\/\/www.comapanuevolaredo.gob.mx\/sitio\/el-agua\/#breadcrumb","itemListElement":[{"@type":"ListItem","position":1,"name":"Home","item":"https:\/\/www.comapanuevolaredo.gob.mx\/sitio\/"},{"@type":"ListItem","position":2,"name":"El Agua"}]},{"@type":"WebSite","@id":"https:\/\/www.comapanuevolaredo.gob.mx\/sitio\/#website","url":"https:\/\/www.comapanuevolaredo.gob.mx\/sitio\/","name":"Comapa Nuevo Laredo","description":"Servicio y distribuci\u00f3n de agua potable y drenaje, planta potabilizadora en NLD, a orillas del R\u00edo Bravo, en la Frontera Norte de Tamaulipas, M\u00e9xico","publisher":{"@id":"https:\/\/www.comapanuevolaredo.gob.mx\/sitio\/#organization"},"potentialAction":[{"@type":"SearchAction","target":{"@type":"EntryPoint","urlTemplate":"https:\/\/www.comapanuevolaredo.gob.mx\/sitio\/?s={search_term_string}"},"query-input":{"@type":"PropertyValueSpecification","valueRequired":true,"valueName":"search_term_string"}}],"inLanguage":"es"},{"@type":"Organization","@id":"https:\/\/www.comapanuevolaredo.gob.mx\/sitio\/#organization","name":"Comapa Nuevo Laredo","url":"https:\/\/www.comapanuevolaredo.gob.mx\/sitio\/","logo":{"@type":"ImageObject","inLanguage":"es","@id":"https:\/\/www.comapanuevolaredo.gob.mx\/sitio\/#\/schema\/logo\/image\/","url":"https:\/\/www.comapanuevolaredo.gob.mx\/sitio\/wp-content\/uploads\/2025\/02\/cropped-512.jpg","contentUrl":"https:\/\/www.comapanuevolaredo.gob.mx\/sitio\/wp-content\/uploads\/2025\/02\/cropped-512.jpg","width":512,"height":512,"caption":"Comapa Nuevo Laredo"},"image":{"@id":"https:\/\/www.comapanuevolaredo.gob.mx\/sitio\/#\/schema\/logo\/image\/"},"sameAs":["https:\/\/www.facebook.com\/comapa.nuevolaredo\/","https:\/\/x.com\/ComapaNvoLaredo","https:\/\/www.instagram.com\/comapanld\/"]}]}},"_links":{"self":[{"href":"https:\/\/www.comapanuevolaredo.gob.mx\/sitio\/wp-json\/wp\/v2\/pages\/1481","targetHints":{"allow":["GET"]}}],"collection":[{"href":"https:\/\/www.comapanuevolaredo.gob.mx\/sitio\/wp-json\/wp\/v2\/pages"}],"about":[{"href":"https:\/\/www.comapanuevolaredo.gob.mx\/sitio\/wp-json\/wp\/v2\/types\/page"}],"author":[{"embeddable":true,"href":"https:\/\/www.comapanuevolaredo.gob.mx\/sitio\/wp-json\/wp\/v2\/users\/1"}],"replies":[{"embeddable":true,"href":"https:\/\/www.comapanuevolaredo.gob.mx\/sitio\/wp-json\/wp\/v2\/comments?post=1481"}],"version-history":[{"count":6,"href":"https:\/\/www.comapanuevolaredo.gob.mx\/sitio\/wp-json\/wp\/v2\/pages\/1481\/revisions"}],"predecessor-version":[{"id":1496,"href":"https:\/\/www.comapanuevolaredo.gob.mx\/sitio\/wp-json\/wp\/v2\/pages\/1481\/revisions\/1496"}],"wp:attachment":[{"href":"https:\/\/www.comapanuevolaredo.gob.mx\/sitio\/wp-json\/wp\/v2\/media?parent=1481"}],"curies":[{"name":"wp","href":"https:\/\/api.w.org\/{rel}","templated":true}]}}