{"id":13050,"date":"2024-10-28T13:28:51","date_gmt":"2024-10-28T19:28:51","guid":{"rendered":"https:\/\/www.comapanuevolaredo.gob.mx\/sitio\/?page_id=13050"},"modified":"2026-04-30T10:40:01","modified_gmt":"2026-04-30T16:40:01","slug":"transparencia-2024","status":"publish","type":"page","link":"https:\/\/www.comapanuevolaredo.gob.mx\/sitio\/transparencia-2024\/","title":{"rendered":"Transparencia &#x1f50d;"},"content":{"rendered":"<p style=\"text-align: center;\">DE LAS OBLIGACIONES\u00a0 COMUNES DE TRANSPARENCIA<br \/>\nART\u00cdCULO 67<\/p>\n<p style=\"text-align: center;\">Los Sujetos Obligados deber\u00e1n poner a disposici\u00f3n del p\u00fablico y mantener actualizada, en los respectivos medios electr\u00f3nicos, de acuerdo a sus facultades, atribuciones, funciones u objeto social, seg\u00fan corresponda, la informaci\u00f3n, por lo menos, de los temas, documentos y pol\u00edticas que a continuaci\u00f3n se se\u00f1alan:<\/p>\n<ul>\n<li><a style=\"color: dodgerblue;\" href=\"http:\/\/www.itait.org.mx\/pnt\/doctos\/Ley_General_de_Transparencia_y_Acceso_a_la_Informacion_Publica.pdf\" target=\"_blank\" rel=\"noopener noreferrer\">Ley General de Transparencia y Acceso a la Informaci\u00f3n P\u00fablica<\/a><\/li>\n<li><a style=\"color: dodgerblue;\" href=\"http:\/\/po.tamaulipas.gob.mx\/wp-content\/uploads\/2016\/04\/cxli-50-270416F-ANEXO.pdf\" target=\"_blank\" rel=\"noopener noreferrer\">Ley de Transparencia y Acceso a la Informaci\u00f3n P\u00fablica del Estado de Tamaulipas<\/a><\/li>\n<li><a style=\"color: dodgerblue;\" href=\"https:\/\/www.comapanuevolaredo.gob.mx\/sitio\/?page_id=4764\" target=\"_blank\" rel=\"noopener noreferrer\">Ley General de Contabilidad Gubernamental<\/a><\/li>\n<\/ul>\n<p><!-- Puntos inicio --><\/p>\n<table style=\"background: linear-gradient(to bottom, #a8c9a7, #d6eaf8); border-radius: 10px; border-collapse: collapse; width: 100%;\"><!--\n\n\n<thead>\n\n\n<tr>\n\n\n<th><\/th>\n\n\n<span data-mce-type=\"bookmark\" style=\"display: inline-block; width: 0px; overflow: hidden; line-height: 0;\" class=\"mce_SELRES_start\"><\/span>\n\n\n<th><\/th>\n\n\n<\/tr>\n\n\n<\/thead>\n\n\n--><\/p>\n<tbody>\n<tr>\n<td style=\"background-color: transparent; padding: 5px; font-size: large;\">&#x26ab; <a style=\"color: black;\" href=\"https:\/\/www.comapanuevolaredo.gob.mx\/sitio\/wp-content\/uploads\/2025\/11\/Aviso-de-privacidad.pdf\">Aviso de Privacidad<\/a> &#x1f510;<\/td>\n<td style=\"background-color: transparent; padding: 5px; font-size: large;\">&#x26ab; <a style=\"color: black;\" href=\"https:\/\/www.comapanuevolaredo.gob.mx\/sitio\/?page_id=7200\">Prop\u00f3sitos Institucionales<\/a><\/td>\n<\/tr>\n<tr>\n<td style=\"background-color: transparent; padding: 5px; font-size: large;\">&#x26ab; <a style=\"color: black;\" href=\"https:\/\/www.comapanuevolaredo.gob.mx\/sitio\/convocatoria\/\">CONVOCATORIA<\/a> &#x1f4e3;<\/td>\n<td style=\"background-color: transparent; padding: 5px; font-size: large;\">&#x26ab; <a style=\"color: black;\" href=\"https:\/\/www.comapanuevolaredo.gob.mx\/sitio\/proveedores-y-contratistas\/\">Proveedores y Contratistas<\/a><\/td>\n<\/tr>\n<tr>\n<td style=\"background-color: transparent; padding: 5px; font-size: large;\">&#x26ab; <a style=\"color: black;\" href=\"https:\/\/www.comapanuevolaredo.gob.mx\/sitio\/actas-de-consejo\/\">Actas de Consejo<\/a><\/td>\n<td style=\"background-color: transparent; padding: 5px; font-size: large;\">&#x26ab; <a style=\"color: black;\" href=\"https:\/\/consultapublicamx.plataformadetransparencia.org.mx\/vut-web\/faces\/view\/consultaPublica.xhtml#inicio\">Consulta Publica<\/a><\/td>\n<\/tr>\n<tr>\n<td style=\"background-color: transparent; padding: 5px; font-size: large;\">&#x26ab; <a style=\"color: black;\" href=\"https:\/\/www.comapanuevolaredo.gob.mx\/sitio\/directorio\/\">Directorio<\/a> &#x1f4d2;<\/td>\n<td style=\"background-color: transparent; padding: 5px; font-size: large;\">&#x26ab; <a style=\"color: black;\" href=\"https:\/\/www.comapanuevolaredo.gob.mx\/sitio\/wp-content\/uploads\/2026\/04\/PROGRAMA-ANUAL-DESARROLLO-ARCHIVISTICO-2026-PADA-COMAPA-NUEVO-LAREDO.pdf\">Programa Anual de Desarrollo Archiv\u00edstico 2026<\/a><\/td>\n<\/tr>\n<\/tbody>\n<\/table>\n<p><!-- Puntos fin --><\/p>\n<p>\u200b<\/p>\n<table class=\" aligncenter\" width=\"100%\">\n<tbody>\n<tr><!--Enlaces--><\/p>\n<td width=\"15%\"><!--Itait--><\/p>\n<p style=\"text-align: center;\"><a href=\"http:\/\/www.itait.org.mx\/\"><img loading=\"lazy\" decoding=\"async\" class=\"imgborder aligncenter wp-image-4308 size-thumbnail\" src=\"\/\/www.comapanuevolaredo.gob.mx\/sitio\/wp-content\/uploads\/2016\/07\/itaitlogo-150x150.jpg\" alt=\"\" width=\"150\" height=\"150\" \/><\/a><\/p>\n<\/td>\n<td width=\"15%\"><!--PNT--><\/p>\n<p style=\"text-align: center;\"><a href=\"http:\/\/consultapublicamx.inai.org.mx:8080\/vut-web\/?idSujetoObigadoParametro=5210&amp;idEntidadParametro=28&amp;idSectorParametro=21\"><img loading=\"lazy\" decoding=\"async\" class=\"imgborder aligncenter wp-image-4309 size-full\" src=\"https:\/\/www.comapanuevolaredo.gob.mx\/sitio\/wp-content\/uploads\/2020\/09\/banner-pnt.png\" alt=\"\" width=\"150\" height=\"136\" \/><\/a><\/p>\n<\/td>\n<td width=\"15%\"><!--Inai--><\/p>\n<p style=\"text-align: center;\"><a href=\"http:\/\/inicio.inai.org.mx\/SitePages\/ifai.aspx\"><img loading=\"lazy\" decoding=\"async\" class=\"imgborder aligncenter wp-image-4310 size-thumbnail\" src=\"\/\/www.comapanuevolaredo.gob.mx\/sitio\/wp-content\/uploads\/2016\/07\/logoInai-150x96.png\" alt=\"\" width=\"150\" height=\"96\" \/><\/a><\/p>\n<\/td>\n<\/tr>\n<\/tbody>\n<tbody>\n<tr><!--Fila 1--><\/p>\n<td style=\"vertical-align: middle;\" width=\"15%\"><!--I--><\/p>\n<p style=\"text-align: left;\">\n<\/td>\n<td><\/td>\n<\/tr>\n<tr>\n<td style=\"vertical-align: middle;\" width=\"15%\"><!--II--><\/td>\n<td><\/td>\n<\/tr>\n<tr>\n<td style=\"vertical-align: middle;\" width=\"15%\"><!--III--><\/td>\n<td><\/td>\n<\/tr>\n<tr>\n<td style=\"vertical-align: middle;\" width=\"15%\"><!--IV--><\/td>\n<td><\/td>\n<\/tr>\n<tr>\n<td style=\"vertical-align: middle;\" width=\"15%\"><!--V--><\/td>\n<td><\/td>\n<\/tr>\n<tr>\n<td style=\"vertical-align: middle;\" width=\"15%\">\u00a0<a href=\"https:\/\/www.comapanuevolaredo.gob.mx\/sitio\/fraccion-vi\/\"><img loading=\"lazy\" decoding=\"async\" class=\"size-full wp-image-2521 aligncenter\" src=\"https:\/\/www.comapanuevolaredo.gob.mx\/sitio\/wp-content\/uploads\/2016\/12\/5romanos.png\" alt=\"\" width=\"80\" height=\"50\" \/><\/a><\/p>\n<p>&nbsp;<\/td>\n<td>&#x1f4d5; Los indicadores que permitan rendir cuenta de sus objetivos y resultados<\/td>\n<\/tr>\n<tr>\n<td style=\"vertical-align: middle;\" width=\"15%\"><\/td>\n<td><\/td>\n<\/tr>\n<tr>\n<td style=\"vertical-align: middle;\" width=\"15%\"><\/td>\n<td><\/td>\n<\/tr>\n<tr><!--Fila 2--><\/p>\n<td style=\"vertical-align: middle;\" width=\"15%\"><\/td>\n<td><\/td>\n<\/tr>\n<tr>\n<td style=\"vertical-align: middle;\" width=\"15%\"><\/td>\n<td><\/td>\n<\/tr>\n<tr>\n<td style=\"vertical-align: middle;\" width=\"15%\"><\/td>\n<td><\/td>\n<\/tr>\n<tr>\n<td style=\"vertical-align: middle;\" width=\"15%\"><\/td>\n<td><\/td>\n<\/tr>\n<tr>\n<td style=\"vertical-align: middle;\" width=\"15%\"><\/td>\n<td><\/td>\n<\/tr>\n<tr>\n<td style=\"vertical-align: middle;\" width=\"15%\"><\/td>\n<td><\/td>\n<\/tr>\n<tr>\n<td style=\"vertical-align: middle;\" width=\"15%\"><\/td>\n<td><\/td>\n<\/tr>\n<tr>\n<td style=\"vertical-align: middle;\" width=\"15%\"><\/td>\n<td><\/td>\n<\/tr>\n<tr><!--Fila 3--><\/p>\n<td style=\"vertical-align: middle;\" width=\"15%\"><\/td>\n<td><\/td>\n<\/tr>\n<tr>\n<td style=\"vertical-align: middle;\" width=\"15%\"><\/td>\n<td><\/td>\n<\/tr>\n<tr>\n<td style=\"vertical-align: middle;\" width=\"15%\"><\/td>\n<td><\/td>\n<\/tr>\n<tr>\n<td style=\"vertical-align: middle;\" width=\"15%\"><\/td>\n<td><\/td>\n<\/tr>\n<tr>\n<td style=\"vertical-align: middle;\" width=\"15%\"><\/td>\n<td><\/td>\n<\/tr>\n<tr>\n<td style=\"vertical-align: middle;\" width=\"15%\"><\/td>\n<td><\/td>\n<\/tr>\n<tr>\n<td style=\"vertical-align: middle;\" width=\"15%\"><\/td>\n<td><\/td>\n<\/tr>\n<tr>\n<td style=\"vertical-align: middle;\" width=\"15%\"><\/td>\n<td><\/td>\n<\/tr>\n<tr><!--Fila 4--><\/p>\n<td style=\"vertical-align: middle;\" width=\"15%\"><\/td>\n<td><\/td>\n<\/tr>\n<tr>\n<td style=\"vertical-align: middle;\" width=\"15%\"><\/td>\n<td><\/td>\n<\/tr>\n<tr>\n<td style=\"vertical-align: middle;\" width=\"15%\"><\/td>\n<td><\/td>\n<\/tr>\n<tr>\n<td style=\"vertical-align: middle;\" width=\"15%\"><!--XXVIII--><\/p>\n<p><a href=\"https:\/\/www.comapanuevolaredo.gob.mx\/sitio\/fraccion-xxviii\/\"><img loading=\"lazy\" decoding=\"async\" class=\"size-full wp-image-2542 aligncenter\" src=\"https:\/\/www.comapanuevolaredo.gob.mx\/sitio\/wp-content\/uploads\/2016\/12\/26romanos.png\" alt=\"\" width=\"80\" height=\"50\" \/><\/a><\/td>\n<td>&#x1f4d5;La informaci\u00f3n sobre los resultados de los procedimientos de adjudicaci\u00f3n directa, invitaci\u00f3n restringida y licitaci\u00f3n de cualquier naturaleza, incluyendo la versi\u00f3n p\u00fablica del expediente respectivo y de los contratos celebrados, que deber\u00e1 contener, por lo menos, lo siguiente<\/td>\n<\/tr>\n<tr>\n<td style=\"vertical-align: middle;\" width=\"15%\"><!--XXIX--><\/td>\n<td><\/td>\n<\/tr>\n<tr>\n<td style=\"vertical-align: middle;\" width=\"15%\"><\/td>\n<td><\/td>\n<\/tr>\n<tr>\n<td style=\"vertical-align: middle;\" width=\"15%\"><\/td>\n<td><\/td>\n<\/tr>\n<tr>\n<td style=\"vertical-align: middle;\" width=\"15%\"><!--XXXII--><\/p>\n<p><a href=\"https:\/\/www.comapanuevolaredo.gob.mx\/sitio\/xxxii\/\"><img loading=\"lazy\" decoding=\"async\" class=\"size-full wp-image-2546 aligncenter\" src=\"https:\/\/www.comapanuevolaredo.gob.mx\/sitio\/wp-content\/uploads\/2016\/12\/30romanos.png\" alt=\"\" width=\"80\" height=\"50\" \/><\/a><\/td>\n<td><strong>&#x1f4d5;<\/strong>Padr\u00f3n de proveedores y contratistas<\/td>\n<\/tr>\n<tr><!--Fila 5--><\/p>\n<td style=\"vertical-align: middle;\" width=\"15%\"><!--XXXIII--><\/td>\n<td><\/td>\n<\/tr>\n<tr>\n<td style=\"vertical-align: middle;\" width=\"15%\"><!--XXXIV--><\/p>\n<p style=\"text-align: left;\"><a href=\"\/\/www.comapanuevolaredo.gob.mx\/sitio\/?page_id=3186\"><img loading=\"lazy\" decoding=\"async\" class=\"imgborder aligncenter wp-image-1934 size-full\" src=\"\/\/www.comapanuevolaredo.gob.mx\/sitio\/wp-content\/uploads\/2016\/12\/34romanos.png\" alt=\"Inventario\" width=\"80\" height=\"50\" \/><\/a><\/p>\n<\/td>\n<td>&#x1f4d5;El inventario de bienes muebles e inmuebles en posesi\u00f3n y propiedad<\/td>\n<\/tr>\n<tr>\n<td style=\"vertical-align: middle;\" width=\"15%\"><!--XXXV--><\/td>\n<td><\/td>\n<\/tr>\n<tr>\n<td style=\"vertical-align: middle;\" width=\"15%\"><\/td>\n<td><\/td>\n<\/tr>\n<tr>\n<td style=\"vertical-align: middle;\" width=\"15%\"><\/td>\n<td><\/td>\n<\/tr>\n<tr>\n<td style=\"vertical-align: middle;\" width=\"15%\"><\/td>\n<td><\/td>\n<\/tr>\n<tr>\n<td style=\"vertical-align: middle;\" width=\"15%\"><\/td>\n<td><\/td>\n<\/tr>\n<tr>\n<td style=\"vertical-align: middle;\" width=\"15%\"><\/td>\n<td><\/td>\n<\/tr>\n<tr><!--Fila 6--><\/p>\n<td style=\"vertical-align: middle;\" width=\"15%\"><\/td>\n<td><\/td>\n<\/tr>\n<tr>\n<td style=\"vertical-align: middle;\" width=\"15%\"><\/td>\n<td><\/td>\n<\/tr>\n<tr>\n<td style=\"vertical-align: middle;\" width=\"15%\"><\/td>\n<td><\/td>\n<\/tr>\n<tr>\n<td style=\"vertical-align: middle;\" width=\"15%\"><\/td>\n<td><\/td>\n<\/tr>\n<tr>\n<td style=\"vertical-align: middle;\" width=\"15%\"><\/td>\n<td><\/td>\n<\/tr>\n<tr>\n<td style=\"vertical-align: middle;\" width=\"15%\"><\/td>\n<td><\/td>\n<\/tr>\n<tr>\n<td style=\"vertical-align: middle;\" width=\"15%\"><\/td>\n<td><\/td>\n<\/tr>\n<tr>\n<td style=\"vertical-align: middle;\" width=\"15%\"><\/td>\n<td><\/td>\n<\/tr>\n<\/tbody>\n<tbody>\n<tr>\n<td style=\"vertical-align: middle;\" width=\"15%\"><\/td>\n<td><\/td>\n<\/tr>\n<\/tbody>\n<tbody>\n<tr>\n<td style=\"vertical-align: middle;\" width=\"15%\"><\/td>\n<td><\/td>\n<\/tr>\n<\/tbody>\n<tbody>\n<tr>\n<td style=\"vertical-align: middle;\" width=\"15%\"><\/td>\n<td><\/td>\n<\/tr>\n<\/tbody>\n<p><!--- Ley de Transparencia ---><\/table>\n<p>&#x2705; Actualizado 20\/Abr\/2026<\/p>\n","protected":false},"excerpt":{"rendered":"<p>DE LAS OBLIGACIONES\u00a0 COMUNES DE TRANSPARENCIA ART\u00cdCULO 67 Los Sujetos Obligados deber\u00e1n poner a disposici\u00f3n del p\u00fablico y mantener actualizada, en los respectivos medios electr\u00f3nicos, de acuerdo a sus facultades, atribuciones, funciones u objeto social, seg\u00fan corresponda, la informaci\u00f3n, por lo menos, de los temas, documentos y pol\u00edticas que a continuaci\u00f3n se se\u00f1alan: Ley General [&hellip;]<\/p>\n","protected":false},"author":1,"featured_media":13245,"parent":0,"menu_order":0,"comment_status":"closed","ping_status":"closed","template":"","meta":{"footnotes":""},"class_list":["post-13050","page","type-page","status-publish","has-post-thumbnail","hentry"],"yoast_head":"<!-- This site is optimized with the Yoast SEO plugin v27.3 - https:\/\/yoast.com\/product\/yoast-seo-wordpress\/ -->\r\n<title>Transparencia &#x1f50d; - Comapa Nuevo Laredo<\/title>\r\n<meta name=\"robots\" content=\"index, follow, max-snippet:-1, max-image-preview:large, max-video-preview:-1\" \/>\r\n<link rel=\"canonical\" href=\"https:\/\/www.comapanuevolaredo.gob.mx\/sitio\/transparencia-2024\/\" \/>\r\n<meta property=\"og:locale\" content=\"es_ES\" \/>\r\n<meta property=\"og:type\" content=\"article\" \/>\r\n<meta property=\"og:title\" content=\"Transparencia &#x1f50d; - Comapa Nuevo Laredo\" \/>\r\n<meta property=\"og:description\" content=\"DE LAS OBLIGACIONES\u00a0 COMUNES DE TRANSPARENCIA ART\u00cdCULO 67 Los Sujetos Obligados deber\u00e1n poner a disposici\u00f3n del p\u00fablico y mantener actualizada, en los respectivos medios electr\u00f3nicos, de acuerdo a sus facultades, atribuciones, funciones u objeto social, seg\u00fan corresponda, la informaci\u00f3n, por lo menos, de los temas, documentos y pol\u00edticas que a continuaci\u00f3n se se\u00f1alan: Ley General [&hellip;]\" \/>\r\n<meta property=\"og:url\" content=\"https:\/\/www.comapanuevolaredo.gob.mx\/sitio\/transparencia-2024\/\" \/>\r\n<meta property=\"og:site_name\" content=\"Comapa Nuevo Laredo\" \/>\r\n<meta property=\"article:publisher\" content=\"https:\/\/www.facebook.com\/comapa.nuevolaredo\/\" \/>\r\n<meta property=\"article:modified_time\" content=\"2026-04-30T16:40:01+00:00\" \/>\r\n<meta property=\"og:image\" content=\"https:\/\/www.comapanuevolaredo.gob.mx\/sitio\/wp-content\/uploads\/2025\/02\/Port-Transparencia-scaled.jpg\" \/>\r\n\t<meta property=\"og:image:width\" content=\"2560\" \/>\r\n\t<meta property=\"og:image:height\" content=\"1280\" \/>\r\n\t<meta property=\"og:image:type\" content=\"image\/jpeg\" \/>\r\n<meta name=\"twitter:card\" content=\"summary_large_image\" \/>\r\n<meta name=\"twitter:site\" content=\"@ComapaNvoLaredo\" \/>\r\n<meta name=\"twitter:label1\" content=\"Tiempo de lectura\" \/>\n\t<meta name=\"twitter:data1\" content=\"3 minutos\" \/>\r\n<script type=\"application\/ld+json\" class=\"yoast-schema-graph\">{\"@context\":\"https:\\\/\\\/schema.org\",\"@graph\":[{\"@type\":\"WebPage\",\"@id\":\"https:\\\/\\\/www.comapanuevolaredo.gob.mx\\\/sitio\\\/transparencia-2024\\\/\",\"url\":\"https:\\\/\\\/www.comapanuevolaredo.gob.mx\\\/sitio\\\/transparencia-2024\\\/\",\"name\":\"Transparencia &#x1f50d; - Comapa Nuevo Laredo\",\"isPartOf\":{\"@id\":\"https:\\\/\\\/www.comapanuevolaredo.gob.mx\\\/sitio\\\/#website\"},\"primaryImageOfPage\":{\"@id\":\"https:\\\/\\\/www.comapanuevolaredo.gob.mx\\\/sitio\\\/transparencia-2024\\\/#primaryimage\"},\"image\":{\"@id\":\"https:\\\/\\\/www.comapanuevolaredo.gob.mx\\\/sitio\\\/transparencia-2024\\\/#primaryimage\"},\"thumbnailUrl\":\"https:\\\/\\\/www.comapanuevolaredo.gob.mx\\\/sitio\\\/wp-content\\\/uploads\\\/2025\\\/02\\\/Port-Transparencia-scaled.jpg\",\"datePublished\":\"2024-10-28T19:28:51+00:00\",\"dateModified\":\"2026-04-30T16:40:01+00:00\",\"breadcrumb\":{\"@id\":\"https:\\\/\\\/www.comapanuevolaredo.gob.mx\\\/sitio\\\/transparencia-2024\\\/#breadcrumb\"},\"inLanguage\":\"es\",\"potentialAction\":[{\"@type\":\"ReadAction\",\"target\":[\"https:\\\/\\\/www.comapanuevolaredo.gob.mx\\\/sitio\\\/transparencia-2024\\\/\"]}]},{\"@type\":\"ImageObject\",\"inLanguage\":\"es\",\"@id\":\"https:\\\/\\\/www.comapanuevolaredo.gob.mx\\\/sitio\\\/transparencia-2024\\\/#primaryimage\",\"url\":\"https:\\\/\\\/www.comapanuevolaredo.gob.mx\\\/sitio\\\/wp-content\\\/uploads\\\/2025\\\/02\\\/Port-Transparencia-scaled.jpg\",\"contentUrl\":\"https:\\\/\\\/www.comapanuevolaredo.gob.mx\\\/sitio\\\/wp-content\\\/uploads\\\/2025\\\/02\\\/Port-Transparencia-scaled.jpg\",\"width\":2560,\"height\":1280},{\"@type\":\"BreadcrumbList\",\"@id\":\"https:\\\/\\\/www.comapanuevolaredo.gob.mx\\\/sitio\\\/transparencia-2024\\\/#breadcrumb\",\"itemListElement\":[{\"@type\":\"ListItem\",\"position\":1,\"name\":\"Home\",\"item\":\"https:\\\/\\\/www.comapanuevolaredo.gob.mx\\\/sitio\\\/\"},{\"@type\":\"ListItem\",\"position\":2,\"name\":\"Transparencia &#x1f50d;\"}]},{\"@type\":\"WebSite\",\"@id\":\"https:\\\/\\\/www.comapanuevolaredo.gob.mx\\\/sitio\\\/#website\",\"url\":\"https:\\\/\\\/www.comapanuevolaredo.gob.mx\\\/sitio\\\/\",\"name\":\"Comapa Nuevo Laredo\",\"description\":\"Servicio y distribuci\u00f3n de agua potable y drenaje, planta potabilizadora en NLD, a orillas del R\u00edo Bravo, en la Frontera Norte de Tamaulipas, M\u00e9xico\",\"publisher\":{\"@id\":\"https:\\\/\\\/www.comapanuevolaredo.gob.mx\\\/sitio\\\/#organization\"},\"potentialAction\":[{\"@type\":\"SearchAction\",\"target\":{\"@type\":\"EntryPoint\",\"urlTemplate\":\"https:\\\/\\\/www.comapanuevolaredo.gob.mx\\\/sitio\\\/?s={search_term_string}\"},\"query-input\":{\"@type\":\"PropertyValueSpecification\",\"valueRequired\":true,\"valueName\":\"search_term_string\"}}],\"inLanguage\":\"es\"},{\"@type\":\"Organization\",\"@id\":\"https:\\\/\\\/www.comapanuevolaredo.gob.mx\\\/sitio\\\/#organization\",\"name\":\"Comapa Nuevo Laredo\",\"url\":\"https:\\\/\\\/www.comapanuevolaredo.gob.mx\\\/sitio\\\/\",\"logo\":{\"@type\":\"ImageObject\",\"inLanguage\":\"es\",\"@id\":\"https:\\\/\\\/www.comapanuevolaredo.gob.mx\\\/sitio\\\/#\\\/schema\\\/logo\\\/image\\\/\",\"url\":\"https:\\\/\\\/www.comapanuevolaredo.gob.mx\\\/sitio\\\/wp-content\\\/uploads\\\/2025\\\/02\\\/cropped-512.jpg\",\"contentUrl\":\"https:\\\/\\\/www.comapanuevolaredo.gob.mx\\\/sitio\\\/wp-content\\\/uploads\\\/2025\\\/02\\\/cropped-512.jpg\",\"width\":512,\"height\":512,\"caption\":\"Comapa Nuevo Laredo\"},\"image\":{\"@id\":\"https:\\\/\\\/www.comapanuevolaredo.gob.mx\\\/sitio\\\/#\\\/schema\\\/logo\\\/image\\\/\"},\"sameAs\":[\"https:\\\/\\\/www.facebook.com\\\/comapa.nuevolaredo\\\/\",\"https:\\\/\\\/x.com\\\/ComapaNvoLaredo\",\"https:\\\/\\\/www.instagram.com\\\/comapanld\\\/\"]}]}<\/script>\r\n<!-- \/ Yoast SEO plugin. -->","yoast_head_json":{"title":"Transparencia &#x1f50d; - Comapa Nuevo Laredo","robots":{"index":"index","follow":"follow","max-snippet":"max-snippet:-1","max-image-preview":"max-image-preview:large","max-video-preview":"max-video-preview:-1"},"canonical":"https:\/\/www.comapanuevolaredo.gob.mx\/sitio\/transparencia-2024\/","og_locale":"es_ES","og_type":"article","og_title":"Transparencia &#x1f50d; - Comapa Nuevo Laredo","og_description":"DE LAS OBLIGACIONES\u00a0 COMUNES DE TRANSPARENCIA ART\u00cdCULO 67 Los Sujetos Obligados deber\u00e1n poner a disposici\u00f3n del p\u00fablico y mantener actualizada, en los respectivos medios electr\u00f3nicos, de acuerdo a sus facultades, atribuciones, funciones u objeto social, seg\u00fan corresponda, la informaci\u00f3n, por lo menos, de los temas, documentos y pol\u00edticas que a continuaci\u00f3n se se\u00f1alan: Ley General [&hellip;]","og_url":"https:\/\/www.comapanuevolaredo.gob.mx\/sitio\/transparencia-2024\/","og_site_name":"Comapa Nuevo Laredo","article_publisher":"https:\/\/www.facebook.com\/comapa.nuevolaredo\/","article_modified_time":"2026-04-30T16:40:01+00:00","og_image":[{"width":2560,"height":1280,"url":"https:\/\/www.comapanuevolaredo.gob.mx\/sitio\/wp-content\/uploads\/2025\/02\/Port-Transparencia-scaled.jpg","type":"image\/jpeg"}],"twitter_card":"summary_large_image","twitter_site":"@ComapaNvoLaredo","twitter_misc":{"Tiempo de lectura":"3 minutos"},"schema":{"@context":"https:\/\/schema.org","@graph":[{"@type":"WebPage","@id":"https:\/\/www.comapanuevolaredo.gob.mx\/sitio\/transparencia-2024\/","url":"https:\/\/www.comapanuevolaredo.gob.mx\/sitio\/transparencia-2024\/","name":"Transparencia &#x1f50d; - Comapa Nuevo Laredo","isPartOf":{"@id":"https:\/\/www.comapanuevolaredo.gob.mx\/sitio\/#website"},"primaryImageOfPage":{"@id":"https:\/\/www.comapanuevolaredo.gob.mx\/sitio\/transparencia-2024\/#primaryimage"},"image":{"@id":"https:\/\/www.comapanuevolaredo.gob.mx\/sitio\/transparencia-2024\/#primaryimage"},"thumbnailUrl":"https:\/\/www.comapanuevolaredo.gob.mx\/sitio\/wp-content\/uploads\/2025\/02\/Port-Transparencia-scaled.jpg","datePublished":"2024-10-28T19:28:51+00:00","dateModified":"2026-04-30T16:40:01+00:00","breadcrumb":{"@id":"https:\/\/www.comapanuevolaredo.gob.mx\/sitio\/transparencia-2024\/#breadcrumb"},"inLanguage":"es","potentialAction":[{"@type":"ReadAction","target":["https:\/\/www.comapanuevolaredo.gob.mx\/sitio\/transparencia-2024\/"]}]},{"@type":"ImageObject","inLanguage":"es","@id":"https:\/\/www.comapanuevolaredo.gob.mx\/sitio\/transparencia-2024\/#primaryimage","url":"https:\/\/www.comapanuevolaredo.gob.mx\/sitio\/wp-content\/uploads\/2025\/02\/Port-Transparencia-scaled.jpg","contentUrl":"https:\/\/www.comapanuevolaredo.gob.mx\/sitio\/wp-content\/uploads\/2025\/02\/Port-Transparencia-scaled.jpg","width":2560,"height":1280},{"@type":"BreadcrumbList","@id":"https:\/\/www.comapanuevolaredo.gob.mx\/sitio\/transparencia-2024\/#breadcrumb","itemListElement":[{"@type":"ListItem","position":1,"name":"Home","item":"https:\/\/www.comapanuevolaredo.gob.mx\/sitio\/"},{"@type":"ListItem","position":2,"name":"Transparencia &#x1f50d;"}]},{"@type":"WebSite","@id":"https:\/\/www.comapanuevolaredo.gob.mx\/sitio\/#website","url":"https:\/\/www.comapanuevolaredo.gob.mx\/sitio\/","name":"Comapa Nuevo Laredo","description":"Servicio y distribuci\u00f3n de agua potable y drenaje, planta potabilizadora en NLD, a orillas del R\u00edo Bravo, en la Frontera Norte de Tamaulipas, M\u00e9xico","publisher":{"@id":"https:\/\/www.comapanuevolaredo.gob.mx\/sitio\/#organization"},"potentialAction":[{"@type":"SearchAction","target":{"@type":"EntryPoint","urlTemplate":"https:\/\/www.comapanuevolaredo.gob.mx\/sitio\/?s={search_term_string}"},"query-input":{"@type":"PropertyValueSpecification","valueRequired":true,"valueName":"search_term_string"}}],"inLanguage":"es"},{"@type":"Organization","@id":"https:\/\/www.comapanuevolaredo.gob.mx\/sitio\/#organization","name":"Comapa Nuevo Laredo","url":"https:\/\/www.comapanuevolaredo.gob.mx\/sitio\/","logo":{"@type":"ImageObject","inLanguage":"es","@id":"https:\/\/www.comapanuevolaredo.gob.mx\/sitio\/#\/schema\/logo\/image\/","url":"https:\/\/www.comapanuevolaredo.gob.mx\/sitio\/wp-content\/uploads\/2025\/02\/cropped-512.jpg","contentUrl":"https:\/\/www.comapanuevolaredo.gob.mx\/sitio\/wp-content\/uploads\/2025\/02\/cropped-512.jpg","width":512,"height":512,"caption":"Comapa Nuevo Laredo"},"image":{"@id":"https:\/\/www.comapanuevolaredo.gob.mx\/sitio\/#\/schema\/logo\/image\/"},"sameAs":["https:\/\/www.facebook.com\/comapa.nuevolaredo\/","https:\/\/x.com\/ComapaNvoLaredo","https:\/\/www.instagram.com\/comapanld\/"]}]}},"_links":{"self":[{"href":"https:\/\/www.comapanuevolaredo.gob.mx\/sitio\/wp-json\/wp\/v2\/pages\/13050","targetHints":{"allow":["GET"]}}],"collection":[{"href":"https:\/\/www.comapanuevolaredo.gob.mx\/sitio\/wp-json\/wp\/v2\/pages"}],"about":[{"href":"https:\/\/www.comapanuevolaredo.gob.mx\/sitio\/wp-json\/wp\/v2\/types\/page"}],"author":[{"embeddable":true,"href":"https:\/\/www.comapanuevolaredo.gob.mx\/sitio\/wp-json\/wp\/v2\/users\/1"}],"replies":[{"embeddable":true,"href":"https:\/\/www.comapanuevolaredo.gob.mx\/sitio\/wp-json\/wp\/v2\/comments?post=13050"}],"version-history":[{"count":15,"href":"https:\/\/www.comapanuevolaredo.gob.mx\/sitio\/wp-json\/wp\/v2\/pages\/13050\/revisions"}],"predecessor-version":[{"id":13815,"href":"https:\/\/www.comapanuevolaredo.gob.mx\/sitio\/wp-json\/wp\/v2\/pages\/13050\/revisions\/13815"}],"wp:featuredmedia":[{"embeddable":true,"href":"https:\/\/www.comapanuevolaredo.gob.mx\/sitio\/wp-json\/wp\/v2\/media\/13245"}],"wp:attachment":[{"href":"https:\/\/www.comapanuevolaredo.gob.mx\/sitio\/wp-json\/wp\/v2\/media?parent=13050"}],"curies":[{"name":"wp","href":"https:\/\/api.w.org\/{rel}","templated":true}]}}