{"id":10355,"date":"2021-04-08T13:21:50","date_gmt":"2021-04-08T19:21:50","guid":{"rendered":"https:\/\/www.comapanuevolaredo.gob.mx\/sitio\/?page_id=10355"},"modified":"2026-04-13T10:24:46","modified_gmt":"2026-04-13T16:24:46","slug":"4-2-1-situacion-del-agua-potable-drenaje-alcantarillado-tratamiento-y-disposicion-de-sus-aguas-residuales","status":"publish","type":"page","link":"https:\/\/www.comapanuevolaredo.gob.mx\/sitio\/4-2-1-situacion-del-agua-potable-drenaje-alcantarillado-tratamiento-y-disposicion-de-sus-aguas-residuales\/","title":{"rendered":"4.2.1"},"content":{"rendered":"<p>&nbsp;<\/p>\n<table class=\"aligncenter\">\n<tbody>\n<tr>\n<td><img loading=\"lazy\" decoding=\"async\" class=\"imgborder wp-image-2518 size-full alignleft\" src=\"https:\/\/www.comapanuevolaredo.gob.mx\/sitio\/wp-content\/uploads\/2021\/04\/4.2.1.png\" alt=\"\" width=\"80\" height=\"50\" \/> Situaci\u00f3n del Agua Potable, Drenaje, Alcantarillado, Tratamiento y Disposici\u00f3n de sus Aguas Residuales.<\/td>\n<\/tr>\n<tr>\n<td>2022<\/p>\n<ul>\n<li><a href=\"http:\/\/www.comapalocal.com\/nuevolaredo\/transparencia\/Archivos\/Tecnica\/2022\/1erTrim\/4.2.1 A) NUMERO DE VIVIENDAS PARTICULARES HABITADAS 2020 Y 2021.pdf\" target=\"_blank\" rel=\"noopener noreferrer\">a) N\u00famero de Viviendas Particulares Habitadas<\/a><\/li>\n<li><a href=\"http:\/\/www.comapalocal.com\/nuevolaredo\/transparencia\/Archivos\/Tecnica\/2022\/1erTrim\/4.2.1 B) SITUACION DEL AGUA POTABLE, DRENAJE, ALCANTARILLADO, TRATAMIENTO Y DISPOSICION.pdf\" target=\"_blank\" rel=\"noopener noreferrer\">b) N\u00famero de Viviendas Conectadas a un Sistema de Agua<\/a><\/li>\n<li><a href=\"http:\/\/www.comapalocal.com\/nuevolaredo\/transparencia\/Archivos\/Tecnica\/2022\/1erTrim\/4.2.1 C) SITUACION DEL AGUA POTABLE, DRENAJE, ALCANTARILLADO, TRATAMIENTO Y DISPOSICION.pdf\" target=\"_blank\" rel=\"noopener noreferrer\">c) N\u00famero de Viviendas Sin Toma de Agua Potable a 2020<\/a><\/li>\n<li><a href=\"http:\/\/www.comapalocal.com\/nuevolaredo\/transparencia\/Archivos\/Tecnica\/2022\/1erTrim\/4.2.1 D) SITUACION DEL AGUA POTABLE, DRENAJE, ALCANTARILLADO, TRATAMIENTO Y DISPOSICION.pdf\" target=\"_blank\" rel=\"noopener noreferrer\">d) N\u00famero de Viviendas Conectadas a un Sistema de Drenaje<\/a><\/li>\n<li><a href=\"http:\/\/www.comapalocal.com\/nuevolaredo\/transparencia\/Archivos\/Tecnica\/2022\/1erTrim\/4.2.1 E) SITUACION DEL AGUA POTABLE, DRENAJE, ALCANTARILLADO, TRATAMIENTO Y DISPOSICION.pdf\" target=\"_blank\" rel=\"noopener noreferrer\">e) N\u00famero de Viviendas Sin Drenaje a 2020<\/a><\/li>\n<li><a href=\"http:\/\/www.comapalocal.com\/nuevolaredo\/transparencia\/Archivos\/Tecnica\/2022\/1erTrim\/4.2.1 G) NUMERO DE TRAMOS DE CALLES SIN ALCANTARILLADO A\u00d1OS 2020 AL 2021.pdf\" target=\"_blank\" rel=\"noopener noreferrer\">g) N\u00famero de Tramos de Calle Sin Alcantarillado<\/a><\/li>\n<li><a href=\"http:\/\/www.comapalocal.com\/nuevolaredo\/transparencia\/Archivos\/Tecnica\/2022\/1erTrim\/4.2.1 H) Y I) SITUACION DEL AGUA POTABLE, DRENAJE, ALCANTARILLADO, TRATAMIENTO Y DISPOSICION.pdf\" target=\"_blank\" rel=\"noopener noreferrer\">h) Volumen de Aguas Residuales<\/a><\/li>\n<li><a href=\"http:\/\/www.comapalocal.com\/nuevolaredo\/transparencia\/Archivos\/Tecnica\/2022\/1erTrim\/4.2.1 H) Y I) SITUACION DEL AGUA POTABLE, DRENAJE, ALCANTARILLADO, TRATAMIENTO Y DISPOSICION.pdf\" target=\"_blank\" rel=\"noopener\">i) Volumen de Aguas Tratadas<\/a><\/li>\n<\/ul>\n<\/td>\n<\/tr>\n<tr>\n<td>2023<\/p>\n<ul>\n<li><a href=\"https:\/\/www.comapanuevolaredo.gob.mx\/sitio\/wp-content\/uploads\/2023\/03\/4.2.1-a-Situacion-del-agua-potable-drenaje-alcantarillado-tratamiento-y-disposicion-de-sus-aguas-residuales-revision-anual-2022.pdf\" target=\"_blank\" rel=\"noopener\">a) N\u00famero de Viviendas Particulares Habitadas 2022<\/a><\/li>\n<li><a href=\"https:\/\/www.comapanuevolaredo.gob.mx\/sitio\/wp-content\/uploads\/2023\/03\/4.2.1-b-Situacion-del-agua-potable-drenaje-alcantarillado-tratamiento-y-disposicion-de-sus-aguas-residuales-revision-anual-2022.pdf\" target=\"_blank\" rel=\"noopener\">b) N\u00famero de Viviendas Conectadas a un Sistema de Agua 2022<\/a><\/li>\n<li><a href=\"https:\/\/www.comapanuevolaredo.gob.mx\/sitio\/wp-content\/uploads\/2023\/03\/4.2.1-c-Situacion-del-agua-potable-drenaje-alcantarillado-tratamiento-y-disposicion-de-sus-aguas-residuales-revision-anual-2022.pdf\" target=\"_blank\" rel=\"noopener\">c) N\u00famero de Viviendas Sin Toma de Agua Potable a 2022<\/a><\/li>\n<li><a href=\"https:\/\/www.comapanuevolaredo.gob.mx\/sitio\/wp-content\/uploads\/2023\/03\/4.2.1-d-Situacion-del-agua-potable-drenaje-alcantarillado-tratamiento-y-disposicion-de-sus-aguas-residuales-revision-anual-2022.pdf\" target=\"_blank\" rel=\"noopener\">d) N\u00famero de Viviendas Conectadas a un Sistema de Drenaje 2022<\/a><\/li>\n<li><a href=\"https:\/\/www.comapanuevolaredo.gob.mx\/sitio\/wp-content\/uploads\/2023\/03\/4.2.1-e-Situacion-del-agua-potable-drenaje-alcantarillado-tratamiento-y-disposicion-de-sus-aguas-residuales-revision-anual-2022.pdf\" target=\"_blank\" rel=\"noopener\">e) N\u00famero de Viviendas Sin Drenaje a 2022<\/a><\/li>\n<li><a href=\"https:\/\/www.comapanuevolaredo.gob.mx\/sitio\/wp-content\/uploads\/2023\/03\/4.2.1-g-Situacion-del-agua-potable-drenaje-alcantarillado-tratamiento-y-disposicion-de-sus-aguas-residuales-revision-anual-2022.pdf\" target=\"_blank\" rel=\"noopener\">g) N\u00famero de Tramos de Calle sin Alcantarillado 2022<\/a><\/li>\n<li><a href=\"https:\/\/www.comapanuevolaredo.gob.mx\/sitio\/wp-content\/uploads\/2023\/03\/4.2.1-hi-Situacion-del-agua-potable-drenaje-alcantarillado-tratamiento-y-disposicion-de-sus-aguas-residuales-revision-anual-2022.pdf\" target=\"_blank\" rel=\"noopener\">h,i) Volumen de Aguas Residuales y Tratadas 2022<\/a><\/li>\n<\/ul>\n<\/td>\n<\/tr>\n<tr>\n<td>2024<\/p>\n<ul>\n<li style=\"list-style-type: none;\">\n<ul>\n<li style=\"list-style-type: none;\">\n<ul>\n<li style=\"text-align: left;\"><a href=\"https:\/\/www.comapanuevolaredo.gob.mx\/sitio\/wp-content\/uploads\/2025\/06\/4.2.1-a.pdf\" target=\"_blank\" rel=\"noopener\">4.2.1 a) Numero de viviendas particulares habitadas<\/a><\/li>\n<li style=\"text-align: left;\"><a href=\"https:\/\/www.comapanuevolaredo.gob.mx\/sitio\/wp-content\/uploads\/2025\/06\/4.2.1-b.pdf\" target=\"_blank\" rel=\"noopener\">4.2.1 b) Numero de viviendas conectadas a un sistema de agua<\/a><\/li>\n<li style=\"text-align: left;\"><a href=\"https:\/\/www.comapanuevolaredo.gob.mx\/sitio\/wp-content\/uploads\/2025\/06\/4.2.1-c.pdf\" target=\"_blank\" rel=\"noopener\">4.2.1 c) Numero de viviendas sin toma de agua potable en el a\u00f1o evaluado<\/a><\/li>\n<li style=\"text-align: left;\"><a href=\"https:\/\/www.comapanuevolaredo.gob.mx\/sitio\/wp-content\/uploads\/2025\/06\/4.2.1-d.pdf\" target=\"_blank\" rel=\"noopener\">4.2.1 d) Numero de viviendas conectadas a un sistema de drenaje<\/a><\/li>\n<li style=\"text-align: left;\"><a href=\"https:\/\/www.comapanuevolaredo.gob.mx\/sitio\/wp-content\/uploads\/2025\/06\/4.2.1-e.pdf\" target=\"_blank\" rel=\"noopener\">4.2.1 e) Numero de viviendas sin drenaje en el a\u00f1o evaluado<\/a><\/li>\n<li style=\"text-align: left;\"><a href=\"https:\/\/www.comapanuevolaredo.gob.mx\/sitio\/wp-content\/uploads\/2025\/06\/4.2.1-g.pdf\" target=\"_blank\" rel=\"noopener\">4.2.1 g) Numero de tramos de calle sin alcantarillado en el evaluado<\/a><\/li>\n<li style=\"text-align: left;\"><a href=\"https:\/\/www.comapanuevolaredo.gob.mx\/sitio\/wp-content\/uploads\/2025\/06\/4.2.1-h.pdf\" target=\"_blank\" rel=\"noopener\">4.2.1 h) Volumen de aguas residuales<\/a><\/li>\n<li style=\"text-align: left;\"><a href=\"https:\/\/www.comapanuevolaredo.gob.mx\/sitio\/wp-content\/uploads\/2025\/06\/4.2.1-i.pdf\" target=\"_blank\" rel=\"noopener\">4.2.1 i) Volumen de aguas tratadas<\/a><\/li>\n<\/ul>\n<\/li>\n<\/ul>\n<\/li>\n<\/ul>\n<\/td>\n<\/tr>\n<tr>\n<td>2025<\/p>\n<ul>\n<li><a href=\"https:\/\/www.comapanuevolaredo.gob.mx\/sitio\/wp-content\/uploads\/2026\/04\/4.2.1-a.pdf\" target=\"_blank\" rel=\"noopener\">a) N\u00famero de Viviendas Particulares Habitadas 2025<\/a><\/li>\n<li><a href=\"https:\/\/www.comapanuevolaredo.gob.mx\/sitio\/wp-content\/uploads\/2026\/04\/4.2.1-b.pdf\" target=\"_blank\" rel=\"noopener\">b) N\u00famero de Viviendas Conectadas a un Sistema de Agua 2025<\/a><\/li>\n<li><a href=\"https:\/\/www.comapanuevolaredo.gob.mx\/sitio\/wp-content\/uploads\/2026\/04\/4.2.1-c.pdf\" target=\"_blank\" rel=\"noopener\">c) N\u00famero de Viviendas Sin Toma de Agua Potable a 2025<\/a><\/li>\n<li><a href=\"https:\/\/www.comapanuevolaredo.gob.mx\/sitio\/wp-content\/uploads\/2026\/04\/4.2.1-d.pdf\" target=\"_blank\" rel=\"noopener\">d) N\u00famero de Viviendas Conectadas a un Sistema de Drenaje 2025<\/a><\/li>\n<li><a href=\"https:\/\/www.comapanuevolaredo.gob.mx\/sitio\/wp-content\/uploads\/2026\/04\/4.2.1-e.pdf\" target=\"_blank\" rel=\"noopener\">e) N\u00famero de Viviendas Sin Drenaje a 2025<\/a><\/li>\n<li><a href=\"https:\/\/www.comapanuevolaredo.gob.mx\/sitio\/wp-content\/uploads\/2026\/04\/4.2.1-g.pdf\" target=\"_blank\" rel=\"noopener\">g) N\u00famero de Tramos de Calle sin Alcantarillado 2025<\/a><\/li>\n<li><a href=\"https:\/\/www.comapanuevolaredo.gob.mx\/sitio\/wp-content\/uploads\/2026\/04\/4.2.1-h.pdf\" target=\"_blank\" rel=\"noopener\">h) Volumen de Aguas Residuales 2025<\/a><\/li>\n<li><a href=\"https:\/\/www.comapanuevolaredo.gob.mx\/sitio\/wp-content\/uploads\/2026\/04\/4.2.1-h.pdf\" target=\"_blank\" rel=\"noopener\">i) <\/a><a href=\"https:\/\/www.comapanuevolaredo.gob.mx\/sitio\/wp-content\/uploads\/2026\/04\/4.2.1-i.pdf\" target=\"_blank\" rel=\"noopener\">Volumen de Aguas Tratadas 2025<\/a><\/li>\n<\/ul>\n<\/td>\n<\/tr>\n<\/tbody>\n<\/table>\n<p>Nota: Si alg\u00fan link no es funcional, favor de reportarlo al correo transparencia@comapanuevolaredo.gob.mx<\/p>\n<p>&#x2705; Actualizado 13\/Abr\/2026<br \/>\n<!--\n \t\n\n<li>\n<a href='' target='_blank' rel=\"noopener\"><\/a><\/li>\n\n\n--><\/p>\n","protected":false},"excerpt":{"rendered":"<p>&nbsp; Situaci\u00f3n del Agua Potable, Drenaje, Alcantarillado, Tratamiento y Disposici\u00f3n de sus Aguas Residuales. 2022 a) N\u00famero de Viviendas Particulares Habitadas b) N\u00famero de Viviendas Conectadas a un Sistema de Agua c) N\u00famero de Viviendas Sin Toma de Agua Potable a 2020 d) N\u00famero de Viviendas Conectadas a un Sistema de Drenaje e) N\u00famero de [&hellip;]<\/p>\n","protected":false},"author":1,"featured_media":0,"parent":0,"menu_order":0,"comment_status":"closed","ping_status":"closed","template":"","meta":{"footnotes":""},"class_list":["post-10355","page","type-page","status-publish","hentry"],"yoast_head":"<!-- This site is optimized with the Yoast SEO plugin v27.3 - https:\/\/yoast.com\/product\/yoast-seo-wordpress\/ -->\r\n<title>4.2.1 - Comapa Nuevo Laredo<\/title>\r\n<meta name=\"robots\" content=\"index, follow, max-snippet:-1, max-image-preview:large, max-video-preview:-1\" \/>\r\n<link rel=\"canonical\" href=\"https:\/\/www.comapanuevolaredo.gob.mx\/sitio\/4-2-1-situacion-del-agua-potable-drenaje-alcantarillado-tratamiento-y-disposicion-de-sus-aguas-residuales\/\" \/>\r\n<meta property=\"og:locale\" content=\"es_ES\" \/>\r\n<meta property=\"og:type\" content=\"article\" \/>\r\n<meta property=\"og:title\" content=\"4.2.1 - Comapa Nuevo Laredo\" \/>\r\n<meta property=\"og:description\" content=\"&nbsp; Situaci\u00f3n del Agua Potable, Drenaje, Alcantarillado, Tratamiento y Disposici\u00f3n de sus Aguas Residuales. 2022 a) N\u00famero de Viviendas Particulares Habitadas b) N\u00famero de Viviendas Conectadas a un Sistema de Agua c) N\u00famero de Viviendas Sin Toma de Agua Potable a 2020 d) N\u00famero de Viviendas Conectadas a un Sistema de Drenaje e) N\u00famero de [&hellip;]\" \/>\r\n<meta property=\"og:url\" content=\"https:\/\/www.comapanuevolaredo.gob.mx\/sitio\/4-2-1-situacion-del-agua-potable-drenaje-alcantarillado-tratamiento-y-disposicion-de-sus-aguas-residuales\/\" \/>\r\n<meta property=\"og:site_name\" content=\"Comapa Nuevo Laredo\" \/>\r\n<meta property=\"article:publisher\" content=\"https:\/\/www.facebook.com\/comapa.nuevolaredo\/\" \/>\r\n<meta property=\"article:modified_time\" content=\"2026-04-13T16:24:46+00:00\" \/>\r\n<meta property=\"og:image\" content=\"https:\/\/www.comapanuevolaredo.gob.mx\/sitio\/wp-content\/uploads\/2016\/12\/2romanos.png\" \/>\r\n\t<meta property=\"og:image:width\" content=\"80\" \/>\r\n\t<meta property=\"og:image:height\" content=\"50\" \/>\r\n\t<meta property=\"og:image:type\" content=\"image\/png\" \/>\r\n<meta name=\"twitter:card\" content=\"summary_large_image\" \/>\r\n<meta name=\"twitter:site\" content=\"@ComapaNvoLaredo\" \/>\r\n<meta name=\"twitter:label1\" content=\"Tiempo de lectura\" \/>\n\t<meta name=\"twitter:data1\" content=\"2 minutos\" \/>\r\n<script type=\"application\/ld+json\" class=\"yoast-schema-graph\">{\"@context\":\"https:\\\/\\\/schema.org\",\"@graph\":[{\"@type\":\"WebPage\",\"@id\":\"https:\\\/\\\/www.comapanuevolaredo.gob.mx\\\/sitio\\\/4-2-1-situacion-del-agua-potable-drenaje-alcantarillado-tratamiento-y-disposicion-de-sus-aguas-residuales\\\/\",\"url\":\"https:\\\/\\\/www.comapanuevolaredo.gob.mx\\\/sitio\\\/4-2-1-situacion-del-agua-potable-drenaje-alcantarillado-tratamiento-y-disposicion-de-sus-aguas-residuales\\\/\",\"name\":\"4.2.1 - Comapa Nuevo Laredo\",\"isPartOf\":{\"@id\":\"https:\\\/\\\/www.comapanuevolaredo.gob.mx\\\/sitio\\\/#website\"},\"primaryImageOfPage\":{\"@id\":\"https:\\\/\\\/www.comapanuevolaredo.gob.mx\\\/sitio\\\/4-2-1-situacion-del-agua-potable-drenaje-alcantarillado-tratamiento-y-disposicion-de-sus-aguas-residuales\\\/#primaryimage\"},\"image\":{\"@id\":\"https:\\\/\\\/www.comapanuevolaredo.gob.mx\\\/sitio\\\/4-2-1-situacion-del-agua-potable-drenaje-alcantarillado-tratamiento-y-disposicion-de-sus-aguas-residuales\\\/#primaryimage\"},\"thumbnailUrl\":\"https:\\\/\\\/www.comapanuevolaredo.gob.mx\\\/sitio\\\/wp-content\\\/uploads\\\/2021\\\/04\\\/4.2.1.png\",\"datePublished\":\"2021-04-08T19:21:50+00:00\",\"dateModified\":\"2026-04-13T16:24:46+00:00\",\"breadcrumb\":{\"@id\":\"https:\\\/\\\/www.comapanuevolaredo.gob.mx\\\/sitio\\\/4-2-1-situacion-del-agua-potable-drenaje-alcantarillado-tratamiento-y-disposicion-de-sus-aguas-residuales\\\/#breadcrumb\"},\"inLanguage\":\"es\",\"potentialAction\":[{\"@type\":\"ReadAction\",\"target\":[\"https:\\\/\\\/www.comapanuevolaredo.gob.mx\\\/sitio\\\/4-2-1-situacion-del-agua-potable-drenaje-alcantarillado-tratamiento-y-disposicion-de-sus-aguas-residuales\\\/\"]}]},{\"@type\":\"ImageObject\",\"inLanguage\":\"es\",\"@id\":\"https:\\\/\\\/www.comapanuevolaredo.gob.mx\\\/sitio\\\/4-2-1-situacion-del-agua-potable-drenaje-alcantarillado-tratamiento-y-disposicion-de-sus-aguas-residuales\\\/#primaryimage\",\"url\":\"https:\\\/\\\/www.comapanuevolaredo.gob.mx\\\/sitio\\\/wp-content\\\/uploads\\\/2016\\\/12\\\/2romanos.png\",\"contentUrl\":\"https:\\\/\\\/www.comapanuevolaredo.gob.mx\\\/sitio\\\/wp-content\\\/uploads\\\/2016\\\/12\\\/2romanos.png\",\"width\":80,\"height\":50},{\"@type\":\"BreadcrumbList\",\"@id\":\"https:\\\/\\\/www.comapanuevolaredo.gob.mx\\\/sitio\\\/4-2-1-situacion-del-agua-potable-drenaje-alcantarillado-tratamiento-y-disposicion-de-sus-aguas-residuales\\\/#breadcrumb\",\"itemListElement\":[{\"@type\":\"ListItem\",\"position\":1,\"name\":\"Home\",\"item\":\"https:\\\/\\\/www.comapanuevolaredo.gob.mx\\\/sitio\\\/\"},{\"@type\":\"ListItem\",\"position\":2,\"name\":\"4.2.1\"}]},{\"@type\":\"WebSite\",\"@id\":\"https:\\\/\\\/www.comapanuevolaredo.gob.mx\\\/sitio\\\/#website\",\"url\":\"https:\\\/\\\/www.comapanuevolaredo.gob.mx\\\/sitio\\\/\",\"name\":\"Comapa Nuevo Laredo\",\"description\":\"Servicio y distribuci\u00f3n de agua potable y drenaje, planta potabilizadora en NLD, a orillas del R\u00edo Bravo, en la Frontera Norte de Tamaulipas, M\u00e9xico\",\"publisher\":{\"@id\":\"https:\\\/\\\/www.comapanuevolaredo.gob.mx\\\/sitio\\\/#organization\"},\"potentialAction\":[{\"@type\":\"SearchAction\",\"target\":{\"@type\":\"EntryPoint\",\"urlTemplate\":\"https:\\\/\\\/www.comapanuevolaredo.gob.mx\\\/sitio\\\/?s={search_term_string}\"},\"query-input\":{\"@type\":\"PropertyValueSpecification\",\"valueRequired\":true,\"valueName\":\"search_term_string\"}}],\"inLanguage\":\"es\"},{\"@type\":\"Organization\",\"@id\":\"https:\\\/\\\/www.comapanuevolaredo.gob.mx\\\/sitio\\\/#organization\",\"name\":\"Comapa Nuevo Laredo\",\"url\":\"https:\\\/\\\/www.comapanuevolaredo.gob.mx\\\/sitio\\\/\",\"logo\":{\"@type\":\"ImageObject\",\"inLanguage\":\"es\",\"@id\":\"https:\\\/\\\/www.comapanuevolaredo.gob.mx\\\/sitio\\\/#\\\/schema\\\/logo\\\/image\\\/\",\"url\":\"https:\\\/\\\/www.comapanuevolaredo.gob.mx\\\/sitio\\\/wp-content\\\/uploads\\\/2025\\\/02\\\/cropped-512.jpg\",\"contentUrl\":\"https:\\\/\\\/www.comapanuevolaredo.gob.mx\\\/sitio\\\/wp-content\\\/uploads\\\/2025\\\/02\\\/cropped-512.jpg\",\"width\":512,\"height\":512,\"caption\":\"Comapa Nuevo Laredo\"},\"image\":{\"@id\":\"https:\\\/\\\/www.comapanuevolaredo.gob.mx\\\/sitio\\\/#\\\/schema\\\/logo\\\/image\\\/\"},\"sameAs\":[\"https:\\\/\\\/www.facebook.com\\\/comapa.nuevolaredo\\\/\",\"https:\\\/\\\/x.com\\\/ComapaNvoLaredo\",\"https:\\\/\\\/www.instagram.com\\\/comapanld\\\/\"]}]}<\/script>\r\n<!-- \/ Yoast SEO plugin. -->","yoast_head_json":{"title":"4.2.1 - Comapa Nuevo Laredo","robots":{"index":"index","follow":"follow","max-snippet":"max-snippet:-1","max-image-preview":"max-image-preview:large","max-video-preview":"max-video-preview:-1"},"canonical":"https:\/\/www.comapanuevolaredo.gob.mx\/sitio\/4-2-1-situacion-del-agua-potable-drenaje-alcantarillado-tratamiento-y-disposicion-de-sus-aguas-residuales\/","og_locale":"es_ES","og_type":"article","og_title":"4.2.1 - Comapa Nuevo Laredo","og_description":"&nbsp; Situaci\u00f3n del Agua Potable, Drenaje, Alcantarillado, Tratamiento y Disposici\u00f3n de sus Aguas Residuales. 2022 a) N\u00famero de Viviendas Particulares Habitadas b) N\u00famero de Viviendas Conectadas a un Sistema de Agua c) N\u00famero de Viviendas Sin Toma de Agua Potable a 2020 d) N\u00famero de Viviendas Conectadas a un Sistema de Drenaje e) N\u00famero de [&hellip;]","og_url":"https:\/\/www.comapanuevolaredo.gob.mx\/sitio\/4-2-1-situacion-del-agua-potable-drenaje-alcantarillado-tratamiento-y-disposicion-de-sus-aguas-residuales\/","og_site_name":"Comapa Nuevo Laredo","article_publisher":"https:\/\/www.facebook.com\/comapa.nuevolaredo\/","article_modified_time":"2026-04-13T16:24:46+00:00","og_image":[{"width":80,"height":50,"url":"https:\/\/www.comapanuevolaredo.gob.mx\/sitio\/wp-content\/uploads\/2016\/12\/2romanos.png","type":"image\/png"}],"twitter_card":"summary_large_image","twitter_site":"@ComapaNvoLaredo","twitter_misc":{"Tiempo de lectura":"2 minutos"},"schema":{"@context":"https:\/\/schema.org","@graph":[{"@type":"WebPage","@id":"https:\/\/www.comapanuevolaredo.gob.mx\/sitio\/4-2-1-situacion-del-agua-potable-drenaje-alcantarillado-tratamiento-y-disposicion-de-sus-aguas-residuales\/","url":"https:\/\/www.comapanuevolaredo.gob.mx\/sitio\/4-2-1-situacion-del-agua-potable-drenaje-alcantarillado-tratamiento-y-disposicion-de-sus-aguas-residuales\/","name":"4.2.1 - Comapa Nuevo Laredo","isPartOf":{"@id":"https:\/\/www.comapanuevolaredo.gob.mx\/sitio\/#website"},"primaryImageOfPage":{"@id":"https:\/\/www.comapanuevolaredo.gob.mx\/sitio\/4-2-1-situacion-del-agua-potable-drenaje-alcantarillado-tratamiento-y-disposicion-de-sus-aguas-residuales\/#primaryimage"},"image":{"@id":"https:\/\/www.comapanuevolaredo.gob.mx\/sitio\/4-2-1-situacion-del-agua-potable-drenaje-alcantarillado-tratamiento-y-disposicion-de-sus-aguas-residuales\/#primaryimage"},"thumbnailUrl":"https:\/\/www.comapanuevolaredo.gob.mx\/sitio\/wp-content\/uploads\/2021\/04\/4.2.1.png","datePublished":"2021-04-08T19:21:50+00:00","dateModified":"2026-04-13T16:24:46+00:00","breadcrumb":{"@id":"https:\/\/www.comapanuevolaredo.gob.mx\/sitio\/4-2-1-situacion-del-agua-potable-drenaje-alcantarillado-tratamiento-y-disposicion-de-sus-aguas-residuales\/#breadcrumb"},"inLanguage":"es","potentialAction":[{"@type":"ReadAction","target":["https:\/\/www.comapanuevolaredo.gob.mx\/sitio\/4-2-1-situacion-del-agua-potable-drenaje-alcantarillado-tratamiento-y-disposicion-de-sus-aguas-residuales\/"]}]},{"@type":"ImageObject","inLanguage":"es","@id":"https:\/\/www.comapanuevolaredo.gob.mx\/sitio\/4-2-1-situacion-del-agua-potable-drenaje-alcantarillado-tratamiento-y-disposicion-de-sus-aguas-residuales\/#primaryimage","url":"https:\/\/www.comapanuevolaredo.gob.mx\/sitio\/wp-content\/uploads\/2016\/12\/2romanos.png","contentUrl":"https:\/\/www.comapanuevolaredo.gob.mx\/sitio\/wp-content\/uploads\/2016\/12\/2romanos.png","width":80,"height":50},{"@type":"BreadcrumbList","@id":"https:\/\/www.comapanuevolaredo.gob.mx\/sitio\/4-2-1-situacion-del-agua-potable-drenaje-alcantarillado-tratamiento-y-disposicion-de-sus-aguas-residuales\/#breadcrumb","itemListElement":[{"@type":"ListItem","position":1,"name":"Home","item":"https:\/\/www.comapanuevolaredo.gob.mx\/sitio\/"},{"@type":"ListItem","position":2,"name":"4.2.1"}]},{"@type":"WebSite","@id":"https:\/\/www.comapanuevolaredo.gob.mx\/sitio\/#website","url":"https:\/\/www.comapanuevolaredo.gob.mx\/sitio\/","name":"Comapa Nuevo Laredo","description":"Servicio y distribuci\u00f3n de agua potable y drenaje, planta potabilizadora en NLD, a orillas del R\u00edo Bravo, en la Frontera Norte de Tamaulipas, M\u00e9xico","publisher":{"@id":"https:\/\/www.comapanuevolaredo.gob.mx\/sitio\/#organization"},"potentialAction":[{"@type":"SearchAction","target":{"@type":"EntryPoint","urlTemplate":"https:\/\/www.comapanuevolaredo.gob.mx\/sitio\/?s={search_term_string}"},"query-input":{"@type":"PropertyValueSpecification","valueRequired":true,"valueName":"search_term_string"}}],"inLanguage":"es"},{"@type":"Organization","@id":"https:\/\/www.comapanuevolaredo.gob.mx\/sitio\/#organization","name":"Comapa Nuevo Laredo","url":"https:\/\/www.comapanuevolaredo.gob.mx\/sitio\/","logo":{"@type":"ImageObject","inLanguage":"es","@id":"https:\/\/www.comapanuevolaredo.gob.mx\/sitio\/#\/schema\/logo\/image\/","url":"https:\/\/www.comapanuevolaredo.gob.mx\/sitio\/wp-content\/uploads\/2025\/02\/cropped-512.jpg","contentUrl":"https:\/\/www.comapanuevolaredo.gob.mx\/sitio\/wp-content\/uploads\/2025\/02\/cropped-512.jpg","width":512,"height":512,"caption":"Comapa Nuevo Laredo"},"image":{"@id":"https:\/\/www.comapanuevolaredo.gob.mx\/sitio\/#\/schema\/logo\/image\/"},"sameAs":["https:\/\/www.facebook.com\/comapa.nuevolaredo\/","https:\/\/x.com\/ComapaNvoLaredo","https:\/\/www.instagram.com\/comapanld\/"]}]}},"_links":{"self":[{"href":"https:\/\/www.comapanuevolaredo.gob.mx\/sitio\/wp-json\/wp\/v2\/pages\/10355","targetHints":{"allow":["GET"]}}],"collection":[{"href":"https:\/\/www.comapanuevolaredo.gob.mx\/sitio\/wp-json\/wp\/v2\/pages"}],"about":[{"href":"https:\/\/www.comapanuevolaredo.gob.mx\/sitio\/wp-json\/wp\/v2\/types\/page"}],"author":[{"embeddable":true,"href":"https:\/\/www.comapanuevolaredo.gob.mx\/sitio\/wp-json\/wp\/v2\/users\/1"}],"replies":[{"embeddable":true,"href":"https:\/\/www.comapanuevolaredo.gob.mx\/sitio\/wp-json\/wp\/v2\/comments?post=10355"}],"version-history":[{"count":40,"href":"https:\/\/www.comapanuevolaredo.gob.mx\/sitio\/wp-json\/wp\/v2\/pages\/10355\/revisions"}],"predecessor-version":[{"id":13917,"href":"https:\/\/www.comapanuevolaredo.gob.mx\/sitio\/wp-json\/wp\/v2\/pages\/10355\/revisions\/13917"}],"wp:attachment":[{"href":"https:\/\/www.comapanuevolaredo.gob.mx\/sitio\/wp-json\/wp\/v2\/media?parent=10355"}],"curies":[{"name":"wp","href":"https:\/\/api.w.org\/{rel}","templated":true}]}}